{"id":378,"date":"2024-10-02T17:19:57","date_gmt":"2024-10-02T17:19:57","guid":{"rendered":"https:\/\/alles-ueber-riffe.de\/?page_id=378"},"modified":"2024-10-18T16:48:38","modified_gmt":"2024-10-18T16:48:38","slug":"impressum-kontakt","status":"publish","type":"page","link":"https:\/\/alles-ueber-riffe.de\/?page_id=378","title":{"rendered":"Impressum &amp; Kontakt"},"content":{"rendered":"\n<h1 class=\"wp-block-heading\">Impressum<\/h1>\n\n\n\n<p>www.alles-ueber-riffe.de<br>ist eine Webseite von:<\/p>\n\n\n\n<p>our-planet.berlin GmbH&nbsp;<br>Gro\u00dfbeerenstrasse 2-10&nbsp;<br>12107 Berlin&nbsp;<\/p>\n\n\n\n<p><a href=\"mailto:info@our-planet.berlin\">info@our-planet.berlin&nbsp;<\/a><br><\/p>\n\n\n\n<p>Telefon: +49-(0)176 55008506<\/p>\n\n\n\n<p>Gesch\u00e4ftsf\u00fchrer: Heinz Krimmer&nbsp;<br>Handelsregister: HRB 162305 B&nbsp;<br>Registergericht: Amtsgericht Charlottenburg&nbsp;<br>Ust-IdNr.: DE297471926<\/p>\n\n\n\n<hr class=\"wp-block-separator has-alpha-channel-opacity is-style-wide\"\/>\n\n\n\n<h2 class=\"wp-block-heading\">Rechtliche Hinweise &amp; Haftungsausschluss<\/h2>\n\n\n\n<p><strong>Links &amp; Verweise<\/strong><\/p>\n\n\n\n<p>Alles-\u00fcber-Riffe.de enth\u00e4lt Links zu externen Webseiten Dritter, auf deren Inhalte wir keinen Einfluss haben. Our-planet.de als Betreiber dieser Webseite kann f\u00fcr diese fremden Inhalte jedoch keine Gew\u00e4hr \u00fcbernehmen. F\u00fcr die Inhalte der verlinkten Seiten ist stets der jeweilige Anbieter oder Betreiber der Seiten verantwortlich. Die verlinkten Seiten wurden zum Zeitpunkt der Verlinkung auf m\u00f6gliche Rechtsverst\u00f6\u00dfe \u00fcberpr\u00fcft. Rechtswidrige Inhalte waren zum Zeitpunkt der Verlinkung nicht erkennbar. Eine permanente inhaltliche Kontrolle der verlinkten Seiten ist jedoch ohne konkrete Anhaltspunkte einer Rechtsverletzung nicht m\u00f6glich. Bei Bekanntwerden von Rechtsverletzungen werden wir die betroffenen Links umgehend entfernen.<\/p>\n\n\n\n<p><strong>Copyright<\/strong><\/p>\n\n\n\n<p>Die durch die our-planet.berlin f\u00fcr &#8222;alles-\u00fcber-Riffe.de&#8220; erstellten Inhalte und Werke auf diesen Seiten unterliegen dem deutschen Urheberrecht. Eine Vervielf\u00e4ltigung, Bearbeitung, Verbreitung und jede Art der Verwertung au\u00dferhalb der Grenzen des Urheberrechtes, bed\u00fcrfen der schriftlichen Zustimmung des jeweiligen Autors bzw. our-planet.berlin. Auch eine Nutzung durch Dritte, um KI-Software zu trainieren ist ohne schriftliche Zustimmung von our-planet.berlin nicht gestattet. Downloads und Kopien dieser Seite sind nicht gestattet. Soweit die Inhalte auf dieser Seite nicht vom Betreiber erstellt wurden, werden die Urheberrechte Dritter beachtet. Insbesondere werden Inhalte Dritter als solche gekennzeichnet. Sollten Sie trotzdem auf eine Urheberrechtsverletzung aufmerksam werden, bitten wir um einen entsprechenden Hinweis. Bei Bekanntwerden von Rechtsverletzungen werden wir derartige Inhalte umgehend entfernen.<\/p>\n\n\n\n<p><strong>Inhalte dieser Webseiten<\/strong><\/p>\n\n\n\n<p>Our-planet.berlin ist gem\u00e4\u00df \u00a7 7 Abs.1 TMG f\u00fcr die Inhalte auf allen Seiten von &#8222;Alles-\u00fcber-Riffe.de&#8220; verantwortlich. Nach \u00a7\u00a7 8 bis 10 TMG ist our-planet.berlin jedoch nicht verpflichtet, \u00fcbermittelte oder gespeicherte fremde Informationen zu \u00fcberwachen oder nach Umst\u00e4nden zu forschen, die auf eine rechtswidrige T\u00e4tigkeit hinweisen. Verpflichtungen zur Entfernung oder Sperrung der Nutzung von Informationen nach den allgemeinen Gesetzen bleiben hiervon unber\u00fchrt. Eine diesbez\u00fcgliche Haftung ist jedoch erst ab dem Zeitpunkt der Kenntnis einer konkreten Rechtsverletzung m\u00f6glich. Bei Bekanntwerden von entsprechenden Rechtsverletzungen werden wir diese Inhalte umgehend entfernen.<\/p>\n","protected":false},"excerpt":{"rendered":"<p>Impressum www.alles-ueber-riffe.deist eine Webseite von: our-planet.berlin GmbH&nbsp;Gro\u00dfbeerenstrasse 2-10&nbsp;12107 Berlin&nbsp; info@our-planet.berlin&nbsp; Telefon: +49-(0)176 55008506 Gesch\u00e4ftsf\u00fchrer: Heinz Krimmer&nbsp;Handelsregister: HRB 162305 B&nbsp;Registergericht: Amtsgericht Charlottenburg&nbsp;Ust-IdNr.: DE297471926 Rechtliche Hinweise &amp; Haftungsausschluss Links &amp; Verweise Alles-\u00fcber-Riffe.de enth\u00e4lt Links zu externen Webseiten Dritter, auf deren Inhalte wir keinen Einfluss haben. Our-planet.de als Betreiber dieser Webseite kann f\u00fcr diese fremden Inhalte jedoch keine &hellip; <\/p>\n<p class=\"link-more\"><a href=\"https:\/\/alles-ueber-riffe.de\/?page_id=378\" class=\"more-link\"><span class=\"screen-reader-text\">\u201eImpressum &amp; Kontakt\u201c<\/span> weiterlesen<\/a><\/p>\n","protected":false},"author":1,"featured_media":0,"parent":0,"menu_order":0,"comment_status":"closed","ping_status":"closed","template":"","meta":{"footnotes":""},"class_list":["post-378","page","type-page","status-publish","hentry"],"_links":{"self":[{"href":"https:\/\/alles-ueber-riffe.de\/index.php?rest_route=\/wp\/v2\/pages\/378","targetHints":{"allow":["GET"]}}],"collection":[{"href":"https:\/\/alles-ueber-riffe.de\/index.php?rest_route=\/wp\/v2\/pages"}],"about":[{"href":"https:\/\/alles-ueber-riffe.de\/index.php?rest_route=\/wp\/v2\/types\/page"}],"author":[{"embeddable":true,"href":"https:\/\/alles-ueber-riffe.de\/index.php?rest_route=\/wp\/v2\/users\/1"}],"replies":[{"embeddable":true,"href":"https:\/\/alles-ueber-riffe.de\/index.php?rest_route=%2Fwp%2Fv2%2Fcomments&post=378"}],"version-history":[{"count":7,"href":"https:\/\/alles-ueber-riffe.de\/index.php?rest_route=\/wp\/v2\/pages\/378\/revisions"}],"predecessor-version":[{"id":958,"href":"https:\/\/alles-ueber-riffe.de\/index.php?rest_route=\/wp\/v2\/pages\/378\/revisions\/958"}],"wp:attachment":[{"href":"https:\/\/alles-ueber-riffe.de\/index.php?rest_route=%2Fwp%2Fv2%2Fmedia&parent=378"}],"curies":[{"name":"wp","href":"https:\/\/api.w.org\/{rel}","templated":true}]}}