{"id":3763,"date":"2024-12-09T17:30:28","date_gmt":"2024-12-09T17:30:28","guid":{"rendered":"https:\/\/alles-ueber-riffe.de\/?page_id=3763"},"modified":"2024-12-09T17:41:39","modified_gmt":"2024-12-09T17:41:39","slug":"alles-ueber-seekuehe","status":"publish","type":"page","link":"https:\/\/alles-ueber-riffe.de\/?page_id=3763","title":{"rendered":"Alles \u00fcber Seek\u00fche"},"content":{"rendered":"\n<p>Die Stellersche Seekuh (<em>Hydrodamalis gigas)<\/em>&nbsp;h\u00e4lt einen der traurigsten Rekorde der Welt: Sie ist wohl das am schnellsten aus\u00adgestorbene S\u00e4ugetier. 1768, nur 27 Jahre nach ihrer Entdeckung hatten die Menschen sie schon ausgerottet.<\/p>\n\n\n\n<p>Seek\u00fche sind neben den Walen, den Robben und den Seeelefanten die vierte Gruppe der S\u00e4ugetiere, die im Meer leben. Genau wie die Wale entwickelten sich Seek\u00fche aus landlebenden S\u00e4ugetieren, die wieder ins Meer zur\u00fcck gingen. Die n\u00e4chsten lebenden Verwandten der Seek\u00fche sind demnach die Elefanten. Insgesamt gibt es vier Seekuharten, die sich in Rundschwanz und Gabelschwanzseek\u00fche unterteilen. Im Indopazifik ist nur eine Art heimisch: Der Dugong Dugong, eine Gabelschwanzsehkuh.<\/p>\n\n\n\n<p>Seek\u00fche sind Vegetarier. Ihr Speiseplan: Morgens Seegras, Mittags Seegras und Abends Seegras. Ab und zu ein H\u00e4ppchen Algen dazwischen. Im Grunde fressen sie den ganzen Tag. Mit bis zu 2,5 m L\u00e4nge und massigem K\u00f6rper mit mehreren hundert Kilo, sind sie auch nicht die schlankesten. Sie werden mit ca. acht Jahren geschlechtsreif. Nach einer ca.12 monatigen Tragzeit wird das Junge geboren. Es bleibt noch fast zwei Jahre bei der Mutter, bevor es selbstst\u00e4ndig wird. Seek\u00fche k\u00f6nnen bis zu 60 Jahre alt werden.<\/p>\n\n\n\n<p>Christoph Kolumbus beschrieb als einer der ersten die karibischen Seekuh und begr\u00fcndete durch seine Darstellung die Legende der Meerjungfrauen. Eine historische Postkarte aus dem 19. Jahrhundert, zeigt ein Foto einer Seekuh, die mit B\u00fcrstenhalter und Per\u00fccke in eine Frau verwandelt wurde. Man muss also schon kr\u00e4ftig nachhelfen, um einer Seekuh ein wenig Erotik einzuhauchen. Sie sind fett, rund, vernarbt und bis zu 2,5 m lang. Nur wer monatelang auf See unter Frauenmangel litt, dem mag das egal sein.<\/p>\n\n\n\n<p>Alle Seek\u00fche sind auf der Liste der IUCN als vom Aussterben bedroht gelistet. Vermutlich existieren nur noch in Florida, den Philippinen und im Norden Australiens \u00fcberlebensf\u00e4hige Populationen.<\/p>\n","protected":false},"excerpt":{"rendered":"<p>Die Stellersche Seekuh (Hydrodamalis gigas)&nbsp;h\u00e4lt einen der traurigsten Rekorde der Welt: Sie ist wohl das am schnellsten aus\u00adgestorbene S\u00e4ugetier. 1768, nur 27 Jahre nach ihrer Entdeckung hatten die Menschen sie schon ausgerottet. Seek\u00fche sind neben den Walen, den Robben und den Seeelefanten die vierte Gruppe der S\u00e4ugetiere, die im Meer leben. Genau wie die Wale &hellip; <\/p>\n<p class=\"link-more\"><a href=\"https:\/\/alles-ueber-riffe.de\/?page_id=3763\" class=\"more-link\"><span class=\"screen-reader-text\">\u201eAlles \u00fcber Seek\u00fche\u201c<\/span> weiterlesen<\/a><\/p>\n","protected":false},"author":1,"featured_media":0,"parent":0,"menu_order":0,"comment_status":"closed","ping_status":"closed","template":"","meta":{"footnotes":""},"class_list":["post-3763","page","type-page","status-publish","hentry"],"_links":{"self":[{"href":"https:\/\/alles-ueber-riffe.de\/index.php?rest_route=\/wp\/v2\/pages\/3763","targetHints":{"allow":["GET"]}}],"collection":[{"href":"https:\/\/alles-ueber-riffe.de\/index.php?rest_route=\/wp\/v2\/pages"}],"about":[{"href":"https:\/\/alles-ueber-riffe.de\/index.php?rest_route=\/wp\/v2\/types\/page"}],"author":[{"embeddable":true,"href":"https:\/\/alles-ueber-riffe.de\/index.php?rest_route=\/wp\/v2\/users\/1"}],"replies":[{"embeddable":true,"href":"https:\/\/alles-ueber-riffe.de\/index.php?rest_route=%2Fwp%2Fv2%2Fcomments&post=3763"}],"version-history":[{"count":2,"href":"https:\/\/alles-ueber-riffe.de\/index.php?rest_route=\/wp\/v2\/pages\/3763\/revisions"}],"predecessor-version":[{"id":3780,"href":"https:\/\/alles-ueber-riffe.de\/index.php?rest_route=\/wp\/v2\/pages\/3763\/revisions\/3780"}],"wp:attachment":[{"href":"https:\/\/alles-ueber-riffe.de\/index.php?rest_route=%2Fwp%2Fv2%2Fmedia&parent=3763"}],"curies":[{"name":"wp","href":"https:\/\/api.w.org\/{rel}","templated":true}]}}