{"id":3761,"date":"2024-12-09T17:30:15","date_gmt":"2024-12-09T17:30:15","guid":{"rendered":"https:\/\/alles-ueber-riffe.de\/?page_id=3761"},"modified":"2025-03-28T16:00:36","modified_gmt":"2025-03-28T16:00:36","slug":"meeresschildkroeten","status":"publish","type":"page","link":"https:\/\/alles-ueber-riffe.de\/?page_id=3761","title":{"rendered":"Alles \u00fcber Meeresschildkr\u00f6ten"},"content":{"rendered":"\n<p>Das Meer ist nicht wirklich der bevorzugte Lebensraum von Reptilien. Nur wenige Arten leben deshalb in den Ozeanen. Salzwasserkrokodile, Seeschlangen, Meeresschildkr\u00f6ten und eine Echsenart, die nur auf Galapagos vorkommt. <\/p>\n\n\n\n<figure class=\"wp-block-image size-full\"><img loading=\"lazy\" decoding=\"async\" width=\"960\" height=\"640\" src=\"https:\/\/alles-ueber-riffe.de\/wp-content\/uploads\/2025\/03\/gruene_schildkroete_960_640.jpg\" alt=\"\" class=\"wp-image-11050\" srcset=\"https:\/\/alles-ueber-riffe.de\/wp-content\/uploads\/2025\/03\/gruene_schildkroete_960_640.jpg 960w, https:\/\/alles-ueber-riffe.de\/wp-content\/uploads\/2025\/03\/gruene_schildkroete_960_640-300x200.jpg 300w, https:\/\/alles-ueber-riffe.de\/wp-content\/uploads\/2025\/03\/gruene_schildkroete_960_640-768x512.jpg 768w\" sizes=\"auto, (max-width: 767px) 89vw, (max-width: 1000px) 54vw, (max-width: 1071px) 543px, 580px\" \/><figcaption class=\"wp-element-caption\">Eine gr\u00fcne Meeresschildkr\u00f6te holt Luft an der Meeresoberfl\u00e4che. Ein Zeichen, dass sie einst Landlebewesen waren und im Laufe ihrer evolution\u00e4ren Entwicklung wieder in die Ozeane zur\u00fcckgekehrt sind. <em>\u00a9 Heinz Krimmer<\/em><\/figcaption><\/figure>\n\n\n\n<p><\/p>\n\n\n\n<p>Seeschlangen und Schildkr\u00f6ten leben permanent im Wasser. Zur Eiablage allerdings kommen auch Schildkr\u00f6ten wieder an Land. Ein Relikt ihrer evolution\u00e4ren Entwicklung aus den Landschildkr\u00f6ten. Dabei kehren die Weibchen an den Strand zur\u00fcck, an dem sie selbst geschl\u00fcpft sind. Eine unglaubliche Navigationsleistung unter Nutzung des Erdmagnetfeldes. Bis es soweit ist, sind je nach Art bis zur Geschlechtsreife mehrere Jahre und lange Wanderungen durch die Ozeane vergangen.<\/p>\n\n\n\n<p>Meeresschildkr\u00f6ten Weibchen paaren sich mit mehreren M\u00e4nnchen. Bis es zur Befruchtung der Eier kommt, k\u00f6nnen sie den Samen in ihrem K\u00f6rper zwischenlagern. Die Weibchen legen ihre zahlreichen Eier oft zur selben Zeit ab, denn je mehr Junge gleichzeitig schl\u00fcpfen, umso gr\u00f6\u00dfer ist ihre \u00dcberlebenschance in den ersten Minuten ihres Lebens. Am Ende so sch\u00e4tzen Biologen, wird nur eine von hundert der kleinen Schildkr\u00f6ten die Geschlechtsreife erreichen. Wie bei vielen Reptilien bestimmt die Temperatur im Gelege das Geschlecht. Bis ca. 30 Grad werden M\u00e4nnchen geboren, liegt die Temperatur dar\u00fcber Weibchen. Damit sind Meeresschildkr\u00f6ten von einer Erderw\u00e4rmung besonders betroffen, denn bei steigenden Temperaturen sterben die M\u00e4nnchen aus.<\/p>\n\n\n\n<p>Wie alle Reptilien haben Meeresschildkr\u00f6ten Lungen und m\u00fcssen zum Atmen an die Wasseroberfl\u00e4che. Auch k\u00f6nnen Meeresschildkr\u00f6ten l\u00e4ngere Zeit an Land \u00fcberleben. Was auf den ersten Blick als \u00dcberlebensvorteil aussieht, entpuppte sich als t\u00f6dlicher Nachteil. Schnell hatten die Seefahrer entdeckt, dass man Schildkr\u00f6ten als lebenden Proviant einlagern und bei Bedarf schlachten konnte. Sp\u00e4ter sollte dieses Schicksal auch die gro\u00dfen Landschildkr\u00f6ten treffen. Schildkr\u00f6ten und deren Eier dienten dem Menschen schon immer als Nahrungsquelle.<\/p>\n\n\n\n<figure class=\"wp-block-image size-full\"><img loading=\"lazy\" decoding=\"async\" width=\"1024\" height=\"808\" src=\"https:\/\/alles-ueber-riffe.de\/wp-content\/uploads\/2025\/03\/49615-1024.jpg\" alt=\"\" class=\"wp-image-11052\" srcset=\"https:\/\/alles-ueber-riffe.de\/wp-content\/uploads\/2025\/03\/49615-1024.jpg 1024w, https:\/\/alles-ueber-riffe.de\/wp-content\/uploads\/2025\/03\/49615-1024-300x237.jpg 300w, https:\/\/alles-ueber-riffe.de\/wp-content\/uploads\/2025\/03\/49615-1024-768x606.jpg 768w\" sizes=\"auto, (max-width: 767px) 89vw, (max-width: 1000px) 54vw, (max-width: 1071px) 543px, 580px\" \/><figcaption class=\"wp-element-caption\">Meeresschildkr\u00f6ten sind gen\u00fcgsam. Sie k\u00f6nnen lange ohne Nahrung auskommen. Das wurde ihnen in der Vergangenheit oft zum Verh\u00e4ngnis. Als lebender Proviant wurden sie in Schiffen unter Deck mitgenommen und je nach Bedarf geschlachtet. <em>\u00a9 Heinz Krimmer<\/em>\/Edustock.org<\/figcaption><\/figure>\n\n\n\n<p>Heute sind Schildkr\u00f6ten anderen Bedrohungen ausgesetzt. Im Fischernetz verfangen, ertrinken sie. Die Fleischfresser unter ihnen fressen Quallen. Diese verwechseln sie leicht mit im Meer treibenden Plastikt\u00fcten und sterben dann an den Folgen. Immer mehr Brutstr\u00e4nde m\u00fcssen mit den Menschen geteilt werden.&nbsp;<\/p>\n\n\n\n<p>Einmal ausgewachsen, gibt es wenige nat\u00fcrliche Feinde. Die Schildkr\u00f6ten sind recht gro\u00df und durch den festen Panzer gut gesch\u00fctzt, auch wenn sie die F\u00e4higkeit verloren haben, sich ganz darin zur\u00fcckzuziehen. Gro\u00dfe Haie, wie z.B. ein Tigerhai besitzt jedoch die Kraft einen Panzer mit seinem Gebiss zu durchtrennen. Die gr\u00f6\u00dfte Gefahr droht ihnen direkt nach dem Schl\u00fcpfen und das erste Jahr danach. Hier sind sie noch klein und der Panzer zu weich, um sie zu sch\u00fctzen und ungenie\u00dfbar zu machen.<\/p>\n\n\n\n<p>Meeresschildkr\u00f6ten leben in allen tropischen und subtropischen Meeren und sind auch oft in der N\u00e4he der K\u00fcste zu sehen, wo sie an den Riffen oder den Seegraswiesen fressen. Die Unterscheidung der einzelnen Arten ist bei der meist kurzen Begegnung unter Wasser nicht immer einfach.&nbsp;<\/p>\n\n\n\n<figure class=\"wp-block-image size-full\"><img loading=\"lazy\" decoding=\"async\" width=\"2000\" height=\"1462\" src=\"https:\/\/alles-ueber-riffe.de\/wp-content\/uploads\/2025\/03\/3495-Meeresschildkroete_2000px.jpg\" alt=\"\" class=\"wp-image-11062\" srcset=\"https:\/\/alles-ueber-riffe.de\/wp-content\/uploads\/2025\/03\/3495-Meeresschildkroete_2000px.jpg 2000w, https:\/\/alles-ueber-riffe.de\/wp-content\/uploads\/2025\/03\/3495-Meeresschildkroete_2000px-300x219.jpg 300w, https:\/\/alles-ueber-riffe.de\/wp-content\/uploads\/2025\/03\/3495-Meeresschildkroete_2000px-1024x749.jpg 1024w, https:\/\/alles-ueber-riffe.de\/wp-content\/uploads\/2025\/03\/3495-Meeresschildkroete_2000px-768x561.jpg 768w, https:\/\/alles-ueber-riffe.de\/wp-content\/uploads\/2025\/03\/3495-Meeresschildkroete_2000px-1536x1123.jpg 1536w\" sizes=\"auto, (max-width: 767px) 89vw, (max-width: 1000px) 54vw, (max-width: 1071px) 543px, 580px\" \/><figcaption class=\"wp-element-caption\">Meeresschildkr\u00f6te im Korallenriff auf den Malediven. <em>\u00a9 Heinz Krimmer<\/em><\/figcaption><\/figure>\n\n\n\n<p>Meeresschildkr\u00f6ten k\u00f6nnen sehr alt werden. Als Einzelg\u00e4nger streifen sie f\u00fcnfzig Jahre und mehr durch die Ozeane. Nur zur Paarungszeit machen sie eine Ausnahme.<\/p>\n\n\n\n<p>Heute werde alle sieben Arten der Meeresschildkr\u00f6ten auf den Listen der IUCN als bedroht gef\u00fchrt. Jeglicher Handel mit Schildkr\u00f6tenprodukten ist weltweit verboten.<\/p>\n\n\n\n<p>Die gute Nachricht: Schildkr\u00f6ten stehen in einigen L\u00e4ndern schon seit Jahrzehnten unter Schutz. Erste Anzeichen geben Hoffnung, dass sich die Best\u00e4nde erholen.<\/p>\n","protected":false},"excerpt":{"rendered":"<p>Das Meer ist nicht wirklich der bevorzugte Lebensraum von Reptilien. Nur wenige Arten leben deshalb in den Ozeanen. Salzwasserkrokodile, Seeschlangen, Meeresschildkr\u00f6ten und eine Echsenart, die nur auf Galapagos vorkommt. Seeschlangen und Schildkr\u00f6ten leben permanent im Wasser. Zur Eiablage allerdings kommen auch Schildkr\u00f6ten wieder an Land. Ein Relikt ihrer evolution\u00e4ren Entwicklung aus den Landschildkr\u00f6ten. Dabei kehren &hellip; <\/p>\n<p class=\"link-more\"><a href=\"https:\/\/alles-ueber-riffe.de\/?page_id=3761\" class=\"more-link\"><span class=\"screen-reader-text\">\u201eAlles \u00fcber Meeresschildkr\u00f6ten\u201c<\/span> weiterlesen<\/a><\/p>\n","protected":false},"author":1,"featured_media":0,"parent":0,"menu_order":0,"comment_status":"closed","ping_status":"closed","template":"","meta":{"footnotes":""},"class_list":["post-3761","page","type-page","status-publish","hentry"],"_links":{"self":[{"href":"https:\/\/alles-ueber-riffe.de\/index.php?rest_route=\/wp\/v2\/pages\/3761","targetHints":{"allow":["GET"]}}],"collection":[{"href":"https:\/\/alles-ueber-riffe.de\/index.php?rest_route=\/wp\/v2\/pages"}],"about":[{"href":"https:\/\/alles-ueber-riffe.de\/index.php?rest_route=\/wp\/v2\/types\/page"}],"author":[{"embeddable":true,"href":"https:\/\/alles-ueber-riffe.de\/index.php?rest_route=\/wp\/v2\/users\/1"}],"replies":[{"embeddable":true,"href":"https:\/\/alles-ueber-riffe.de\/index.php?rest_route=%2Fwp%2Fv2%2Fcomments&post=3761"}],"version-history":[{"count":13,"href":"https:\/\/alles-ueber-riffe.de\/index.php?rest_route=\/wp\/v2\/pages\/3761\/revisions"}],"predecessor-version":[{"id":11064,"href":"https:\/\/alles-ueber-riffe.de\/index.php?rest_route=\/wp\/v2\/pages\/3761\/revisions\/11064"}],"wp:attachment":[{"href":"https:\/\/alles-ueber-riffe.de\/index.php?rest_route=%2Fwp%2Fv2%2Fmedia&parent=3761"}],"curies":[{"name":"wp","href":"https:\/\/api.w.org\/{rel}","templated":true}]}}