{"id":3759,"date":"2024-12-09T17:29:51","date_gmt":"2024-12-09T17:29:51","guid":{"rendered":"https:\/\/alles-ueber-riffe.de\/?page_id=3759"},"modified":"2025-03-17T22:32:43","modified_gmt":"2025-03-17T22:32:43","slug":"alles-ueber-meeresschildkroeten","status":"publish","type":"page","link":"https:\/\/alles-ueber-riffe.de\/?page_id=3759","title":{"rendered":"Meeresschildkr\u00f6ten"},"content":{"rendered":"\n<div class=\"wp-block-group is-vertical is-content-justification-stretch is-layout-flex wp-container-core-group-is-layout-b16ad781 wp-block-group-is-layout-flex\">\n<div class=\"wp-block-group is-vertical is-layout-flex wp-container-core-group-is-layout-b7faace9 wp-block-group-is-layout-flex\">\n<p>Das Meer ist nicht wirklich der bevorzugte Lebensraum von Reptilien. Nur wenige Arten leben deshalb in den Ozeanen. <a href=\"https:\/\/alles-ueber-riffe.de\/?page_id=3761\"><mark style=\"background-color:rgba(0, 0, 0, 0)\" class=\"has-inline-color has-vivid-cyan-blue-color\">Weiterlesen&#8230;<\/mark><\/a><\/p>\n<\/div>\n<\/div>\n\n\n\n<h2 class=\"wp-block-heading\">Zu den einzelnen Arten<\/h2>\n\n\n\n<div class=\"wp-block-group is-vertical is-content-justification-stretch is-layout-flex wp-container-core-group-is-layout-b16ad781 wp-block-group-is-layout-flex\">\n<div class=\"wp-block-group is-vertical is-layout-flex wp-container-core-group-is-layout-b7faace9 wp-block-group-is-layout-flex\">\n<div class=\"wp-block-group is-nowrap is-layout-flex wp-container-core-group-is-layout-ad2f72ca wp-block-group-is-layout-flex\">\n<div class=\"wp-block-group\"><div class=\"wp-block-group__inner-container is-layout-constrained wp-block-group-is-layout-constrained\">\n<div class=\"wp-block-group is-vertical is-layout-flex wp-container-core-group-is-layout-8cf370e7 wp-block-group-is-layout-flex\">\n<figure class=\"wp-block-image size-full is-resized\"><a href=\"https:\/\/alles-ueber-riffe.de\/?page_id=10807\"><img loading=\"lazy\" decoding=\"async\" width=\"1024\" height=\"768\" src=\"https:\/\/alles-ueber-riffe.de\/wp-content\/uploads\/2024\/12\/Echte-Karettschildkroete_1024x786.jpg\" alt=\"\" class=\"wp-image-3810\" style=\"width:519px;height:auto\" srcset=\"https:\/\/alles-ueber-riffe.de\/wp-content\/uploads\/2024\/12\/Echte-Karettschildkroete_1024x786.jpg 1024w, https:\/\/alles-ueber-riffe.de\/wp-content\/uploads\/2024\/12\/Echte-Karettschildkroete_1024x786-300x225.jpg 300w, https:\/\/alles-ueber-riffe.de\/wp-content\/uploads\/2024\/12\/Echte-Karettschildkroete_1024x786-768x576.jpg 768w\" sizes=\"auto, (max-width: 767px) 89vw, (max-width: 1000px) 54vw, (max-width: 1071px) 543px, 580px\" \/><\/a><\/figure>\n\n\n\n<p><a href=\"https:\/\/alles-ueber-riffe.de\/?page_id=10807\"><mark style=\"background-color:rgba(0, 0, 0, 0)\" class=\"has-inline-color has-vivid-cyan-blue-color\"><strong>Echte Karettschildkr\u00f6te<\/strong> <em>(Eretmochelys imbricata)<\/em><\/mark><\/a><\/p>\n<\/div>\n\n\n\n<div style=\"height:50px\" aria-hidden=\"true\" class=\"wp-block-spacer\"><\/div>\n<\/div><\/div>\n<\/div>\n<\/div>\n<\/div>\n\n\n\n<div class=\"wp-block-group is-vertical is-layout-flex wp-container-core-group-is-layout-8cf370e7 wp-block-group-is-layout-flex\">\n<div class=\"wp-block-group is-vertical is-layout-flex wp-container-core-group-is-layout-8cf370e7 wp-block-group-is-layout-flex\">\n<figure class=\"wp-block-image size-full is-resized\"><a href=\"https:\/\/alles-ueber-riffe.de\/?page_id=10810\"><img loading=\"lazy\" decoding=\"async\" width=\"1024\" height=\"768\" src=\"https:\/\/alles-ueber-riffe.de\/wp-content\/uploads\/2024\/12\/Gruene_schildkroete_1024x768.jpg\" alt=\"\" class=\"wp-image-3812\" style=\"width:521px;height:auto\" srcset=\"https:\/\/alles-ueber-riffe.de\/wp-content\/uploads\/2024\/12\/Gruene_schildkroete_1024x768.jpg 1024w, https:\/\/alles-ueber-riffe.de\/wp-content\/uploads\/2024\/12\/Gruene_schildkroete_1024x768-300x225.jpg 300w, https:\/\/alles-ueber-riffe.de\/wp-content\/uploads\/2024\/12\/Gruene_schildkroete_1024x768-768x576.jpg 768w\" sizes=\"auto, (max-width: 767px) 89vw, (max-width: 1000px) 54vw, (max-width: 1071px) 543px, 580px\" \/><\/a><\/figure>\n<\/div>\n\n\n\n<p><a href=\"https:\/\/alles-ueber-riffe.de\/?page_id=10810\"><mark style=\"background-color:rgba(0, 0, 0, 0)\" class=\"has-inline-color has-vivid-cyan-blue-color\"><strong>Gr\u00fcne Meeresschildkr\u00f6te\u00a0<\/strong> <em>(Chelonia mydas)<\/em><\/mark><\/a><\/p>\n<\/div>\n\n\n\n<div style=\"height:50px\" aria-hidden=\"true\" class=\"wp-block-spacer\"><\/div>\n\n\n\n<div class=\"wp-block-group is-vertical is-layout-flex wp-container-core-group-is-layout-8cf370e7 wp-block-group-is-layout-flex\">\n<figure class=\"wp-block-image size-full is-resized\"><a href=\"https:\/\/alles-ueber-riffe.de\/?page_id=10812\"><img loading=\"lazy\" decoding=\"async\" width=\"300\" height=\"200\" src=\"https:\/\/alles-ueber-riffe.de\/wp-content\/uploads\/2024\/12\/Lederschildkroete_300x200.jpg\" alt=\"\" class=\"wp-image-3814\" style=\"width:513px;height:auto\"\/><\/a><\/figure>\n\n\n\n<p><a href=\"https:\/\/alles-ueber-riffe.de\/?page_id=10812\"><mark style=\"background-color:rgba(0, 0, 0, 0)\" class=\"has-inline-color has-vivid-cyan-blue-color\"><strong>Lederschildkr\u00f6ten<\/strong> <em>(Dermochelys coriacea)<\/em><\/mark><\/a><\/p>\n<\/div>\n\n\n\n<div style=\"height:50px\" aria-hidden=\"true\" class=\"wp-block-spacer\"><\/div>\n\n\n\n<div class=\"wp-block-group is-vertical is-layout-flex wp-container-core-group-is-layout-8cf370e7 wp-block-group-is-layout-flex\">\n<div class=\"wp-block-group is-vertical is-layout-flex wp-container-core-group-is-layout-8cf370e7 wp-block-group-is-layout-flex\">\n<figure class=\"wp-block-image size-full is-resized\"><a href=\"https:\/\/alles-ueber-riffe.de\/?page_id=10814\"><img loading=\"lazy\" decoding=\"async\" width=\"1024\" height=\"768\" src=\"https:\/\/alles-ueber-riffe.de\/wp-content\/uploads\/2024\/12\/Schwarze_Suppenschildkroete_1024x768.jpg\" alt=\"\" class=\"wp-image-3817\" style=\"width:508px;height:auto\" srcset=\"https:\/\/alles-ueber-riffe.de\/wp-content\/uploads\/2024\/12\/Schwarze_Suppenschildkroete_1024x768.jpg 1024w, https:\/\/alles-ueber-riffe.de\/wp-content\/uploads\/2024\/12\/Schwarze_Suppenschildkroete_1024x768-300x225.jpg 300w, https:\/\/alles-ueber-riffe.de\/wp-content\/uploads\/2024\/12\/Schwarze_Suppenschildkroete_1024x768-768x576.jpg 768w\" sizes=\"auto, (max-width: 767px) 89vw, (max-width: 1000px) 54vw, (max-width: 1071px) 543px, 580px\" \/><\/a><\/figure>\n<\/div>\n\n\n\n<p><a href=\"https:\/\/alles-ueber-riffe.de\/?page_id=10814\"><mark style=\"background-color:rgba(0, 0, 0, 0)\" class=\"has-inline-color has-vivid-cyan-blue-color\"><strong>Schwarze Suppenschildkr\u00f6te<\/strong> <em>(Chelonia agassizii)<\/em><\/mark><\/a><\/p>\n<\/div>\n\n\n\n<div style=\"height:50px\" aria-hidden=\"true\" class=\"wp-block-spacer\"><\/div>\n\n\n\n<div class=\"wp-block-group is-vertical is-layout-flex wp-container-core-group-is-layout-8cf370e7 wp-block-group-is-layout-flex\">\n<div class=\"wp-block-group is-vertical is-layout-flex wp-container-core-group-is-layout-8cf370e7 wp-block-group-is-layout-flex\">\n<figure class=\"wp-block-image size-full is-resized\"><a href=\"https:\/\/alles-ueber-riffe.de\/?page_id=10816\"><img loading=\"lazy\" decoding=\"async\" width=\"1024\" height=\"768\" src=\"https:\/\/alles-ueber-riffe.de\/wp-content\/uploads\/2024\/12\/Unechte-Karettschildkroete_1024x768.jpg\" alt=\"\" class=\"wp-image-3819\" style=\"width:508px;height:auto\" srcset=\"https:\/\/alles-ueber-riffe.de\/wp-content\/uploads\/2024\/12\/Unechte-Karettschildkroete_1024x768.jpg 1024w, https:\/\/alles-ueber-riffe.de\/wp-content\/uploads\/2024\/12\/Unechte-Karettschildkroete_1024x768-300x225.jpg 300w, https:\/\/alles-ueber-riffe.de\/wp-content\/uploads\/2024\/12\/Unechte-Karettschildkroete_1024x768-768x576.jpg 768w\" sizes=\"auto, (max-width: 767px) 89vw, (max-width: 1000px) 54vw, (max-width: 1071px) 543px, 580px\" \/><\/a><\/figure>\n<\/div>\n\n\n\n<p><a href=\"https:\/\/alles-ueber-riffe.de\/?page_id=10816\"><mark style=\"background-color:rgba(0, 0, 0, 0)\" class=\"has-inline-color has-vivid-cyan-blue-color\"><strong>Unechte Karettschildkr\u00f6te<\/strong> <em>(Caretta caretta)<\/em><\/mark><\/a><\/p>\n<\/div>\n\n\n\n<div style=\"height:50px\" aria-hidden=\"true\" class=\"wp-block-spacer\"><\/div>\n\n\n\n<div style=\"height:50px\" aria-hidden=\"true\" class=\"wp-block-spacer\"><\/div>\n\n\n\n<div class=\"wp-block-group is-vertical is-layout-flex wp-container-core-group-is-layout-8cf370e7 wp-block-group-is-layout-flex\">\n<div class=\"wp-block-group is-vertical is-layout-flex wp-container-core-group-is-layout-8cf370e7 wp-block-group-is-layout-flex\"><\/div>\n<\/div>\n","protected":false},"excerpt":{"rendered":"<p>Das Meer ist nicht wirklich der bevorzugte Lebensraum von Reptilien. Nur wenige Arten leben deshalb in den Ozeanen. Weiterlesen&#8230; Zu den einzelnen Arten Echte Karettschildkr\u00f6te (Eretmochelys imbricata) Gr\u00fcne Meeresschildkr\u00f6te\u00a0 (Chelonia mydas) Lederschildkr\u00f6ten (Dermochelys coriacea) Schwarze Suppenschildkr\u00f6te (Chelonia agassizii) Unechte Karettschildkr\u00f6te (Caretta caretta)<\/p>\n","protected":false},"author":1,"featured_media":0,"parent":0,"menu_order":0,"comment_status":"closed","ping_status":"closed","template":"","meta":{"footnotes":""},"class_list":["post-3759","page","type-page","status-publish","hentry"],"_links":{"self":[{"href":"https:\/\/alles-ueber-riffe.de\/index.php?rest_route=\/wp\/v2\/pages\/3759","targetHints":{"allow":["GET"]}}],"collection":[{"href":"https:\/\/alles-ueber-riffe.de\/index.php?rest_route=\/wp\/v2\/pages"}],"about":[{"href":"https:\/\/alles-ueber-riffe.de\/index.php?rest_route=\/wp\/v2\/types\/page"}],"author":[{"embeddable":true,"href":"https:\/\/alles-ueber-riffe.de\/index.php?rest_route=\/wp\/v2\/users\/1"}],"replies":[{"embeddable":true,"href":"https:\/\/alles-ueber-riffe.de\/index.php?rest_route=%2Fwp%2Fv2%2Fcomments&post=3759"}],"version-history":[{"count":18,"href":"https:\/\/alles-ueber-riffe.de\/index.php?rest_route=\/wp\/v2\/pages\/3759\/revisions"}],"predecessor-version":[{"id":10940,"href":"https:\/\/alles-ueber-riffe.de\/index.php?rest_route=\/wp\/v2\/pages\/3759\/revisions\/10940"}],"wp:attachment":[{"href":"https:\/\/alles-ueber-riffe.de\/index.php?rest_route=%2Fwp%2Fv2%2Fmedia&parent=3759"}],"curies":[{"name":"wp","href":"https:\/\/api.w.org\/{rel}","templated":true}]}}