{"id":3468,"date":"2024-12-05T22:02:05","date_gmt":"2024-12-05T22:02:05","guid":{"rendered":"https:\/\/alles-ueber-riffe.de\/?page_id=3468"},"modified":"2024-12-10T11:56:00","modified_gmt":"2024-12-10T11:56:00","slug":"alles-ueber-stachelmakrelen","status":"publish","type":"page","link":"https:\/\/alles-ueber-riffe.de\/?page_id=3468","title":{"rendered":"Alles \u00fcber Stachelmakrelen"},"content":{"rendered":"\n<p>Stachelmakrelen sind mit den Makrelen und Thunfischen nur entfernt verwandt. Das ist f\u00fcr den Laien verwirrend, haben sie doch das gleiche Verhalten, \u00e4hnliches Aussehen und Gr\u00f6\u00dfe und eine silberne Farbe. <\/p>\n\n\n\n<p>Bis auf wenige Ausnahmen sind alle Mitglieder dieser Familien schnelle und gro\u00dfe R\u00e4uber, die pelagisch in Gruppen und Schw\u00e4rmen kleinere Fische jagen. Diese gleiche evolution\u00e4re Entwicklung von Verhalten und Aussehen nicht verwandter Arten nennt man in der Biologie Konvergenz. Ein Unterscheidungsmerkmal allerdings gibt es: Makrelen und Thunfische<em>&nbsp;<\/em>besitzen am Schwanzstiel<em>&nbsp;<\/em>zwischen R\u00fccken- und Bauchflossen auf der einen Seite und der Schwanzflosse auf der anderen bis zu 9 kleine Flossen, die wie Pfeilspitzen aussehen. Fast allen Stachelmakrelen fehlt dieses Merkmal.<\/p>\n\n\n\n<p>Unter Wasser sieht man Stachelmakrelen an den Riffen jagen. Oft schwimmen sie in kleinen Gruppen ganz harmlos und gem\u00fctlich eine Weile zwischen F\u00fcsilieren, \u00c4hrenfischen oder Riffbarschen umher, um sich pl\u00f6tzlich blitzschnell und v\u00f6llig unerwartet auf die Beute zu st\u00fcrzen.<\/p>\n\n\n\n<p>146 Arten sind in 30 Gattungen beschrieben.<\/p>\n\n\n\n<p>Stachelmakrelen leben in den gem\u00e4\u00dfigten, subtropischen und tropischen Bereichen aller Ozeane.\u00a0<\/p>\n","protected":false},"excerpt":{"rendered":"<p>Stachelmakrelen sind mit den Makrelen und Thunfischen nur entfernt verwandt. Das ist f\u00fcr den Laien verwirrend, haben sie doch das gleiche Verhalten, \u00e4hnliches Aussehen und Gr\u00f6\u00dfe und eine silberne Farbe. Bis auf wenige Ausnahmen sind alle Mitglieder dieser Familien schnelle und gro\u00dfe R\u00e4uber, die pelagisch in Gruppen und Schw\u00e4rmen kleinere Fische jagen. Diese gleiche evolution\u00e4re &hellip; <\/p>\n<p class=\"link-more\"><a href=\"https:\/\/alles-ueber-riffe.de\/?page_id=3468\" class=\"more-link\"><span class=\"screen-reader-text\">\u201eAlles \u00fcber Stachelmakrelen\u201c<\/span> weiterlesen<\/a><\/p>\n","protected":false},"author":1,"featured_media":0,"parent":0,"menu_order":0,"comment_status":"closed","ping_status":"closed","template":"","meta":{"footnotes":""},"class_list":["post-3468","page","type-page","status-publish","hentry"],"_links":{"self":[{"href":"https:\/\/alles-ueber-riffe.de\/index.php?rest_route=\/wp\/v2\/pages\/3468","targetHints":{"allow":["GET"]}}],"collection":[{"href":"https:\/\/alles-ueber-riffe.de\/index.php?rest_route=\/wp\/v2\/pages"}],"about":[{"href":"https:\/\/alles-ueber-riffe.de\/index.php?rest_route=\/wp\/v2\/types\/page"}],"author":[{"embeddable":true,"href":"https:\/\/alles-ueber-riffe.de\/index.php?rest_route=\/wp\/v2\/users\/1"}],"replies":[{"embeddable":true,"href":"https:\/\/alles-ueber-riffe.de\/index.php?rest_route=%2Fwp%2Fv2%2Fcomments&post=3468"}],"version-history":[{"count":3,"href":"https:\/\/alles-ueber-riffe.de\/index.php?rest_route=\/wp\/v2\/pages\/3468\/revisions"}],"predecessor-version":[{"id":3803,"href":"https:\/\/alles-ueber-riffe.de\/index.php?rest_route=\/wp\/v2\/pages\/3468\/revisions\/3803"}],"wp:attachment":[{"href":"https:\/\/alles-ueber-riffe.de\/index.php?rest_route=%2Fwp%2Fv2%2Fmedia&parent=3468"}],"curies":[{"name":"wp","href":"https:\/\/api.w.org\/{rel}","templated":true}]}}