{"id":3306,"date":"2024-12-04T16:03:43","date_gmt":"2024-12-04T16:03:43","guid":{"rendered":"https:\/\/alles-ueber-riffe.de\/?page_id=3306"},"modified":"2024-12-04T16:06:20","modified_gmt":"2024-12-04T16:06:20","slug":"alles-ueber-seefledermaeuse","status":"publish","type":"page","link":"https:\/\/alles-ueber-riffe.de\/?page_id=3306","title":{"rendered":"Alles \u00fcber Seeflederm\u00e4use"},"content":{"rendered":"\n<p><\/p>\n\n\n\n<p>Wie der Name schon vermuten l\u00e4\u00dft, erinnert das Aussehen der Seeflederm\u00e4use kaum an einen Fisch.<\/p>\n\n\n\n<p>Seeflederm\u00e4use wurden schon in dem Standardwerk des deutschen Biologen Alfred Edmund Brehm (1829 \u2013 1884) in Band 8 beschrieben. Hier schreibt er \u201eDa \u00fcber die Lebensweise der verschiedenen Armflosser eingehende Beobachtungen bis jetzt nicht angestellt sind\u201c gibt es kaum Erkenntnisse. Das gilt auch heute noch. <\/p>\n\n\n\n<p>Die Beobachtung der Seeflederm\u00e4use gestaltet sich auch als schwierig, denn die meisten Arten leben in der Tiefsee. Doch in manchen Regionen des \u00f6stlichen Indopazifik zeigen sie sich des \u00d6fteren in gerade noch erreichbaren Tiefen um die 40m. Man sieht hier einen h\u00f6chst seltsamen Fisch, der einen kurz zweifeln l\u00e4sst, ob man vielleicht doch schon unter Tiefenrauschsymptomen leidet.\u00a0<\/p>\n\n\n\n<p>Ca. 70 Arten in 10 Gattungen sind bisher beschrieben.<\/p>\n\n\n\n<p>Seeflederm\u00e4use leben in den subtropischen und tropischen Bereichen aller Ozeane.&nbsp;<\/p>\n","protected":false},"excerpt":{"rendered":"<p>Wie der Name schon vermuten l\u00e4\u00dft, erinnert das Aussehen der Seeflederm\u00e4use kaum an einen Fisch. Seeflederm\u00e4use wurden schon in dem Standardwerk des deutschen Biologen Alfred Edmund Brehm (1829 \u2013 1884) in Band 8 beschrieben. Hier schreibt er \u201eDa \u00fcber die Lebensweise der verschiedenen Armflosser eingehende Beobachtungen bis jetzt nicht angestellt sind\u201c gibt es kaum Erkenntnisse. &hellip; <\/p>\n<p class=\"link-more\"><a href=\"https:\/\/alles-ueber-riffe.de\/?page_id=3306\" class=\"more-link\"><span class=\"screen-reader-text\">\u201eAlles \u00fcber Seeflederm\u00e4use\u201c<\/span> weiterlesen<\/a><\/p>\n","protected":false},"author":1,"featured_media":0,"parent":0,"menu_order":0,"comment_status":"closed","ping_status":"closed","template":"","meta":{"footnotes":""},"class_list":["post-3306","page","type-page","status-publish","hentry"],"_links":{"self":[{"href":"https:\/\/alles-ueber-riffe.de\/index.php?rest_route=\/wp\/v2\/pages\/3306","targetHints":{"allow":["GET"]}}],"collection":[{"href":"https:\/\/alles-ueber-riffe.de\/index.php?rest_route=\/wp\/v2\/pages"}],"about":[{"href":"https:\/\/alles-ueber-riffe.de\/index.php?rest_route=\/wp\/v2\/types\/page"}],"author":[{"embeddable":true,"href":"https:\/\/alles-ueber-riffe.de\/index.php?rest_route=\/wp\/v2\/users\/1"}],"replies":[{"embeddable":true,"href":"https:\/\/alles-ueber-riffe.de\/index.php?rest_route=%2Fwp%2Fv2%2Fcomments&post=3306"}],"version-history":[{"count":4,"href":"https:\/\/alles-ueber-riffe.de\/index.php?rest_route=\/wp\/v2\/pages\/3306\/revisions"}],"predecessor-version":[{"id":3311,"href":"https:\/\/alles-ueber-riffe.de\/index.php?rest_route=\/wp\/v2\/pages\/3306\/revisions\/3311"}],"wp:attachment":[{"href":"https:\/\/alles-ueber-riffe.de\/index.php?rest_route=%2Fwp%2Fv2%2Fmedia&parent=3306"}],"curies":[{"name":"wp","href":"https:\/\/api.w.org\/{rel}","templated":true}]}}