{"id":3293,"date":"2024-12-04T15:56:26","date_gmt":"2024-12-04T15:56:26","guid":{"rendered":"https:\/\/alles-ueber-riffe.de\/?page_id=3293"},"modified":"2024-12-04T15:58:52","modified_gmt":"2024-12-04T15:58:52","slug":"alles-ueber-schuetzenfische","status":"publish","type":"page","link":"https:\/\/alles-ueber-riffe.de\/?page_id=3293","title":{"rendered":"Alles \u00fcber Sch\u00fctzenfische"},"content":{"rendered":"\n<p>Sch\u00fctzenfische leben an der Oberfl\u00e4che in der Gezeitenzone im S\u00fc\u00df, Brack- und Salzwasser. Sie bevorzugen Mangrovengebiete, wandern jedoch  auch in Fl\u00fcsse ein. <\/p>\n\n\n\n<p>Neben Fischen und kleinen Wirbellosen jagen sie Insekten, die sie mit Hilfe eines Wasserstrahls von der Ufervegetation schie\u00dfen. Dieser faszinierenden F\u00e4higkeit verdanken sie auch ihren Namen. Verbreitet sind sie ausschlie\u00dflich im tropischen Indopazifik von Indien Richtung Osten bis Polynesien. Der gr\u00f6\u00dfte ist der Gefleckte Sch\u00fctzenfisch (Toxotes chatareus) mit einer L\u00e4nge von 40 cm.<\/p>\n\n\n\n<p>Sieben Arten, die alle zu einer Gattung geh\u00f6ren, sind bisher beschrieben.<\/p>\n","protected":false},"excerpt":{"rendered":"<p>Sch\u00fctzenfische leben an der Oberfl\u00e4che in der Gezeitenzone im S\u00fc\u00df, Brack- und Salzwasser. Sie bevorzugen Mangrovengebiete, wandern jedoch auch in Fl\u00fcsse ein. Neben Fischen und kleinen Wirbellosen jagen sie Insekten, die sie mit Hilfe eines Wasserstrahls von der Ufervegetation schie\u00dfen. Dieser faszinierenden F\u00e4higkeit verdanken sie auch ihren Namen. Verbreitet sind sie ausschlie\u00dflich im tropischen Indopazifik &hellip; <\/p>\n<p class=\"link-more\"><a href=\"https:\/\/alles-ueber-riffe.de\/?page_id=3293\" class=\"more-link\"><span class=\"screen-reader-text\">\u201eAlles \u00fcber Sch\u00fctzenfische\u201c<\/span> weiterlesen<\/a><\/p>\n","protected":false},"author":1,"featured_media":0,"parent":0,"menu_order":0,"comment_status":"closed","ping_status":"closed","template":"","meta":{"footnotes":""},"class_list":["post-3293","page","type-page","status-publish","hentry"],"_links":{"self":[{"href":"https:\/\/alles-ueber-riffe.de\/index.php?rest_route=\/wp\/v2\/pages\/3293","targetHints":{"allow":["GET"]}}],"collection":[{"href":"https:\/\/alles-ueber-riffe.de\/index.php?rest_route=\/wp\/v2\/pages"}],"about":[{"href":"https:\/\/alles-ueber-riffe.de\/index.php?rest_route=\/wp\/v2\/types\/page"}],"author":[{"embeddable":true,"href":"https:\/\/alles-ueber-riffe.de\/index.php?rest_route=\/wp\/v2\/users\/1"}],"replies":[{"embeddable":true,"href":"https:\/\/alles-ueber-riffe.de\/index.php?rest_route=%2Fwp%2Fv2%2Fcomments&post=3293"}],"version-history":[{"count":4,"href":"https:\/\/alles-ueber-riffe.de\/index.php?rest_route=\/wp\/v2\/pages\/3293\/revisions"}],"predecessor-version":[{"id":3298,"href":"https:\/\/alles-ueber-riffe.de\/index.php?rest_route=\/wp\/v2\/pages\/3293\/revisions\/3298"}],"wp:attachment":[{"href":"https:\/\/alles-ueber-riffe.de\/index.php?rest_route=%2Fwp%2Fv2%2Fmedia&parent=3293"}],"curies":[{"name":"wp","href":"https:\/\/api.w.org\/{rel}","templated":true}]}}