{"id":3237,"date":"2024-12-04T14:30:54","date_gmt":"2024-12-04T14:30:54","guid":{"rendered":"https:\/\/alles-ueber-riffe.de\/?page_id=3237"},"modified":"2024-12-04T14:31:57","modified_gmt":"2024-12-04T14:31:57","slug":"alles-ueber-schnapper","status":"publish","type":"page","link":"https:\/\/alles-ueber-riffe.de\/?page_id=3237","title":{"rendered":"Alles \u00fcber Schnapper"},"content":{"rendered":"\n<p><br>Viele Schnapper sind nicht nur sch\u00f6n anzusehen, sie schmecken auch gut. Der \u201eRed Snapper\u201c ist vielleicht der bekannteste Speisefisch und in den USA auch einer der beliebtesten. Tats\u00e4chlich werden unter diesem Namen mehrere Arten verkauft, die allesamt aufgrund von \u00dcberfischung vom Aussterben bedroht sind.<\/p>\n\n\n\n<p><br>Einige Schnapperarten versammeln sich in riesigen Schw\u00e4rmen und sind ein beeindruckender Anblick. Einige sind leuchtend gelb, andere haben eine unauff\u00e4llige F\u00e4rbung. Viele junge Schnapperarten sehen ganz anders aus als ausgewachsene Tiere und bewegen sich auch nicht wie Fische.<\/p>\n\n\n\n<p><br>Alle Schnapper besitzen beeindruckende Kiefer mit scharfen Z\u00e4hnen. Sie sind Raubtiere und manche Arten werden \u00fcber 1,5 Meter lang. Wie bei allen Raubtieren, die am Ende der Nahrungskette stehen, kann eine von einem Schnapper verursachte Verletzung zu einer Vergiftung durch Ciguatoxin f\u00fchren.<\/p>\n\n\n\n<p><br>Bisher sind ca. 100 Arten in 17 Gattungen dokumentiert.<\/p>\n\n\n\n<p><br>Schnapper leben in den tropischen und subtropischen Gew\u00e4ssern aller Weltmeere, am h\u00e4ufigsten jedoch im Indopazifik.<\/p>\n\n\n\n<p><\/p>\n","protected":false},"excerpt":{"rendered":"<p>Viele Schnapper sind nicht nur sch\u00f6n anzusehen, sie schmecken auch gut. Der \u201eRed Snapper\u201c ist vielleicht der bekannteste Speisefisch und in den USA auch einer der beliebtesten. Tats\u00e4chlich werden unter diesem Namen mehrere Arten verkauft, die allesamt aufgrund von \u00dcberfischung vom Aussterben bedroht sind. Einige Schnapperarten versammeln sich in riesigen Schw\u00e4rmen und sind ein beeindruckender &hellip; <\/p>\n<p class=\"link-more\"><a href=\"https:\/\/alles-ueber-riffe.de\/?page_id=3237\" class=\"more-link\"><span class=\"screen-reader-text\">\u201eAlles \u00fcber Schnapper\u201c<\/span> weiterlesen<\/a><\/p>\n","protected":false},"author":1,"featured_media":0,"parent":0,"menu_order":0,"comment_status":"closed","ping_status":"closed","template":"","meta":{"footnotes":""},"class_list":["post-3237","page","type-page","status-publish","hentry"],"_links":{"self":[{"href":"https:\/\/alles-ueber-riffe.de\/index.php?rest_route=\/wp\/v2\/pages\/3237","targetHints":{"allow":["GET"]}}],"collection":[{"href":"https:\/\/alles-ueber-riffe.de\/index.php?rest_route=\/wp\/v2\/pages"}],"about":[{"href":"https:\/\/alles-ueber-riffe.de\/index.php?rest_route=\/wp\/v2\/types\/page"}],"author":[{"embeddable":true,"href":"https:\/\/alles-ueber-riffe.de\/index.php?rest_route=\/wp\/v2\/users\/1"}],"replies":[{"embeddable":true,"href":"https:\/\/alles-ueber-riffe.de\/index.php?rest_route=%2Fwp%2Fv2%2Fcomments&post=3237"}],"version-history":[{"count":2,"href":"https:\/\/alles-ueber-riffe.de\/index.php?rest_route=\/wp\/v2\/pages\/3237\/revisions"}],"predecessor-version":[{"id":3240,"href":"https:\/\/alles-ueber-riffe.de\/index.php?rest_route=\/wp\/v2\/pages\/3237\/revisions\/3240"}],"wp:attachment":[{"href":"https:\/\/alles-ueber-riffe.de\/index.php?rest_route=%2Fwp%2Fv2%2Fmedia&parent=3237"}],"curies":[{"name":"wp","href":"https:\/\/api.w.org\/{rel}","templated":true}]}}