{"id":2551,"date":"2024-11-22T18:03:55","date_gmt":"2024-11-22T18:03:55","guid":{"rendered":"https:\/\/alles-ueber-riffe.de\/?page_id=2551"},"modified":"2024-11-22T18:17:40","modified_gmt":"2024-11-22T18:17:40","slug":"alles-ueber-delfine","status":"publish","type":"page","link":"https:\/\/alles-ueber-riffe.de\/?page_id=2551","title":{"rendered":"Alles \u00fcber Delfine"},"content":{"rendered":"\n<p>Der Orca kann bis zu 8 m lang werden und ist der gr\u00f6\u00dfte aller Delfine und der absolute Herrscher der Ozeane. Der Orca ist sowohl klug als auch stark genug, um es mit dem furchterregenden Wei\u00dfen Hai aufzunehmen und ihn zum Abendessen zu verspeisen. Auch vor dem schwersten heute lebenden Tier, dem \u00fcber 30 m langen Blauwal machen Orcas nicht halt. Es existieren Filmdokumente, wie Orcas eine Gruppe von Blauwalen angreifen. <\/p>\n\n\n\n<p>Delfine sind ganz besondere Lebewesen. Es gibt keine anderen Tiere im Meer, zu denen der Mensch eine so enge und positive Beziehung hat. Manchmal entwickeln sich echte Freundschaften zwischen Menschen und Delfinen. Es gibt Geschichten von Delfinen, die Menschen aus Schiffswracks retten. In Fernsehserien wie Flipper wird der Delphin als Freund und Helfer dargestellt. Delfine werden auch in der Therapie von Menschen eingesetzt, die unter Depressionen und anderen psychischen Problemen leiden. Unser Bild von diesem Tier ist durchweg positiv &#8211; vielleicht weil diese S\u00e4ugetiere uns so \u00e4hnlich sind. <\/p>\n\n\n\n<p>Wie wir haben sie ein gro\u00dfes und komplexes Gehirn. Delfine kommunizieren mit uns und untereinander. Neueste Forschungen zeigen eine noch engere Verbindung. Delfine nehmen sich gegenseitig als Individuen wahr und k\u00f6nnen sich gegenseitig Namen geben. Sie wissen, wie man mit Werkzeugen umgeht und geben dieses Wissen an ihre Jungen weiter. Sie sind zu Gef\u00fchlen wie Liebe, Empathie und Traurigkeit f\u00e4hig. Genau wie Menschen haben sie Sex zum Vergn\u00fcgen &#8211; und sie stellen den durchschnittlichen Casanova in den Schatten. Nach Angaben der Biologin Angela Ziltener haben Delfine bis zu drei\u00dfig Mal am Tag Sex. Das Geschlecht spielt dabei keine Rolle: M\u00e4nnchen haben Sex mit M\u00e4nnchen, Weibchen mit Weibchen oder alle zusammen. Sie probieren alles aus.<\/p>\n\n\n\n<p>Delfine haben jedoch, wie wir Menschen, eine dunkle Seite. Gruppen von Delfinen greifen sich gegenseitig an, sie k\u00e4mpfen, vergewaltigen, verletzen und entf\u00fchren. Manchmal greifen sie auch Menschen an. Es sind F\u00e4lle bekannt, in denen m\u00e4nnliche Delfine versuchten, Schwimmerinnen zu vergewaltigen.<br><\/p>\n\n\n\n<p>Wale und Delfine sind dem Menschen in Bezug auf Intelligenz und F\u00e4higkeiten sehr \u00e4hnlich. Es gibt Biologen, wie die Unterzeichner der Helsinki-Erkl\u00e4rung von 2010 (www.walrecht.de), die einen besonderen Schutz nicht nur f\u00fcr Menschen, sondern auch f\u00fcr andere Lebewesen fordern. Hier trifft sich die antike Welt mit der unseren &#8211; die alten Griechen glaubten, dass Delfine Menschen waren, die vom Gott Dionysos verhext worden waren.<\/p>\n\n\n\n<p>Intelligente S\u00e4ugetiere wie Wale und Delfine brauchen dringend einen besseren Schutz. Die beliebten Delfinarien sind nicht besser als Gef\u00e4ngnisse f\u00fcr diese Tiere. Die meisten Delfine \u00fcberleben diese Form der Gefangenschaft nur, weil sie Medikamente zur Beruhigung erhalten. Andernfalls w\u00fcrden sie nicht nur sich selbst, sondern auch andere Delfine und Menschen verletzen. Es ist bekannt, dass Delfine ihre Pfleger in Gefangenschaft verletzen oder sogar t\u00f6ten. <\/p>\n\n\n\n<p>Delfine ertrinken in Fischernetzen und werden als Beifang weggeworfen, und jedes Jahr werden viele von ihnen in eine Bucht in Taiji in Japan getrieben und brutal mit Messern abgeschlachtet.<\/p>\n\n\n\n<p>Nur wenige Delfinarten sind in den flachen Gew\u00e4ssern der tropischen K\u00fcstenregionen zu Hause. Zu diesen Arten geh\u00f6ren der Gro\u00dfe T\u00fcmmler, der Gemeine Kurzschnauzen-Delfin, der Spinner-Delfin und gelegentlich der Risso-Delfin. Die meisten Delfinarten leben in kalten Gew\u00e4ssern und sind pelagisch. Einige wenige Arten leben im S\u00fc\u00dfwasser.<\/p>\n\n\n\n<p>Es sind ca. 40 Arten in 17 Gattungen dokumentiert worden. Damit sind Delfine die gr\u00f6\u00dfte Gruppe unter den Walen.<\/p>\n\n\n\n<p>Delfine leben in den kalten, gem\u00e4\u00dfigten, subtropischen und tropischen Regionen aller Ozeane.<\/p>\n","protected":false},"excerpt":{"rendered":"<p>Der Orca kann bis zu 8 m lang werden und ist der gr\u00f6\u00dfte aller Delfine und der absolute Herrscher der Ozeane. Der Orca ist sowohl klug als auch stark genug, um es mit dem furchterregenden Wei\u00dfen Hai aufzunehmen und ihn zum Abendessen zu verspeisen. Auch vor dem schwersten heute lebenden Tier, dem \u00fcber 30 m &hellip; <\/p>\n<p class=\"link-more\"><a href=\"https:\/\/alles-ueber-riffe.de\/?page_id=2551\" class=\"more-link\"><span class=\"screen-reader-text\">\u201eAlles \u00fcber Delfine\u201c<\/span> weiterlesen<\/a><\/p>\n","protected":false},"author":1,"featured_media":0,"parent":0,"menu_order":0,"comment_status":"closed","ping_status":"closed","template":"","meta":{"footnotes":""},"class_list":["post-2551","page","type-page","status-publish","hentry"],"_links":{"self":[{"href":"https:\/\/alles-ueber-riffe.de\/index.php?rest_route=\/wp\/v2\/pages\/2551","targetHints":{"allow":["GET"]}}],"collection":[{"href":"https:\/\/alles-ueber-riffe.de\/index.php?rest_route=\/wp\/v2\/pages"}],"about":[{"href":"https:\/\/alles-ueber-riffe.de\/index.php?rest_route=\/wp\/v2\/types\/page"}],"author":[{"embeddable":true,"href":"https:\/\/alles-ueber-riffe.de\/index.php?rest_route=\/wp\/v2\/users\/1"}],"replies":[{"embeddable":true,"href":"https:\/\/alles-ueber-riffe.de\/index.php?rest_route=%2Fwp%2Fv2%2Fcomments&post=2551"}],"version-history":[{"count":5,"href":"https:\/\/alles-ueber-riffe.de\/index.php?rest_route=\/wp\/v2\/pages\/2551\/revisions"}],"predecessor-version":[{"id":2557,"href":"https:\/\/alles-ueber-riffe.de\/index.php?rest_route=\/wp\/v2\/pages\/2551\/revisions\/2557"}],"wp:attachment":[{"href":"https:\/\/alles-ueber-riffe.de\/index.php?rest_route=%2Fwp%2Fv2%2Fmedia&parent=2551"}],"curies":[{"name":"wp","href":"https:\/\/api.w.org\/{rel}","templated":true}]}}