{"id":2485,"date":"2024-11-22T17:16:14","date_gmt":"2024-11-22T17:16:14","guid":{"rendered":"https:\/\/alles-ueber-riffe.de\/?page_id=2485"},"modified":"2024-11-22T17:17:59","modified_gmt":"2024-11-22T17:17:59","slug":"alles-ueber-krokodilsfische","status":"publish","type":"page","link":"https:\/\/alles-ueber-riffe.de\/?page_id=2485","title":{"rendered":"Alles \u00fcber Krokodilsfische"},"content":{"rendered":"\n<p>Krokodilsfische oder Plattk\u00f6pfen wie sie auch genannt werden, kann man sich als Taucher gutn\u00e4hern, denn sie verlassen sich vollst\u00e4ndig auf ihre Tarnung. <\/p>\n\n\n\n<p>Einem kleinem Fisch ist diesallerdings weniger zu empfehlen, denn Plattk\u00f6pfe sind bis zu 1,10 m gro\u00df werdende Lauerj\u00e4ger. Der flache Kopf mit dem furchterregend gro\u00dfen Maul nimmt gut 25% des K\u00f6rpers ein und ist auchdessen breiteste Stelle. Die Beute wird \u00fcberfallartig angegriffen und eingesaugt. <\/p>\n\n\n\n<p>Plattk\u00f6pfe haben sehr sch\u00f6ne Augen. Ihre Augenlider bestehen aus zahlreichen langen Fransen, diedas Auge in den Flachwasserzonen gegen das Sonnenlicht sch\u00fctzen.<\/p>\n\n\n\n<p>Ca. 80 Arten in 19 Gattungen sind bisher beschrieben.<\/p>\n\n\n\n<p>Bis auf eine Art im Atlantik lebten Plattk\u00f6pfe bis zum Bau des Suezkanals ausschlie\u00dflich in den tropischen Bereichen des Indopazifik. Heute sind sie auch im Mittelmeer mit drei Arten vertreten. Sie sind eines der erfolgreichsten Beispiele f\u00fcr die \u201eLessepssche Migration\u201c, wie die Einwanderung durch den Suezkanal nach seinem Erbauer genannt wird.<\/p>\n","protected":false},"excerpt":{"rendered":"<p>Krokodilsfische oder Plattk\u00f6pfen wie sie auch genannt werden, kann man sich als Taucher gutn\u00e4hern, denn sie verlassen sich vollst\u00e4ndig auf ihre Tarnung. Einem kleinem Fisch ist diesallerdings weniger zu empfehlen, denn Plattk\u00f6pfe sind bis zu 1,10 m gro\u00df werdende Lauerj\u00e4ger. Der flache Kopf mit dem furchterregend gro\u00dfen Maul nimmt gut 25% des K\u00f6rpers ein und &hellip; <\/p>\n<p class=\"link-more\"><a href=\"https:\/\/alles-ueber-riffe.de\/?page_id=2485\" class=\"more-link\"><span class=\"screen-reader-text\">\u201eAlles \u00fcber Krokodilsfische\u201c<\/span> weiterlesen<\/a><\/p>\n","protected":false},"author":1,"featured_media":0,"parent":0,"menu_order":0,"comment_status":"closed","ping_status":"closed","template":"","meta":{"footnotes":""},"class_list":["post-2485","page","type-page","status-publish","hentry"],"_links":{"self":[{"href":"https:\/\/alles-ueber-riffe.de\/index.php?rest_route=\/wp\/v2\/pages\/2485","targetHints":{"allow":["GET"]}}],"collection":[{"href":"https:\/\/alles-ueber-riffe.de\/index.php?rest_route=\/wp\/v2\/pages"}],"about":[{"href":"https:\/\/alles-ueber-riffe.de\/index.php?rest_route=\/wp\/v2\/types\/page"}],"author":[{"embeddable":true,"href":"https:\/\/alles-ueber-riffe.de\/index.php?rest_route=\/wp\/v2\/users\/1"}],"replies":[{"embeddable":true,"href":"https:\/\/alles-ueber-riffe.de\/index.php?rest_route=%2Fwp%2Fv2%2Fcomments&post=2485"}],"version-history":[{"count":2,"href":"https:\/\/alles-ueber-riffe.de\/index.php?rest_route=\/wp\/v2\/pages\/2485\/revisions"}],"predecessor-version":[{"id":2488,"href":"https:\/\/alles-ueber-riffe.de\/index.php?rest_route=\/wp\/v2\/pages\/2485\/revisions\/2488"}],"wp:attachment":[{"href":"https:\/\/alles-ueber-riffe.de\/index.php?rest_route=%2Fwp%2Fv2%2Fmedia&parent=2485"}],"curies":[{"name":"wp","href":"https:\/\/api.w.org\/{rel}","templated":true}]}}