{"id":2443,"date":"2024-11-22T10:54:01","date_gmt":"2024-11-22T10:54:01","guid":{"rendered":"https:\/\/alles-ueber-riffe.de\/?page_id=2443"},"modified":"2024-11-22T10:54:01","modified_gmt":"2024-11-22T10:54:01","slug":"alles-ueber-korallenwelse","status":"publish","type":"page","link":"https:\/\/alles-ueber-riffe.de\/?page_id=2443","title":{"rendered":"Alles \u00fcber Korallenwelse"},"content":{"rendered":"\n<p>Am eindrucksvollsten sind junge Korallenwelse, die sich zum Schutz im Schwarm \u00fcber den Meeresboden bewegen, weil sie immer wieder neue Formationen bilden. Mal kommen sie als gro\u00dfe schwarze Kugel daher, mal wie ein gro\u00dfer dunkler Rochen, der sich pl\u00f6tzlich teilt, um sich als zweiFu\u00dfb\u00e4lle in getrennte Richtungen zu bewegen. Wieder vereint sehen wir schemenhaft in der ferne pl\u00f6tzlich einen gro\u00dfen dunklen Fisch? Ein Zackenbarsch? Wieder reingefallen.<\/p>\n\n\n\n<p>Korallenwelse ern\u00e4hren sich von kleinen Wirbellosen und Fischen im Schlamm oder Sandboden. Wie ein kleiner Heuschreckenschwarm bewegen sie sich vorw\u00e4rts und fressen alles, was sie mit ihren Barteln im Untergrund aufsp\u00fcren. Wenn sie wieder weg sind bleibt noch eine kleine Staubwolke und tr\u00fcbt die Sicht.<\/p>\n\n\n\n<p>Wenn sie erwachsen werden, leben sie oft als Einzelg\u00e4nger. Der gr\u00f6\u00dfte Korallenwels, der Plotosus canius kann bis zu 1,5 m lang werden.<\/p>\n\n\n\n<p>Einen allzu engen Kontakt mit ihnen sollte man vermeiden. Besonders der am h\u00e4ufigsten vonTauchern gesehene Gestreifte Korallenwels der Gattung Plotosus besitzt Giftdr\u00fcsen in den R\u00fccken-, Brust-, und Bauchflossen, das sehr schmerzhaft sein kann.<\/p>\n\n\n\n<p>Ca. 44 Arten in 9 Gattungen sind bisher beschrieben.<\/p>\n\n\n\n<p>Korallenwelse leben in den tropischen und subtropischen Bereichen des westlichen Indopazifik.<\/p>\n\n\n\n<p>Einige Arten Leben auch im Brack- und S\u00fc.wasser, vor allem in Australien und Neuguinea.<\/p>\n","protected":false},"excerpt":{"rendered":"<p>Am eindrucksvollsten sind junge Korallenwelse, die sich zum Schutz im Schwarm \u00fcber den Meeresboden bewegen, weil sie immer wieder neue Formationen bilden. Mal kommen sie als gro\u00dfe schwarze Kugel daher, mal wie ein gro\u00dfer dunkler Rochen, der sich pl\u00f6tzlich teilt, um sich als zweiFu\u00dfb\u00e4lle in getrennte Richtungen zu bewegen. Wieder vereint sehen wir schemenhaft in &hellip; <\/p>\n<p class=\"link-more\"><a href=\"https:\/\/alles-ueber-riffe.de\/?page_id=2443\" class=\"more-link\"><span class=\"screen-reader-text\">\u201eAlles \u00fcber Korallenwelse\u201c<\/span> weiterlesen<\/a><\/p>\n","protected":false},"author":1,"featured_media":0,"parent":0,"menu_order":0,"comment_status":"closed","ping_status":"closed","template":"","meta":{"footnotes":""},"class_list":["post-2443","page","type-page","status-publish","hentry"],"_links":{"self":[{"href":"https:\/\/alles-ueber-riffe.de\/index.php?rest_route=\/wp\/v2\/pages\/2443","targetHints":{"allow":["GET"]}}],"collection":[{"href":"https:\/\/alles-ueber-riffe.de\/index.php?rest_route=\/wp\/v2\/pages"}],"about":[{"href":"https:\/\/alles-ueber-riffe.de\/index.php?rest_route=\/wp\/v2\/types\/page"}],"author":[{"embeddable":true,"href":"https:\/\/alles-ueber-riffe.de\/index.php?rest_route=\/wp\/v2\/users\/1"}],"replies":[{"embeddable":true,"href":"https:\/\/alles-ueber-riffe.de\/index.php?rest_route=%2Fwp%2Fv2%2Fcomments&post=2443"}],"version-history":[{"count":1,"href":"https:\/\/alles-ueber-riffe.de\/index.php?rest_route=\/wp\/v2\/pages\/2443\/revisions"}],"predecessor-version":[{"id":2444,"href":"https:\/\/alles-ueber-riffe.de\/index.php?rest_route=\/wp\/v2\/pages\/2443\/revisions\/2444"}],"wp:attachment":[{"href":"https:\/\/alles-ueber-riffe.de\/index.php?rest_route=%2Fwp%2Fv2%2Fmedia&parent=2443"}],"curies":[{"name":"wp","href":"https:\/\/api.w.org\/{rel}","templated":true}]}}