{"id":2188,"date":"2024-11-21T09:22:35","date_gmt":"2024-11-21T09:22:35","guid":{"rendered":"https:\/\/alles-ueber-riffe.de\/?page_id=2188"},"modified":"2024-11-21T09:23:32","modified_gmt":"2024-11-21T09:23:32","slug":"alles-ueber-heringsartige","status":"publish","type":"page","link":"https:\/\/alles-ueber-riffe.de\/?page_id=2188","title":{"rendered":"Alles \u00fcber Heringsartige"},"content":{"rendered":"\n<p>Heringsartige <em>(Clupeiformes)<\/em> kennen wir gew\u00f6hnlich nur als Speisefische aus Dosen oder frisch von der Fischtheke. Auch kennen wir diese Fische aus Nordeuropa, dessen kommerzielle Nutzung Staaten wie Holland oder D\u00e4nemark im Mittelalter Reichtum und Wohlstand gebracht haben.<\/p>\n\n\n\n<p>Zu den Heringsartigen geh\u00f6rt auch die Familie der Sardinellas, die umgangssprachlich als \u201eSardinen\u201c bezeichnet werden. Einige Arten dieser Familie leben im westlichen Teil des tropischen Indopazifik und so kann man mitten in einem Korallenriff auf den Philippinenoder Indonesien die Faszination eines gigantischen Sardinenschwarmes erleben: Ein atemberaubendes Erlebnis.<\/p>\n\n\n\n<p>Ca. 400 Arten in 80 Gattungen Heringsartige sind bisher beschrieben.<\/p>\n\n\n\n<p>Heringsartige leben \u00fcberwiegend in gem\u00e4\u00dfigten und kalten Gew\u00e4ssern. Nur einige wenige Arten leben in den tropischen und subtropischen Bereichen im westlichen Pazifik.<\/p>\n","protected":false},"excerpt":{"rendered":"<p>Heringsartige (Clupeiformes) kennen wir gew\u00f6hnlich nur als Speisefische aus Dosen oder frisch von der Fischtheke. Auch kennen wir diese Fische aus Nordeuropa, dessen kommerzielle Nutzung Staaten wie Holland oder D\u00e4nemark im Mittelalter Reichtum und Wohlstand gebracht haben. Zu den Heringsartigen geh\u00f6rt auch die Familie der Sardinellas, die umgangssprachlich als \u201eSardinen\u201c bezeichnet werden. Einige Arten dieser &hellip; <\/p>\n<p class=\"link-more\"><a href=\"https:\/\/alles-ueber-riffe.de\/?page_id=2188\" class=\"more-link\"><span class=\"screen-reader-text\">\u201eAlles \u00fcber Heringsartige\u201c<\/span> weiterlesen<\/a><\/p>\n","protected":false},"author":1,"featured_media":0,"parent":0,"menu_order":0,"comment_status":"closed","ping_status":"closed","template":"","meta":{"footnotes":""},"class_list":["post-2188","page","type-page","status-publish","hentry"],"_links":{"self":[{"href":"https:\/\/alles-ueber-riffe.de\/index.php?rest_route=\/wp\/v2\/pages\/2188","targetHints":{"allow":["GET"]}}],"collection":[{"href":"https:\/\/alles-ueber-riffe.de\/index.php?rest_route=\/wp\/v2\/pages"}],"about":[{"href":"https:\/\/alles-ueber-riffe.de\/index.php?rest_route=\/wp\/v2\/types\/page"}],"author":[{"embeddable":true,"href":"https:\/\/alles-ueber-riffe.de\/index.php?rest_route=\/wp\/v2\/users\/1"}],"replies":[{"embeddable":true,"href":"https:\/\/alles-ueber-riffe.de\/index.php?rest_route=%2Fwp%2Fv2%2Fcomments&post=2188"}],"version-history":[{"count":3,"href":"https:\/\/alles-ueber-riffe.de\/index.php?rest_route=\/wp\/v2\/pages\/2188\/revisions"}],"predecessor-version":[{"id":2191,"href":"https:\/\/alles-ueber-riffe.de\/index.php?rest_route=\/wp\/v2\/pages\/2188\/revisions\/2191"}],"wp:attachment":[{"href":"https:\/\/alles-ueber-riffe.de\/index.php?rest_route=%2Fwp%2Fv2%2Fmedia&parent=2188"}],"curies":[{"name":"wp","href":"https:\/\/api.w.org\/{rel}","templated":true}]}}