{"id":2086,"date":"2024-11-20T17:11:45","date_gmt":"2024-11-20T17:11:45","guid":{"rendered":"https:\/\/alles-ueber-riffe.de\/?page_id=2086"},"modified":"2024-11-20T17:11:45","modified_gmt":"2024-11-20T17:11:45","slug":"alles-ueber-grunzbarsche","status":"publish","type":"page","link":"https:\/\/alles-ueber-riffe.de\/?page_id=2086","title":{"rendered":"Alles \u00fcber Grunzbarsche"},"content":{"rendered":"\n<p>Grunzbarsche k\u00f6nnen wirklich grunzen. Sie erzeugen die T\u00f6ne mit ihrer Schwimmblase. Aber jeder Biologe wei\u00df, dass \u201eStumm wie ein Fisch im Wasser\u201c eben nur eine Redewendung ist und keinesfalls auf alle Fische zutrifft.<\/p>\n\n\n\n<p>Ca. 50 Arten in 16 Gattungen sind bisher beschrieben.<\/p>\n\n\n\n<p>Grunzbarsche leben in den tropischen und subtropischen Bereichen des Indopazifiks aber auch im Brack- und S\u00fc\u00dfwasser.<\/p>\n","protected":false},"excerpt":{"rendered":"<p>Grunzbarsche k\u00f6nnen wirklich grunzen. Sie erzeugen die T\u00f6ne mit ihrer Schwimmblase. Aber jeder Biologe wei\u00df, dass \u201eStumm wie ein Fisch im Wasser\u201c eben nur eine Redewendung ist und keinesfalls auf alle Fische zutrifft. Ca. 50 Arten in 16 Gattungen sind bisher beschrieben. Grunzbarsche leben in den tropischen und subtropischen Bereichen des Indopazifiks aber auch im &hellip; <\/p>\n<p class=\"link-more\"><a href=\"https:\/\/alles-ueber-riffe.de\/?page_id=2086\" class=\"more-link\"><span class=\"screen-reader-text\">\u201eAlles \u00fcber Grunzbarsche\u201c<\/span> weiterlesen<\/a><\/p>\n","protected":false},"author":1,"featured_media":0,"parent":0,"menu_order":0,"comment_status":"closed","ping_status":"closed","template":"","meta":{"footnotes":""},"class_list":["post-2086","page","type-page","status-publish","hentry"],"_links":{"self":[{"href":"https:\/\/alles-ueber-riffe.de\/index.php?rest_route=\/wp\/v2\/pages\/2086","targetHints":{"allow":["GET"]}}],"collection":[{"href":"https:\/\/alles-ueber-riffe.de\/index.php?rest_route=\/wp\/v2\/pages"}],"about":[{"href":"https:\/\/alles-ueber-riffe.de\/index.php?rest_route=\/wp\/v2\/types\/page"}],"author":[{"embeddable":true,"href":"https:\/\/alles-ueber-riffe.de\/index.php?rest_route=\/wp\/v2\/users\/1"}],"replies":[{"embeddable":true,"href":"https:\/\/alles-ueber-riffe.de\/index.php?rest_route=%2Fwp%2Fv2%2Fcomments&post=2086"}],"version-history":[{"count":1,"href":"https:\/\/alles-ueber-riffe.de\/index.php?rest_route=\/wp\/v2\/pages\/2086\/revisions"}],"predecessor-version":[{"id":2087,"href":"https:\/\/alles-ueber-riffe.de\/index.php?rest_route=\/wp\/v2\/pages\/2086\/revisions\/2087"}],"wp:attachment":[{"href":"https:\/\/alles-ueber-riffe.de\/index.php?rest_route=%2Fwp%2Fv2%2Fmedia&parent=2086"}],"curies":[{"name":"wp","href":"https:\/\/api.w.org\/{rel}","templated":true}]}}