{"id":2067,"date":"2024-11-20T17:00:42","date_gmt":"2024-11-20T17:00:42","guid":{"rendered":"https:\/\/alles-ueber-riffe.de\/?page_id=2067"},"modified":"2024-11-20T17:00:42","modified_gmt":"2024-11-20T17:00:42","slug":"alles-ueber-graetenfische","status":"publish","type":"page","link":"https:\/\/alles-ueber-riffe.de\/?page_id=2067","title":{"rendered":"Alles \u00fcber Gr\u00e4tenfische"},"content":{"rendered":"\n<p>Gr\u00e4tenfische verwechselt man sehr leicht mit Milchfischen oder Meer\u00e4schen. Gleiche Gr\u00f6\u00dfe von bis zu einem Meter, silberne Farbe und sich \u00fcberschneidende Lebensr\u00e4ume wie z.B. im flachen Wasser an Ufern\u00e4he sind Schuld an dieser Verwechslung. Sie lassen sich am besten an den Flossen und der Positionierung des Maules unterscheiden.<\/p>\n\n\n\n<p>Was einen wirklich \u00fcberrascht: Gr\u00e4tenfische sind mit den Aalartigen verwandt. Die Larvenform brachte den Wissenschaftlern diese Erkenntnis.<\/p>\n\n\n\n<p>11 Arten in zwei Gattungen sind bisher beschrieben.<\/p>\n\n\n\n<p>Gr\u00e4tenfische leben in den tropischen und subtropischen Bereichen aller Ozeane.<\/p>\n","protected":false},"excerpt":{"rendered":"<p>Gr\u00e4tenfische verwechselt man sehr leicht mit Milchfischen oder Meer\u00e4schen. Gleiche Gr\u00f6\u00dfe von bis zu einem Meter, silberne Farbe und sich \u00fcberschneidende Lebensr\u00e4ume wie z.B. im flachen Wasser an Ufern\u00e4he sind Schuld an dieser Verwechslung. Sie lassen sich am besten an den Flossen und der Positionierung des Maules unterscheiden. Was einen wirklich \u00fcberrascht: Gr\u00e4tenfische sind mit &hellip; <\/p>\n<p class=\"link-more\"><a href=\"https:\/\/alles-ueber-riffe.de\/?page_id=2067\" class=\"more-link\"><span class=\"screen-reader-text\">\u201eAlles \u00fcber Gr\u00e4tenfische\u201c<\/span> weiterlesen<\/a><\/p>\n","protected":false},"author":1,"featured_media":0,"parent":0,"menu_order":0,"comment_status":"closed","ping_status":"closed","template":"","meta":{"footnotes":""},"class_list":["post-2067","page","type-page","status-publish","hentry"],"_links":{"self":[{"href":"https:\/\/alles-ueber-riffe.de\/index.php?rest_route=\/wp\/v2\/pages\/2067","targetHints":{"allow":["GET"]}}],"collection":[{"href":"https:\/\/alles-ueber-riffe.de\/index.php?rest_route=\/wp\/v2\/pages"}],"about":[{"href":"https:\/\/alles-ueber-riffe.de\/index.php?rest_route=\/wp\/v2\/types\/page"}],"author":[{"embeddable":true,"href":"https:\/\/alles-ueber-riffe.de\/index.php?rest_route=\/wp\/v2\/users\/1"}],"replies":[{"embeddable":true,"href":"https:\/\/alles-ueber-riffe.de\/index.php?rest_route=%2Fwp%2Fv2%2Fcomments&post=2067"}],"version-history":[{"count":1,"href":"https:\/\/alles-ueber-riffe.de\/index.php?rest_route=\/wp\/v2\/pages\/2067\/revisions"}],"predecessor-version":[{"id":2068,"href":"https:\/\/alles-ueber-riffe.de\/index.php?rest_route=\/wp\/v2\/pages\/2067\/revisions\/2068"}],"wp:attachment":[{"href":"https:\/\/alles-ueber-riffe.de\/index.php?rest_route=%2Fwp%2Fv2%2Fmedia&parent=2067"}],"curies":[{"name":"wp","href":"https:\/\/api.w.org\/{rel}","templated":true}]}}