{"id":1935,"date":"2024-11-04T17:41:16","date_gmt":"2024-11-04T17:41:16","guid":{"rendered":"https:\/\/alles-ueber-riffe.de\/?page_id=1935"},"modified":"2024-11-04T17:41:16","modified_gmt":"2024-11-04T17:41:16","slug":"alles-ueber-flaggenschwaenze","status":"publish","type":"page","link":"https:\/\/alles-ueber-riffe.de\/?page_id=1935","title":{"rendered":"Alles \u00fcber Flaggenschw\u00e4nze"},"content":{"rendered":"\n<p>Flaggenschw\u00e4nze sind silberne Fische, die in kleinen Schw\u00e4rmen in der N\u00e4he von Riffen, aber auch im Brackwasser zu finden sind. Nachts jagen sie kleine Fische und Wirbellose. Benannt ist die Gattung nach ihrem Entdecker: dem deutschen Biologen&nbsp;Heinrich Kuhl.<\/p>\n\n\n\n<p>14 Arten, die alle zu einer Gattung geh\u00f6ren, sind bisher beschrieben.<\/p>\n\n\n\n<p>Flaggenschw\u00e4nze leben bis auf eine Art in den tropischen Bereichen des Indopazifik.&nbsp;<\/p>\n","protected":false},"excerpt":{"rendered":"<p>Flaggenschw\u00e4nze sind silberne Fische, die in kleinen Schw\u00e4rmen in der N\u00e4he von Riffen, aber auch im Brackwasser zu finden sind. Nachts jagen sie kleine Fische und Wirbellose. Benannt ist die Gattung nach ihrem Entdecker: dem deutschen Biologen&nbsp;Heinrich Kuhl. 14 Arten, die alle zu einer Gattung geh\u00f6ren, sind bisher beschrieben. Flaggenschw\u00e4nze leben bis auf eine Art &hellip; <\/p>\n<p class=\"link-more\"><a href=\"https:\/\/alles-ueber-riffe.de\/?page_id=1935\" class=\"more-link\"><span class=\"screen-reader-text\">\u201eAlles \u00fcber Flaggenschw\u00e4nze\u201c<\/span> weiterlesen<\/a><\/p>\n","protected":false},"author":1,"featured_media":0,"parent":0,"menu_order":0,"comment_status":"closed","ping_status":"closed","template":"","meta":{"footnotes":""},"class_list":["post-1935","page","type-page","status-publish","hentry"],"_links":{"self":[{"href":"https:\/\/alles-ueber-riffe.de\/index.php?rest_route=\/wp\/v2\/pages\/1935","targetHints":{"allow":["GET"]}}],"collection":[{"href":"https:\/\/alles-ueber-riffe.de\/index.php?rest_route=\/wp\/v2\/pages"}],"about":[{"href":"https:\/\/alles-ueber-riffe.de\/index.php?rest_route=\/wp\/v2\/types\/page"}],"author":[{"embeddable":true,"href":"https:\/\/alles-ueber-riffe.de\/index.php?rest_route=\/wp\/v2\/users\/1"}],"replies":[{"embeddable":true,"href":"https:\/\/alles-ueber-riffe.de\/index.php?rest_route=%2Fwp%2Fv2%2Fcomments&post=1935"}],"version-history":[{"count":1,"href":"https:\/\/alles-ueber-riffe.de\/index.php?rest_route=\/wp\/v2\/pages\/1935\/revisions"}],"predecessor-version":[{"id":1936,"href":"https:\/\/alles-ueber-riffe.de\/index.php?rest_route=\/wp\/v2\/pages\/1935\/revisions\/1936"}],"wp:attachment":[{"href":"https:\/\/alles-ueber-riffe.de\/index.php?rest_route=%2Fwp%2Fv2%2Fmedia&parent=1935"}],"curies":[{"name":"wp","href":"https:\/\/api.w.org\/{rel}","templated":true}]}}