{"id":1891,"date":"2024-11-04T17:16:04","date_gmt":"2024-11-04T17:16:04","guid":{"rendered":"https:\/\/alles-ueber-riffe.de\/?page_id=1891"},"modified":"2024-11-04T17:16:04","modified_gmt":"2024-11-04T17:16:04","slug":"alles-ueber-feilenfische","status":"publish","type":"page","link":"https:\/\/alles-ueber-riffe.de\/?page_id=1891","title":{"rendered":"Alles \u00fcber Feilenfische"},"content":{"rendered":"\n<p>Feilenfische wirken wie \u201eDr\u00fcckerfische light\u201c und tats\u00e4chlich sind sie mit ihnen eng verwandt. Sie besitzen auch einen R\u00fcckstachel, k\u00f6nnen sich damit aber nicht in Felsspalten einklemmen. Ihr Maul scheint eher ein harmloses, spitzes M\u00fcndchen und ist keinesfalls in der Lage, Taucherflossen durchzubei\u00dfen, wie es der Riesendr\u00fcckerfisch problemlos schafft.<\/p>\n\n\n\n<p>So wehrlos ausgestattet verlassen sich viele Feilenfische eher auf die Tarnung und l\u00f6sen sich farblich und mit Hautforts\u00e4tzen versehen in der Umgebung auf. Ihre Augen verfolgen jede Bewegung aufmerksam. Der kleinste Feilenfisch wird nur ca. 2 cm, der gr\u00f6\u00dfte \u00fcber einen Meter gro\u00df.<\/p>\n\n\n\n<p>Ca. 107 Arten in 26 Gattungen sind bisher beschrieben.<\/p>\n\n\n\n<p>Feilenfische leben in den tropischen und subtropischen Bereichen aller Ozeane.&nbsp;<\/p>\n","protected":false},"excerpt":{"rendered":"<p>Feilenfische wirken wie \u201eDr\u00fcckerfische light\u201c und tats\u00e4chlich sind sie mit ihnen eng verwandt. Sie besitzen auch einen R\u00fcckstachel, k\u00f6nnen sich damit aber nicht in Felsspalten einklemmen. Ihr Maul scheint eher ein harmloses, spitzes M\u00fcndchen und ist keinesfalls in der Lage, Taucherflossen durchzubei\u00dfen, wie es der Riesendr\u00fcckerfisch problemlos schafft. So wehrlos ausgestattet verlassen sich viele Feilenfische &hellip; <\/p>\n<p class=\"link-more\"><a href=\"https:\/\/alles-ueber-riffe.de\/?page_id=1891\" class=\"more-link\"><span class=\"screen-reader-text\">\u201eAlles \u00fcber Feilenfische\u201c<\/span> weiterlesen<\/a><\/p>\n","protected":false},"author":1,"featured_media":0,"parent":0,"menu_order":0,"comment_status":"closed","ping_status":"closed","template":"","meta":{"footnotes":""},"class_list":["post-1891","page","type-page","status-publish","hentry"],"_links":{"self":[{"href":"https:\/\/alles-ueber-riffe.de\/index.php?rest_route=\/wp\/v2\/pages\/1891","targetHints":{"allow":["GET"]}}],"collection":[{"href":"https:\/\/alles-ueber-riffe.de\/index.php?rest_route=\/wp\/v2\/pages"}],"about":[{"href":"https:\/\/alles-ueber-riffe.de\/index.php?rest_route=\/wp\/v2\/types\/page"}],"author":[{"embeddable":true,"href":"https:\/\/alles-ueber-riffe.de\/index.php?rest_route=\/wp\/v2\/users\/1"}],"replies":[{"embeddable":true,"href":"https:\/\/alles-ueber-riffe.de\/index.php?rest_route=%2Fwp%2Fv2%2Fcomments&post=1891"}],"version-history":[{"count":1,"href":"https:\/\/alles-ueber-riffe.de\/index.php?rest_route=\/wp\/v2\/pages\/1891\/revisions"}],"predecessor-version":[{"id":1892,"href":"https:\/\/alles-ueber-riffe.de\/index.php?rest_route=\/wp\/v2\/pages\/1891\/revisions\/1892"}],"wp:attachment":[{"href":"https:\/\/alles-ueber-riffe.de\/index.php?rest_route=%2Fwp%2Fv2%2Fmedia&parent=1891"}],"curies":[{"name":"wp","href":"https:\/\/api.w.org\/{rel}","templated":true}]}}