{"id":1709,"date":"2024-10-31T19:50:00","date_gmt":"2024-10-31T19:50:00","guid":{"rendered":"https:\/\/alles-ueber-riffe.de\/?page_id=1709"},"modified":"2024-10-31T19:51:10","modified_gmt":"2024-10-31T19:51:10","slug":"alles-ueber-dreifosser","status":"publish","type":"page","link":"https:\/\/alles-ueber-riffe.de\/?page_id=1709","title":{"rendered":"Alles \u00fcber Dreifosser"},"content":{"rendered":"\n<p>Dreiflossen-Schleimfische<\/p>\n\n\n\n<p>Die kleinen,  oft bunten Dreiflossen-Schleimfische \u00fcbersieht man leicht. In der Regel nur drei bis f\u00fcnf Zentimeter gro\u00df, liegen sie zwischen den Korallen und Algen im flachen Wasser. Ihr Markenzeichen: Drei R\u00fcckenflossen. Sie ern\u00e4hren sich von kleinen Wirbellosen.<\/p>\n\n\n\n<p>Ca. 160 Arten in 30 Gattungen sind beschrieben.<\/p>\n\n\n\n<p>Sie leben in den tropischen Bereichen aller Ozeane, die meisten Arten allerdings im Indopazifik.<\/p>\n","protected":false},"excerpt":{"rendered":"<p>Dreiflossen-Schleimfische Die kleinen, oft bunten Dreiflossen-Schleimfische \u00fcbersieht man leicht. In der Regel nur drei bis f\u00fcnf Zentimeter gro\u00df, liegen sie zwischen den Korallen und Algen im flachen Wasser. Ihr Markenzeichen: Drei R\u00fcckenflossen. Sie ern\u00e4hren sich von kleinen Wirbellosen. Ca. 160 Arten in 30 Gattungen sind beschrieben. Sie leben in den tropischen Bereichen aller Ozeane, die &hellip; <\/p>\n<p class=\"link-more\"><a href=\"https:\/\/alles-ueber-riffe.de\/?page_id=1709\" class=\"more-link\"><span class=\"screen-reader-text\">\u201eAlles \u00fcber Dreifosser\u201c<\/span> weiterlesen<\/a><\/p>\n","protected":false},"author":1,"featured_media":0,"parent":0,"menu_order":0,"comment_status":"closed","ping_status":"closed","template":"","meta":{"footnotes":""},"class_list":["post-1709","page","type-page","status-publish","hentry"],"_links":{"self":[{"href":"https:\/\/alles-ueber-riffe.de\/index.php?rest_route=\/wp\/v2\/pages\/1709","targetHints":{"allow":["GET"]}}],"collection":[{"href":"https:\/\/alles-ueber-riffe.de\/index.php?rest_route=\/wp\/v2\/pages"}],"about":[{"href":"https:\/\/alles-ueber-riffe.de\/index.php?rest_route=\/wp\/v2\/types\/page"}],"author":[{"embeddable":true,"href":"https:\/\/alles-ueber-riffe.de\/index.php?rest_route=\/wp\/v2\/users\/1"}],"replies":[{"embeddable":true,"href":"https:\/\/alles-ueber-riffe.de\/index.php?rest_route=%2Fwp%2Fv2%2Fcomments&post=1709"}],"version-history":[{"count":4,"href":"https:\/\/alles-ueber-riffe.de\/index.php?rest_route=\/wp\/v2\/pages\/1709\/revisions"}],"predecessor-version":[{"id":1713,"href":"https:\/\/alles-ueber-riffe.de\/index.php?rest_route=\/wp\/v2\/pages\/1709\/revisions\/1713"}],"wp:attachment":[{"href":"https:\/\/alles-ueber-riffe.de\/index.php?rest_route=%2Fwp%2Fv2%2Fmedia&parent=1709"}],"curies":[{"name":"wp","href":"https:\/\/api.w.org\/{rel}","templated":true}]}}