{"id":1621,"date":"2024-10-30T19:13:07","date_gmt":"2024-10-30T19:13:07","guid":{"rendered":"https:\/\/alles-ueber-riffe.de\/?page_id=1621"},"modified":"2024-10-30T19:14:37","modified_gmt":"2024-10-30T19:14:37","slug":"alles-ueber-bueschelbarsche","status":"publish","type":"page","link":"https:\/\/alles-ueber-riffe.de\/?page_id=1621","title":{"rendered":"Alles \u00fcber B\u00fcschelbarsche"},"content":{"rendered":"\n<p>B\u00fcschelbarsche oder Korallenw\u00e4chter genannt, findet man in allen Korallenriffen. Gerne liegen sie auf den Korallenst\u00f6cken und beobachten neugierig das Treiben um sich herum. Die meisten B\u00fcschelbarsche sind Weibchen und Teil eines kleinen Harems von bis zu 10 Tieren. Stirbt der Haremsboss, so verwandelt sich das rangh\u00f6chste Weibchen in ein M\u00e4nnchen.<\/p>\n\n\n\n<p>Ca. 35 Arten in 10 Gattungen sind bisher beschrieben.<\/p>\n\n\n\n<p>B\u00fcschelbarsche leben bis auf zwei Arten in den tropischen Bereichen des Indopazifik.&nbsp;<\/p>\n","protected":false},"excerpt":{"rendered":"<p>B\u00fcschelbarsche oder Korallenw\u00e4chter genannt, findet man in allen Korallenriffen. Gerne liegen sie auf den Korallenst\u00f6cken und beobachten neugierig das Treiben um sich herum. Die meisten B\u00fcschelbarsche sind Weibchen und Teil eines kleinen Harems von bis zu 10 Tieren. Stirbt der Haremsboss, so verwandelt sich das rangh\u00f6chste Weibchen in ein M\u00e4nnchen. Ca. 35 Arten in 10 &hellip; <\/p>\n<p class=\"link-more\"><a href=\"https:\/\/alles-ueber-riffe.de\/?page_id=1621\" class=\"more-link\"><span class=\"screen-reader-text\">\u201eAlles \u00fcber B\u00fcschelbarsche\u201c<\/span> weiterlesen<\/a><\/p>\n","protected":false},"author":1,"featured_media":0,"parent":0,"menu_order":0,"comment_status":"closed","ping_status":"closed","template":"","meta":{"footnotes":""},"class_list":["post-1621","page","type-page","status-publish","hentry"],"_links":{"self":[{"href":"https:\/\/alles-ueber-riffe.de\/index.php?rest_route=\/wp\/v2\/pages\/1621","targetHints":{"allow":["GET"]}}],"collection":[{"href":"https:\/\/alles-ueber-riffe.de\/index.php?rest_route=\/wp\/v2\/pages"}],"about":[{"href":"https:\/\/alles-ueber-riffe.de\/index.php?rest_route=\/wp\/v2\/types\/page"}],"author":[{"embeddable":true,"href":"https:\/\/alles-ueber-riffe.de\/index.php?rest_route=\/wp\/v2\/users\/1"}],"replies":[{"embeddable":true,"href":"https:\/\/alles-ueber-riffe.de\/index.php?rest_route=%2Fwp%2Fv2%2Fcomments&post=1621"}],"version-history":[{"count":2,"href":"https:\/\/alles-ueber-riffe.de\/index.php?rest_route=\/wp\/v2\/pages\/1621\/revisions"}],"predecessor-version":[{"id":1623,"href":"https:\/\/alles-ueber-riffe.de\/index.php?rest_route=\/wp\/v2\/pages\/1621\/revisions\/1623"}],"wp:attachment":[{"href":"https:\/\/alles-ueber-riffe.de\/index.php?rest_route=%2Fwp%2Fv2%2Fmedia&parent=1621"}],"curies":[{"name":"wp","href":"https:\/\/api.w.org\/{rel}","templated":true}]}}