{"id":1453,"date":"2024-10-30T17:18:12","date_gmt":"2024-10-30T17:18:12","guid":{"rendered":"https:\/\/alles-ueber-riffe.de\/?page_id=1453"},"modified":"2024-10-30T17:18:49","modified_gmt":"2024-10-30T17:18:49","slug":"alles-ueber-aehrenfische","status":"publish","type":"page","link":"https:\/\/alles-ueber-riffe.de\/?page_id=1453","title":{"rendered":"Alles \u00fcber \u00c4hrenfische"},"content":{"rendered":"\n<p>Nur wenige Fische beherrschen den Wechsel zwischen sichtbar und unsichtbar so perfekt wie die \u00c4hrenfische. Als einzelner Fisch klein, schlank und unscheinbar, verwandelt ein Schwarm die Unterwasserwelt in ein Blitzlichtgewitter von pl\u00f6tzlich auftauchenden Formationen, die im n\u00e4chsten Moment verschwinden, um ebenso \u00fcberraschend in v\u00f6llig anderer Erscheinung wieder aufzutauchen: eines der faszinierendsten Unterwassererlebnisse.&nbsp;<\/p>\n\n\n\n<p>Was f\u00fcr uns so spektakul\u00e4r aussieht, ist f\u00fcr die \u00c4hrenfische eine Verteidigungsstrategie gegen ihre Fressfeinde, denn diese gibt es im Riff reichlich. Kein Raubfisch, bei dem sie nicht auf der Speisekarte stehen. Makrelen jagen sie am liebsten.<\/p>\n\n\n\n<p>Das wichtigste Erkennungsmerkmal der \u00c4hrenfische sind zwei, weit auseinander stehende R\u00fcckenflossen, falls man einmal die Gelegenheit haben sollte ihnen nahe zu kommen. Sie ern\u00e4hren sich von Plankton und halten sich gerne in der N\u00e4he von Riffen auf. \u00dcber ihre weitere Biologie gibt es kaum Erkenntnisse.<\/p>\n\n\n\n<p>71 Arten in 14 Gattungen sind beschrieben.<\/p>\n\n\n\n<p>Altweltliche \u00c4hrenfische leben in den subtropischen und tropischen Bereichen der Ozeane. Ein Drittel aller Arten leben im S\u00fc\u00dfwasser.<\/p>\n","protected":false},"excerpt":{"rendered":"<p>Nur wenige Fische beherrschen den Wechsel zwischen sichtbar und unsichtbar so perfekt wie die \u00c4hrenfische. Als einzelner Fisch klein, schlank und unscheinbar, verwandelt ein Schwarm die Unterwasserwelt in ein Blitzlichtgewitter von pl\u00f6tzlich auftauchenden Formationen, die im n\u00e4chsten Moment verschwinden, um ebenso \u00fcberraschend in v\u00f6llig anderer Erscheinung wieder aufzutauchen: eines der faszinierendsten Unterwassererlebnisse.&nbsp; Was f\u00fcr uns &hellip; <\/p>\n<p class=\"link-more\"><a href=\"https:\/\/alles-ueber-riffe.de\/?page_id=1453\" class=\"more-link\"><span class=\"screen-reader-text\">\u201eAlles \u00fcber \u00c4hrenfische\u201c<\/span> weiterlesen<\/a><\/p>\n","protected":false},"author":1,"featured_media":0,"parent":0,"menu_order":0,"comment_status":"closed","ping_status":"closed","template":"","meta":{"footnotes":""},"class_list":["post-1453","page","type-page","status-publish","hentry"],"_links":{"self":[{"href":"https:\/\/alles-ueber-riffe.de\/index.php?rest_route=\/wp\/v2\/pages\/1453","targetHints":{"allow":["GET"]}}],"collection":[{"href":"https:\/\/alles-ueber-riffe.de\/index.php?rest_route=\/wp\/v2\/pages"}],"about":[{"href":"https:\/\/alles-ueber-riffe.de\/index.php?rest_route=\/wp\/v2\/types\/page"}],"author":[{"embeddable":true,"href":"https:\/\/alles-ueber-riffe.de\/index.php?rest_route=\/wp\/v2\/users\/1"}],"replies":[{"embeddable":true,"href":"https:\/\/alles-ueber-riffe.de\/index.php?rest_route=%2Fwp%2Fv2%2Fcomments&post=1453"}],"version-history":[{"count":3,"href":"https:\/\/alles-ueber-riffe.de\/index.php?rest_route=\/wp\/v2\/pages\/1453\/revisions"}],"predecessor-version":[{"id":1456,"href":"https:\/\/alles-ueber-riffe.de\/index.php?rest_route=\/wp\/v2\/pages\/1453\/revisions\/1456"}],"wp:attachment":[{"href":"https:\/\/alles-ueber-riffe.de\/index.php?rest_route=%2Fwp%2Fv2%2Fmedia&parent=1453"}],"curies":[{"name":"wp","href":"https:\/\/api.w.org\/{rel}","templated":true}]}}