{"id":1435,"date":"2024-10-29T14:05:24","date_gmt":"2024-10-29T14:05:24","guid":{"rendered":"https:\/\/alles-ueber-riffe.de\/?page_id=1435"},"modified":"2024-10-29T14:05:24","modified_gmt":"2024-10-29T14:05:24","slug":"alles-ueber-zackenbarsche","status":"publish","type":"page","link":"https:\/\/alles-ueber-riffe.de\/?page_id=1435","title":{"rendered":"Alles \u00fcber Zackenbarsche"},"content":{"rendered":"\n<p>Einige Zackenbarscharten geh\u00f6ren zu den gr\u00f6\u00dften im Riff lebenden Fischen. Der gr\u00f6\u00dfte ist der Riesenzackenbarsch, der stattliche 2,50 m und 250 kg erreichen kann. Doch solch stattliche Exemplare sind ganz selten geworden. Wie alle gro\u00dfen Zackenbarscharten wurde der J\u00e4ger zum Gejagten. Fischer aber auch zahlreicher Sportangler stellen Ihnen nach. Gerne posiert man f\u00fcr ein Foto neben einem gro\u00dfen Barsch. Nat\u00fcrliche Feinde f\u00fcr Zackenbarsche gibt es, au\u00dfer gro\u00dfen Haiarten, nicht. Falls sie diese Gr\u00f6\u00dfe erreichen und nicht vorher selbst Beute eines Zackenbarsches geworden sind. Kleine Haie geh\u00f6ren genauso zu ihrem Beuteschema, wie andere Rifffische. Ihrer massigen Erscheinungsform und Kraft bewusst, stehen sie ruhig im Riff und zeigen auch vor Menschen wenig Angst. Der m\u00e4chtige, breite Kopf macht gut ein Drittel der K\u00f6rpergr\u00f6\u00dfe aus. In ihm befindet sich das ebenso m\u00e4chtige Maul. Wenn er es \u00f6ffnet, entsteht ein starker Sog, dem kaum ein Beutetier widerstehen kann.&nbsp;<\/p>\n\n\n\n<p>Die meisten Zackenbarsche jedoch sind mittelgro\u00dfe Fische zwischen 25 und die 60 cm. Manche mit wundersch\u00f6ner Zeichnung und F\u00e4rbung, manche unscheinbar und gut getarnt. Gro\u00dfe Zackenbarscharten leben als Einzelg\u00e4nger in ihrem Revier und sind ortstreu. An ihren Lieblingspl\u00e4tzen kann man sie immer wieder antreffen. Kleinere Arten leben auch in Gruppen, bzw. die M\u00e4nnchen besitzen einen kleinen Harem. Bei Geschlechtsreife sind bei den meisten Zackenbarscharten die Tiere weiblich. Bei Bedarf kann jederzeit das Geschlecht gewechselt werden. Die Eier werden ins freie Wasser abgeben und die jungen Fische verbringen ihre erste Zeit als Teil des Zooplanktons.<\/p>\n\n\n\n<p>Die gro\u00dfen Zackenbarscharten sind vom Aussterben bedroht.&nbsp;<\/p>\n\n\n\n<p>162 Arten in 15 Gattungen sind beschrieben.<\/p>\n\n\n\n<p>Zackenbarsche leben in den gem\u00e4\u00dfigten, subtropischen und tropischen Riffbereichen aller Ozeane.&nbsp;<\/p>\n","protected":false},"excerpt":{"rendered":"<p>Einige Zackenbarscharten geh\u00f6ren zu den gr\u00f6\u00dften im Riff lebenden Fischen. Der gr\u00f6\u00dfte ist der Riesenzackenbarsch, der stattliche 2,50 m und 250 kg erreichen kann. Doch solch stattliche Exemplare sind ganz selten geworden. Wie alle gro\u00dfen Zackenbarscharten wurde der J\u00e4ger zum Gejagten. Fischer aber auch zahlreicher Sportangler stellen Ihnen nach. Gerne posiert man f\u00fcr ein Foto &hellip; <\/p>\n<p class=\"link-more\"><a href=\"https:\/\/alles-ueber-riffe.de\/?page_id=1435\" class=\"more-link\"><span class=\"screen-reader-text\">\u201eAlles \u00fcber Zackenbarsche\u201c<\/span> weiterlesen<\/a><\/p>\n","protected":false},"author":1,"featured_media":0,"parent":0,"menu_order":0,"comment_status":"closed","ping_status":"closed","template":"","meta":{"footnotes":""},"class_list":["post-1435","page","type-page","status-publish","hentry"],"_links":{"self":[{"href":"https:\/\/alles-ueber-riffe.de\/index.php?rest_route=\/wp\/v2\/pages\/1435","targetHints":{"allow":["GET"]}}],"collection":[{"href":"https:\/\/alles-ueber-riffe.de\/index.php?rest_route=\/wp\/v2\/pages"}],"about":[{"href":"https:\/\/alles-ueber-riffe.de\/index.php?rest_route=\/wp\/v2\/types\/page"}],"author":[{"embeddable":true,"href":"https:\/\/alles-ueber-riffe.de\/index.php?rest_route=\/wp\/v2\/users\/1"}],"replies":[{"embeddable":true,"href":"https:\/\/alles-ueber-riffe.de\/index.php?rest_route=%2Fwp%2Fv2%2Fcomments&post=1435"}],"version-history":[{"count":1,"href":"https:\/\/alles-ueber-riffe.de\/index.php?rest_route=\/wp\/v2\/pages\/1435\/revisions"}],"predecessor-version":[{"id":1436,"href":"https:\/\/alles-ueber-riffe.de\/index.php?rest_route=\/wp\/v2\/pages\/1435\/revisions\/1436"}],"wp:attachment":[{"href":"https:\/\/alles-ueber-riffe.de\/index.php?rest_route=%2Fwp%2Fv2%2Fmedia&parent=1435"}],"curies":[{"name":"wp","href":"https:\/\/api.w.org\/{rel}","templated":true}]}}