{"id":1429,"date":"2024-10-29T14:04:00","date_gmt":"2024-10-29T14:04:00","guid":{"rendered":"https:\/\/alles-ueber-riffe.de\/?page_id=1429"},"modified":"2024-10-29T14:04:00","modified_gmt":"2024-10-29T14:04:00","slug":"alles-ueber-tarpune","status":"publish","type":"page","link":"https:\/\/alles-ueber-riffe.de\/?page_id=1429","title":{"rendered":"Alles \u00fcber Tarpune"},"content":{"rendered":"\n<p>Tarpune sind im Freiwasser lebende, schlanke, silbrige R\u00e4uber, die bis zu 2,50 gro\u00df werden k\u00f6nnen. In K\u00fcstenn\u00e4he sieht man eher die jungen Tarpune. Diese halten sich sowohl im Brackwasser, als auch im S\u00fc\u00dfwasser von m\u00fcndenden Fl\u00fcssen auf. Die Larven der Tarpune sind wie die der Aale l\u00e4nglich, und durchsichtig und Teil des Zooplanktons.<\/p>\n\n\n\n<p>Zwei Arten sind beschrieben: Der Atlantische und der Indopazifische Tarpun, womit auch das Verbreitungsgebiet umrissen ist. Sie geh\u00f6ren zu einer Gattung.<\/p>\n","protected":false},"excerpt":{"rendered":"<p>Tarpune sind im Freiwasser lebende, schlanke, silbrige R\u00e4uber, die bis zu 2,50 gro\u00df werden k\u00f6nnen. In K\u00fcstenn\u00e4he sieht man eher die jungen Tarpune. Diese halten sich sowohl im Brackwasser, als auch im S\u00fc\u00dfwasser von m\u00fcndenden Fl\u00fcssen auf. Die Larven der Tarpune sind wie die der Aale l\u00e4nglich, und durchsichtig und Teil des Zooplanktons. Zwei Arten &hellip; <\/p>\n<p class=\"link-more\"><a href=\"https:\/\/alles-ueber-riffe.de\/?page_id=1429\" class=\"more-link\"><span class=\"screen-reader-text\">\u201eAlles \u00fcber Tarpune\u201c<\/span> weiterlesen<\/a><\/p>\n","protected":false},"author":1,"featured_media":0,"parent":0,"menu_order":0,"comment_status":"closed","ping_status":"closed","template":"","meta":{"footnotes":""},"class_list":["post-1429","page","type-page","status-publish","hentry"],"_links":{"self":[{"href":"https:\/\/alles-ueber-riffe.de\/index.php?rest_route=\/wp\/v2\/pages\/1429","targetHints":{"allow":["GET"]}}],"collection":[{"href":"https:\/\/alles-ueber-riffe.de\/index.php?rest_route=\/wp\/v2\/pages"}],"about":[{"href":"https:\/\/alles-ueber-riffe.de\/index.php?rest_route=\/wp\/v2\/types\/page"}],"author":[{"embeddable":true,"href":"https:\/\/alles-ueber-riffe.de\/index.php?rest_route=\/wp\/v2\/users\/1"}],"replies":[{"embeddable":true,"href":"https:\/\/alles-ueber-riffe.de\/index.php?rest_route=%2Fwp%2Fv2%2Fcomments&post=1429"}],"version-history":[{"count":1,"href":"https:\/\/alles-ueber-riffe.de\/index.php?rest_route=\/wp\/v2\/pages\/1429\/revisions"}],"predecessor-version":[{"id":1430,"href":"https:\/\/alles-ueber-riffe.de\/index.php?rest_route=\/wp\/v2\/pages\/1429\/revisions\/1430"}],"wp:attachment":[{"href":"https:\/\/alles-ueber-riffe.de\/index.php?rest_route=%2Fwp%2Fv2%2Fmedia&parent=1429"}],"curies":[{"name":"wp","href":"https:\/\/api.w.org\/{rel}","templated":true}]}}