{"id":1427,"date":"2024-10-29T14:03:24","date_gmt":"2024-10-29T14:03:24","guid":{"rendered":"https:\/\/alles-ueber-riffe.de\/?page_id=1427"},"modified":"2024-10-29T14:03:24","modified_gmt":"2024-10-29T14:03:24","slug":"alles-ueber-tannenzapfenfische","status":"publish","type":"page","link":"https:\/\/alles-ueber-riffe.de\/?page_id=1427","title":{"rendered":"Alles \u00fcber Tannenzapfenfische"},"content":{"rendered":"\n<p>Tannenzapfenfische sehen aus, als w\u00e4ren sie gerade aus einer Millionen Jahre alten Versteinerung erwacht. Entsprechend unbeholfen und langsam schwimmen sie. Ihr bis zu 30 cm langer K\u00f6rper besteht aus einem Schuppenpanzer. Die Gr\u00f6\u00dfe und Form der Schuppen erinnert an einen Tannzapfen. Gro\u00dfe Augen, unter denen sich eine Tasche mit lumineszierenden Bakterien befindet, verraten den nachtaktiven Tiefseebewohner. Mit dem Leuchtorgan locken sie ihre aus Zooplankton bestehende Beute an. Bis in eine Tiefe von 400 m bewohnen sie H\u00f6hlen und \u00dcberh\u00e4nge der Riffe, kommen jedoch auch in f\u00fcr Taucher erreichbare flachere Bereiche um die 10 m.<\/p>\n\n\n\n<p>Vier Arten in zwei Gattungen sind beschrieben.<\/p>\n\n\n\n<p>Tannenzapfenfische leben in den subtropische und tropischen Bereichen des Indopazifik.<\/p>\n","protected":false},"excerpt":{"rendered":"<p>Tannenzapfenfische sehen aus, als w\u00e4ren sie gerade aus einer Millionen Jahre alten Versteinerung erwacht. Entsprechend unbeholfen und langsam schwimmen sie. Ihr bis zu 30 cm langer K\u00f6rper besteht aus einem Schuppenpanzer. Die Gr\u00f6\u00dfe und Form der Schuppen erinnert an einen Tannzapfen. Gro\u00dfe Augen, unter denen sich eine Tasche mit lumineszierenden Bakterien befindet, verraten den nachtaktiven &hellip; <\/p>\n<p class=\"link-more\"><a href=\"https:\/\/alles-ueber-riffe.de\/?page_id=1427\" class=\"more-link\"><span class=\"screen-reader-text\">\u201eAlles \u00fcber Tannenzapfenfische\u201c<\/span> weiterlesen<\/a><\/p>\n","protected":false},"author":1,"featured_media":0,"parent":0,"menu_order":0,"comment_status":"closed","ping_status":"closed","template":"","meta":{"footnotes":""},"class_list":["post-1427","page","type-page","status-publish","hentry"],"_links":{"self":[{"href":"https:\/\/alles-ueber-riffe.de\/index.php?rest_route=\/wp\/v2\/pages\/1427","targetHints":{"allow":["GET"]}}],"collection":[{"href":"https:\/\/alles-ueber-riffe.de\/index.php?rest_route=\/wp\/v2\/pages"}],"about":[{"href":"https:\/\/alles-ueber-riffe.de\/index.php?rest_route=\/wp\/v2\/types\/page"}],"author":[{"embeddable":true,"href":"https:\/\/alles-ueber-riffe.de\/index.php?rest_route=\/wp\/v2\/users\/1"}],"replies":[{"embeddable":true,"href":"https:\/\/alles-ueber-riffe.de\/index.php?rest_route=%2Fwp%2Fv2%2Fcomments&post=1427"}],"version-history":[{"count":1,"href":"https:\/\/alles-ueber-riffe.de\/index.php?rest_route=\/wp\/v2\/pages\/1427\/revisions"}],"predecessor-version":[{"id":1428,"href":"https:\/\/alles-ueber-riffe.de\/index.php?rest_route=\/wp\/v2\/pages\/1427\/revisions\/1428"}],"wp:attachment":[{"href":"https:\/\/alles-ueber-riffe.de\/index.php?rest_route=%2Fwp%2Fv2%2Fmedia&parent=1427"}],"curies":[{"name":"wp","href":"https:\/\/api.w.org\/{rel}","templated":true}]}}