{"id":1425,"date":"2024-10-29T14:02:14","date_gmt":"2024-10-29T14:02:14","guid":{"rendered":"https:\/\/alles-ueber-riffe.de\/?page_id=1425"},"modified":"2024-12-05T22:18:43","modified_gmt":"2024-12-05T22:18:43","slug":"alles-ueber-steinfische","status":"publish","type":"page","link":"https:\/\/alles-ueber-riffe.de\/?page_id=1425","title":{"rendered":"Alles \u00fcber Steinfische"},"content":{"rendered":"\n<p>Steinfische k\u00f6nnen uns Menschen wirklich gef\u00e4hrlich werden. Einige besitzen ein Gift, das t\u00f6dlich sein kann.<\/p>\n\n\n\n<p>Als bewachsene Steine getarnt und damit fast unsichtbar, liegen sie am Meeresboden und warten auf Beute. Man findet sie auch im ganz flachen Wasser auf Sand- und Steinboden oder auf dem Riff. In ihren R\u00fcckenflossen befindet sich<em>&nbsp;<\/em>ein Gift, das f\u00fcr einen Menschen, der auf ihn tritt, t\u00f6dlich sein kann. Diese Arten geh\u00f6ren zu den giftigsten Meeresfischen. Doch nicht alle der 45 Arten besitzen ein t\u00f6dliches Gift, und man kommt mit starken Schmerzen davon.<\/p>\n\n\n\n<p>Bis auf die Paarungszeit sind Steinfische Einzelg\u00e4nger. Dann allerdings zeigen sie eine ungewohnte Verhaltensweise: Sie bewegen sich und schwimmen sogar, wenn auch etwas unbeholfen. Was tut man nicht alles um sich fortzupflanzen. Die frisch geschl\u00fcpften Larven der Steinfische werden Teil des Planktons und verbreiten sich \u00fcber die Meeresstr\u00f6mungen.<\/p>\n\n\n\n<p>Die Einordnung in die biologische Systematik ist umstritten. Nach neueren Erkenntnissen scheint die Zuordnung zu den Drachenk\u00f6pfen zweifelhaft.&nbsp;<\/p>\n\n\n\n<p>36 Arten in 9 Gattungen sind beschrieben.<\/p>\n\n\n\n<p>Steinfische leben im tropischen Bereich des Indopazifik.<\/p>\n","protected":false},"excerpt":{"rendered":"<p>Steinfische k\u00f6nnen uns Menschen wirklich gef\u00e4hrlich werden. Einige besitzen ein Gift, das t\u00f6dlich sein kann. Als bewachsene Steine getarnt und damit fast unsichtbar, liegen sie am Meeresboden und warten auf Beute. Man findet sie auch im ganz flachen Wasser auf Sand- und Steinboden oder auf dem Riff. In ihren R\u00fcckenflossen befindet sich&nbsp;ein Gift, das f\u00fcr &hellip; <\/p>\n<p class=\"link-more\"><a href=\"https:\/\/alles-ueber-riffe.de\/?page_id=1425\" class=\"more-link\"><span class=\"screen-reader-text\">\u201eAlles \u00fcber Steinfische\u201c<\/span> weiterlesen<\/a><\/p>\n","protected":false},"author":1,"featured_media":0,"parent":0,"menu_order":0,"comment_status":"closed","ping_status":"closed","template":"","meta":{"footnotes":""},"class_list":["post-1425","page","type-page","status-publish","hentry"],"_links":{"self":[{"href":"https:\/\/alles-ueber-riffe.de\/index.php?rest_route=\/wp\/v2\/pages\/1425","targetHints":{"allow":["GET"]}}],"collection":[{"href":"https:\/\/alles-ueber-riffe.de\/index.php?rest_route=\/wp\/v2\/pages"}],"about":[{"href":"https:\/\/alles-ueber-riffe.de\/index.php?rest_route=\/wp\/v2\/types\/page"}],"author":[{"embeddable":true,"href":"https:\/\/alles-ueber-riffe.de\/index.php?rest_route=\/wp\/v2\/users\/1"}],"replies":[{"embeddable":true,"href":"https:\/\/alles-ueber-riffe.de\/index.php?rest_route=%2Fwp%2Fv2%2Fcomments&post=1425"}],"version-history":[{"count":3,"href":"https:\/\/alles-ueber-riffe.de\/index.php?rest_route=\/wp\/v2\/pages\/1425\/revisions"}],"predecessor-version":[{"id":3509,"href":"https:\/\/alles-ueber-riffe.de\/index.php?rest_route=\/wp\/v2\/pages\/1425\/revisions\/3509"}],"wp:attachment":[{"href":"https:\/\/alles-ueber-riffe.de\/index.php?rest_route=%2Fwp%2Fv2%2Fmedia&parent=1425"}],"curies":[{"name":"wp","href":"https:\/\/api.w.org\/{rel}","templated":true}]}}