{"id":1423,"date":"2024-10-29T14:01:42","date_gmt":"2024-10-29T14:01:42","guid":{"rendered":"https:\/\/alles-ueber-riffe.de\/?page_id=1423"},"modified":"2024-12-06T16:17:15","modified_gmt":"2024-12-06T16:17:15","slug":"alles-ueber-suesslippen","status":"publish","type":"page","link":"https:\/\/alles-ueber-riffe.de\/?page_id=1423","title":{"rendered":"Alles \u00fcber S\u00fc\u00dflippen"},"content":{"rendered":"\n<p>Juvenile S\u00fc\u00dflippen erstaunen einfach immer wieder. Sie \u00e4hneln den erwachsenen Tieren kaum und sie bewegen sich nicht so wie wir es von Fischen gewohnt sind. Eher erinnert ihre unbeholfene Schimmweise an die eines Strudelwurmes. Da Strudelw\u00fcrmer giftig sein sein k\u00f6nnen, dient diese Mimikry<em>\u00a0<\/em>als Schutz. Auch die F\u00e4rbung der juvenilen Tiere unterscheidet sich extrem von den adulten Fischen.<\/p>\n\n\n\n<p>Die meisten S\u00fc\u00dflippen sind mittelgro\u00dfe Fische und besitzen eine \u00e4hnliche Form wie Stra\u00dfenkehrer oder Meerbrassen, sind aber in der Regel bunter und daher auff\u00e4lliger gef\u00e4rbt. Die Lippen sind ausgepr\u00e4gt. Auch sind sie nachtaktive R\u00e4uber, weshalb man sie tags\u00fcber in kleinen Gruppen eher in gesch\u00fctzten Riffbereichen findet.&nbsp;<\/p>\n\n\n\n<p>Die Unterfamilie der Grunzer ist weniger auff\u00e4llig, was die F\u00e4rbung und Musterung betrifft. Sie tragen diesen Namen, weil sie mit ihren Z\u00e4hnen grunzende T\u00f6ne erzeugen k\u00f6nnen , die durch die Schwimmblase verst\u00e4rkt werden. Grunzer treten oft in riesigen Schw\u00e4rmen mit tausenden von Tieren auf. In unserem Verbreitungsgebiet vor allem im Ostpazifik.<\/p>\n\n\n\n<p>133 Arten in 19 Gattungen sind beschrieben.<\/p>\n\n\n\n<p>S\u00fc\u00dflippen und Grunzer leben in den tropischen Bereichen aller Ozeane.<\/p>\n","protected":false},"excerpt":{"rendered":"<p>Juvenile S\u00fc\u00dflippen erstaunen einfach immer wieder. Sie \u00e4hneln den erwachsenen Tieren kaum und sie bewegen sich nicht so wie wir es von Fischen gewohnt sind. Eher erinnert ihre unbeholfene Schimmweise an die eines Strudelwurmes. Da Strudelw\u00fcrmer giftig sein sein k\u00f6nnen, dient diese Mimikry\u00a0als Schutz. Auch die F\u00e4rbung der juvenilen Tiere unterscheidet sich extrem von den &hellip; <\/p>\n<p class=\"link-more\"><a href=\"https:\/\/alles-ueber-riffe.de\/?page_id=1423\" class=\"more-link\"><span class=\"screen-reader-text\">\u201eAlles \u00fcber S\u00fc\u00dflippen\u201c<\/span> weiterlesen<\/a><\/p>\n","protected":false},"author":1,"featured_media":0,"parent":0,"menu_order":0,"comment_status":"closed","ping_status":"closed","template":"","meta":{"footnotes":""},"class_list":["post-1423","page","type-page","status-publish","hentry"],"_links":{"self":[{"href":"https:\/\/alles-ueber-riffe.de\/index.php?rest_route=\/wp\/v2\/pages\/1423","targetHints":{"allow":["GET"]}}],"collection":[{"href":"https:\/\/alles-ueber-riffe.de\/index.php?rest_route=\/wp\/v2\/pages"}],"about":[{"href":"https:\/\/alles-ueber-riffe.de\/index.php?rest_route=\/wp\/v2\/types\/page"}],"author":[{"embeddable":true,"href":"https:\/\/alles-ueber-riffe.de\/index.php?rest_route=\/wp\/v2\/users\/1"}],"replies":[{"embeddable":true,"href":"https:\/\/alles-ueber-riffe.de\/index.php?rest_route=%2Fwp%2Fv2%2Fcomments&post=1423"}],"version-history":[{"count":2,"href":"https:\/\/alles-ueber-riffe.de\/index.php?rest_route=\/wp\/v2\/pages\/1423\/revisions"}],"predecessor-version":[{"id":3569,"href":"https:\/\/alles-ueber-riffe.de\/index.php?rest_route=\/wp\/v2\/pages\/1423\/revisions\/3569"}],"wp:attachment":[{"href":"https:\/\/alles-ueber-riffe.de\/index.php?rest_route=%2Fwp%2Fv2%2Fmedia&parent=1423"}],"curies":[{"name":"wp","href":"https:\/\/api.w.org\/{rel}","templated":true}]}}