{"id":1421,"date":"2024-10-29T14:01:15","date_gmt":"2024-10-29T14:01:15","guid":{"rendered":"https:\/\/alles-ueber-riffe.de\/?page_id=1421"},"modified":"2024-12-06T15:50:04","modified_gmt":"2024-12-06T15:50:04","slug":"alles-ueber-stirnflosser","status":"publish","type":"page","link":"https:\/\/alles-ueber-riffe.de\/?page_id=1421","title":{"rendered":"Alles \u00fcber Stirnflosser"},"content":{"rendered":"\n<p>Stirnflosser und Schaukelfische verwechselt man leicht. Sie sehen sich nicht nur sehr \u00e4hnlich, sie haben auch noch die gleiche F\u00e4rbung, Gr\u00f6\u00dfe, Verhalten und Jagdstrategie. <\/p>\n\n\n\n<p>Beide Familien tarnen sich als Bl\u00e4tter, haben giftige R\u00fcckenflossen und leben im gleichen Verbreitungsgebiet. Auf den Philippinen kann man mit etwas Gl\u00fcck beide bei einem einzigen Tauchgang sehen. <\/p>\n\n\n\n<p>Verwandt sind die beiden Familien nicht. Stirnflosser geh\u00f6ren zu den Barschartigen, Schaukelfische zu den Skorpionsfischen. Wieder eine tolles Beispiel f\u00fcr Konvergenz, einer parallelen evolution\u00e4ren Entwicklung.<\/p>\n\n\n\n<p>40 Arten in 17 Gattungen sind beschrieben.<\/p>\n\n\n\n<p>Stirnflosser leben in den tropischen Bereichen des westlichen- und es Indopazifk.<\/p>\n","protected":false},"excerpt":{"rendered":"<p>Stirnflosser und Schaukelfische verwechselt man leicht. Sie sehen sich nicht nur sehr \u00e4hnlich, sie haben auch noch die gleiche F\u00e4rbung, Gr\u00f6\u00dfe, Verhalten und Jagdstrategie. Beide Familien tarnen sich als Bl\u00e4tter, haben giftige R\u00fcckenflossen und leben im gleichen Verbreitungsgebiet. Auf den Philippinen kann man mit etwas Gl\u00fcck beide bei einem einzigen Tauchgang sehen. Verwandt sind die &hellip; <\/p>\n<p class=\"link-more\"><a href=\"https:\/\/alles-ueber-riffe.de\/?page_id=1421\" class=\"more-link\"><span class=\"screen-reader-text\">\u201eAlles \u00fcber Stirnflosser\u201c<\/span> weiterlesen<\/a><\/p>\n","protected":false},"author":1,"featured_media":0,"parent":0,"menu_order":0,"comment_status":"closed","ping_status":"closed","template":"","meta":{"footnotes":""},"class_list":["post-1421","page","type-page","status-publish","hentry"],"_links":{"self":[{"href":"https:\/\/alles-ueber-riffe.de\/index.php?rest_route=\/wp\/v2\/pages\/1421","targetHints":{"allow":["GET"]}}],"collection":[{"href":"https:\/\/alles-ueber-riffe.de\/index.php?rest_route=\/wp\/v2\/pages"}],"about":[{"href":"https:\/\/alles-ueber-riffe.de\/index.php?rest_route=\/wp\/v2\/types\/page"}],"author":[{"embeddable":true,"href":"https:\/\/alles-ueber-riffe.de\/index.php?rest_route=\/wp\/v2\/users\/1"}],"replies":[{"embeddable":true,"href":"https:\/\/alles-ueber-riffe.de\/index.php?rest_route=%2Fwp%2Fv2%2Fcomments&post=1421"}],"version-history":[{"count":2,"href":"https:\/\/alles-ueber-riffe.de\/index.php?rest_route=\/wp\/v2\/pages\/1421\/revisions"}],"predecessor-version":[{"id":3526,"href":"https:\/\/alles-ueber-riffe.de\/index.php?rest_route=\/wp\/v2\/pages\/1421\/revisions\/3526"}],"wp:attachment":[{"href":"https:\/\/alles-ueber-riffe.de\/index.php?rest_route=%2Fwp%2Fv2%2Fmedia&parent=1421"}],"curies":[{"name":"wp","href":"https:\/\/api.w.org\/{rel}","templated":true}]}}