{"id":1414,"date":"2024-10-29T13:59:39","date_gmt":"2024-10-29T13:59:39","guid":{"rendered":"https:\/\/alles-ueber-riffe.de\/?page_id=1414"},"modified":"2024-12-04T17:52:58","modified_gmt":"2024-12-04T17:52:58","slug":"alles-ueber-skorpionsfische","status":"publish","type":"page","link":"https:\/\/alles-ueber-riffe.de\/?page_id=1414","title":{"rendered":"Alles \u00fcber Skorpionsfische"},"content":{"rendered":"\n<p><\/p>\n\n\n\n<p>Ihr aus Eiwei\u00dfen bestehendes Gift ist f\u00fcr Menschen nicht t\u00f6dlich, aber sehr schmerzhaft. Das Gift befindet sich in den Hartstrahlen fast jeder Flosse.\u00a0<\/p>\n\n\n\n<p>Beeindruckend das gro\u00dfe Maul dieser Lauerj\u00e4ger. Dementsprechend macht der Kopf auch fast ein Drittel des K\u00f6rpers aus. Wehe dem Fisch, der gerade vorbei kommt! Das Maul st\u00fclpt sich geradezu \u00fcber ihn. <\/p>\n\n\n\n<p>Manchmal \u00f6ffnen sie ihr Maul auch einfach so, vermutlich als Dehn- oder Muskeltraining. <\/p>\n\n\n\n<p>Meistens aber sieht man Skorpionsfische eher bewegungslos auf dem Meeresboden herumliegen, denn sie sind faule Lauerj\u00e4ger, gut getarnt durch zottelige Fransen, teilweise von Algen \u00fcberwachsen, und von Wirbellosen besiedelt. Am ehesten verraten sie ihre Augen oder die Kontur des Mauls.<\/p>\n\n\n\n<p>Die Unterfamilie der Skorpionsfische geh\u00f6rt zusammen mit den Pelzgroppen, den Schaukelfischen und den Rotfeuerfischen zu der Familie der Skorpionsfische. Das ist etwas verwirrend, da die Familie und die Unterfamilie den gleichen Namen tr\u00e4gt, so dass man oft auch von den \u201eeigentlichen Skorpionsfischen\u201c spricht. Ein weiterer gebr\u00e4uchlicher Name ist \u201eDrachenk\u00f6pfe\u201c.<\/p>\n\n\n\n<p>215 Arten in 26 Gattungen sind beschrieben.<\/p>\n\n\n\n<p>Skorpionsfische leben in allen tropischen und subtropischen Meeren.&nbsp;<\/p>\n","protected":false},"excerpt":{"rendered":"<p>Ihr aus Eiwei\u00dfen bestehendes Gift ist f\u00fcr Menschen nicht t\u00f6dlich, aber sehr schmerzhaft. Das Gift befindet sich in den Hartstrahlen fast jeder Flosse.\u00a0 Beeindruckend das gro\u00dfe Maul dieser Lauerj\u00e4ger. Dementsprechend macht der Kopf auch fast ein Drittel des K\u00f6rpers aus. Wehe dem Fisch, der gerade vorbei kommt! Das Maul st\u00fclpt sich geradezu \u00fcber ihn. Manchmal &hellip; <\/p>\n<p class=\"link-more\"><a href=\"https:\/\/alles-ueber-riffe.de\/?page_id=1414\" class=\"more-link\"><span class=\"screen-reader-text\">\u201eAlles \u00fcber Skorpionsfische\u201c<\/span> weiterlesen<\/a><\/p>\n","protected":false},"author":1,"featured_media":0,"parent":0,"menu_order":0,"comment_status":"closed","ping_status":"closed","template":"","meta":{"footnotes":""},"class_list":["post-1414","page","type-page","status-publish","hentry"],"_links":{"self":[{"href":"https:\/\/alles-ueber-riffe.de\/index.php?rest_route=\/wp\/v2\/pages\/1414","targetHints":{"allow":["GET"]}}],"collection":[{"href":"https:\/\/alles-ueber-riffe.de\/index.php?rest_route=\/wp\/v2\/pages"}],"about":[{"href":"https:\/\/alles-ueber-riffe.de\/index.php?rest_route=\/wp\/v2\/types\/page"}],"author":[{"embeddable":true,"href":"https:\/\/alles-ueber-riffe.de\/index.php?rest_route=\/wp\/v2\/users\/1"}],"replies":[{"embeddable":true,"href":"https:\/\/alles-ueber-riffe.de\/index.php?rest_route=%2Fwp%2Fv2%2Fcomments&post=1414"}],"version-history":[{"count":3,"href":"https:\/\/alles-ueber-riffe.de\/index.php?rest_route=\/wp\/v2\/pages\/1414\/revisions"}],"predecessor-version":[{"id":3417,"href":"https:\/\/alles-ueber-riffe.de\/index.php?rest_route=\/wp\/v2\/pages\/1414\/revisions\/3417"}],"wp:attachment":[{"href":"https:\/\/alles-ueber-riffe.de\/index.php?rest_route=%2Fwp%2Fv2%2Fmedia&parent=1414"}],"curies":[{"name":"wp","href":"https:\/\/api.w.org\/{rel}","templated":true}]}}