{"id":1412,"date":"2024-10-29T13:59:12","date_gmt":"2024-10-29T13:59:12","guid":{"rendered":"https:\/\/alles-ueber-riffe.de\/?page_id=1412"},"modified":"2024-10-29T13:59:12","modified_gmt":"2024-10-29T13:59:12","slug":"alles-ueber-seifenbarsche","status":"publish","type":"page","link":"https:\/\/alles-ueber-riffe.de\/?page_id=1412","title":{"rendered":"Alles \u00fcber Seifenbarsche"},"content":{"rendered":"\n<p>Seifenbarsche k\u00f6nnen in Stresssituationen ein Hautgift absondern, das andere Fische t\u00f6ten kann. In Konsistenz und Farbe \u00e4hnelt es wie der Name schon vermuten l\u00e4sst: Seife. Seifenbarsche sind nachtaktive R\u00e4uber, die sich<em>&nbsp;<\/em>tags\u00fcber unter Korallen und Felsen verstecken. Wirbellose geh\u00f6ren ebenso zu ihrem Speiseplan wie kleinere Fische. Wie die meisten Barsche sind sie kompakt und kr\u00e4ftig gebaut. Die gr\u00f6\u00dfte Art erreicht 35 cm, die meisten sind jedoch eher kleine Fische.<\/p>\n\n\n\n<p>40 Arten in 8 Gattungen sind beschrieben.<\/p>\n\n\n\n<p>Seifenbarsche leben in den subtropischen und tropischen Bereichen aller Ozeane.<\/p>\n","protected":false},"excerpt":{"rendered":"<p>Seifenbarsche k\u00f6nnen in Stresssituationen ein Hautgift absondern, das andere Fische t\u00f6ten kann. In Konsistenz und Farbe \u00e4hnelt es wie der Name schon vermuten l\u00e4sst: Seife. Seifenbarsche sind nachtaktive R\u00e4uber, die sich&nbsp;tags\u00fcber unter Korallen und Felsen verstecken. Wirbellose geh\u00f6ren ebenso zu ihrem Speiseplan wie kleinere Fische. Wie die meisten Barsche sind sie kompakt und kr\u00e4ftig gebaut. &hellip; <\/p>\n<p class=\"link-more\"><a href=\"https:\/\/alles-ueber-riffe.de\/?page_id=1412\" class=\"more-link\"><span class=\"screen-reader-text\">\u201eAlles \u00fcber Seifenbarsche\u201c<\/span> weiterlesen<\/a><\/p>\n","protected":false},"author":1,"featured_media":0,"parent":0,"menu_order":0,"comment_status":"closed","ping_status":"closed","template":"","meta":{"footnotes":""},"class_list":["post-1412","page","type-page","status-publish","hentry"],"_links":{"self":[{"href":"https:\/\/alles-ueber-riffe.de\/index.php?rest_route=\/wp\/v2\/pages\/1412","targetHints":{"allow":["GET"]}}],"collection":[{"href":"https:\/\/alles-ueber-riffe.de\/index.php?rest_route=\/wp\/v2\/pages"}],"about":[{"href":"https:\/\/alles-ueber-riffe.de\/index.php?rest_route=\/wp\/v2\/types\/page"}],"author":[{"embeddable":true,"href":"https:\/\/alles-ueber-riffe.de\/index.php?rest_route=\/wp\/v2\/users\/1"}],"replies":[{"embeddable":true,"href":"https:\/\/alles-ueber-riffe.de\/index.php?rest_route=%2Fwp%2Fv2%2Fcomments&post=1412"}],"version-history":[{"count":1,"href":"https:\/\/alles-ueber-riffe.de\/index.php?rest_route=\/wp\/v2\/pages\/1412\/revisions"}],"predecessor-version":[{"id":1413,"href":"https:\/\/alles-ueber-riffe.de\/index.php?rest_route=\/wp\/v2\/pages\/1412\/revisions\/1413"}],"wp:attachment":[{"href":"https:\/\/alles-ueber-riffe.de\/index.php?rest_route=%2Fwp%2Fv2%2Fmedia&parent=1412"}],"curies":[{"name":"wp","href":"https:\/\/api.w.org\/{rel}","templated":true}]}}