{"id":1408,"date":"2024-10-29T13:58:20","date_gmt":"2024-10-29T13:58:20","guid":{"rendered":"https:\/\/alles-ueber-riffe.de\/?page_id=1408"},"modified":"2024-12-04T16:32:31","modified_gmt":"2024-12-04T16:32:31","slug":"alles-ueber-seenadeln","status":"publish","type":"page","link":"https:\/\/alles-ueber-riffe.de\/?page_id=1408","title":{"rendered":"Alles \u00fcber Seenadeln"},"content":{"rendered":"\n<p>Seenadeln (Syngnathidae) sind kleine l\u00e4ngliche, an Schlangen erinnernde kleine Fische, die scheinbar faul im Riff oder Seegras herumliegen.<\/p>\n\n\n\n<p>Wie bei den Seepferdchen \u00fcbernehmen auch hier<em>&nbsp;<\/em>die M\u00e4nnchen die Brutpflege und sehen mit ihrer vollen Bauchtasche aus als w\u00e4ren sie schwanger. Sind die Jungen geschl\u00fcpft, endet die F\u00fcrsorge. Sofort sind die kleinen Seenadeln auf sich alleine gestellt.<\/p>\n\n\n\n<p>Seenadeln fressen Plankton. Ganz langsam schweben sie auf ihre Beute zu und erzeugen mit Hilfe von Muskelkraft einen starken Sog, der die Beute blitzschnell in das kleine r\u00f6hrenf\u00f6rmige Maul hineinzieht.<\/p>\n\n\n\n<p>298 Arten in 56 Gattungen sind beschrieben.<\/p>\n\n\n\n<p>Seenadeln leben in den gem\u00e4\u00dfigten, subtropischen und tropischen Bereichen aller Ozeane. 18 Arten leben im S\u00fc\u00dfwasser.<\/p>\n","protected":false},"excerpt":{"rendered":"<p>Seenadeln (Syngnathidae) sind kleine l\u00e4ngliche, an Schlangen erinnernde kleine Fische, die scheinbar faul im Riff oder Seegras herumliegen. Wie bei den Seepferdchen \u00fcbernehmen auch hier&nbsp;die M\u00e4nnchen die Brutpflege und sehen mit ihrer vollen Bauchtasche aus als w\u00e4ren sie schwanger. Sind die Jungen geschl\u00fcpft, endet die F\u00fcrsorge. Sofort sind die kleinen Seenadeln auf sich alleine gestellt. &hellip; <\/p>\n<p class=\"link-more\"><a href=\"https:\/\/alles-ueber-riffe.de\/?page_id=1408\" class=\"more-link\"><span class=\"screen-reader-text\">\u201eAlles \u00fcber Seenadeln\u201c<\/span> weiterlesen<\/a><\/p>\n","protected":false},"author":1,"featured_media":0,"parent":0,"menu_order":0,"comment_status":"closed","ping_status":"closed","template":"","meta":{"footnotes":""},"class_list":["post-1408","page","type-page","status-publish","hentry"],"_links":{"self":[{"href":"https:\/\/alles-ueber-riffe.de\/index.php?rest_route=\/wp\/v2\/pages\/1408","targetHints":{"allow":["GET"]}}],"collection":[{"href":"https:\/\/alles-ueber-riffe.de\/index.php?rest_route=\/wp\/v2\/pages"}],"about":[{"href":"https:\/\/alles-ueber-riffe.de\/index.php?rest_route=\/wp\/v2\/types\/page"}],"author":[{"embeddable":true,"href":"https:\/\/alles-ueber-riffe.de\/index.php?rest_route=\/wp\/v2\/users\/1"}],"replies":[{"embeddable":true,"href":"https:\/\/alles-ueber-riffe.de\/index.php?rest_route=%2Fwp%2Fv2%2Fcomments&post=1408"}],"version-history":[{"count":2,"href":"https:\/\/alles-ueber-riffe.de\/index.php?rest_route=\/wp\/v2\/pages\/1408\/revisions"}],"predecessor-version":[{"id":3323,"href":"https:\/\/alles-ueber-riffe.de\/index.php?rest_route=\/wp\/v2\/pages\/1408\/revisions\/3323"}],"wp:attachment":[{"href":"https:\/\/alles-ueber-riffe.de\/index.php?rest_route=%2Fwp%2Fv2%2Fmedia&parent=1408"}],"curies":[{"name":"wp","href":"https:\/\/api.w.org\/{rel}","templated":true}]}}