{"id":1404,"date":"2024-10-29T13:57:21","date_gmt":"2024-10-29T13:57:21","guid":{"rendered":"https:\/\/alles-ueber-riffe.de\/?page_id=1404"},"modified":"2024-10-29T13:57:21","modified_gmt":"2024-10-29T13:57:21","slug":"alles-ueber-schleimfische","status":"publish","type":"page","link":"https:\/\/alles-ueber-riffe.de\/?page_id=1404","title":{"rendered":"Alles \u00fcber Schleimfische"},"content":{"rendered":"\n<p>Schleimfische bevorzugen felsige Untergr\u00fcnde. Die kleinen, im Schnitt h\u00f6chstens 15 cm langen Bodenbewohner leben in kleinen Spalten und L\u00f6chern. Sie verf\u00fcgen \u00fcber keine Schwimmblase und keine Schuppen. In der gro\u00dfen Fischfamilie gibt es alles: Pflanzen- und Planktonfresser, J\u00e4ger und kleine Fieslinge, die anderen Fischen Flossen- oder Hautst\u00fccke abbei\u00dfen. Schleimfische befestigen ihre Eier am Untergrund und betreiben bis zum Schl\u00fcpfen der Jungen Brutpflege.<\/p>\n\n\n\n<p>396 Arten in 57 Gattungen sind beschrieben.<\/p>\n\n\n\n<p>Schleimfische leben in allen subtropischen und tropischen Bereichen der Ozeane, wenige Arten eroberten auch das S\u00fc\u00dfwasser.<\/p>\n","protected":false},"excerpt":{"rendered":"<p>Schleimfische bevorzugen felsige Untergr\u00fcnde. Die kleinen, im Schnitt h\u00f6chstens 15 cm langen Bodenbewohner leben in kleinen Spalten und L\u00f6chern. Sie verf\u00fcgen \u00fcber keine Schwimmblase und keine Schuppen. In der gro\u00dfen Fischfamilie gibt es alles: Pflanzen- und Planktonfresser, J\u00e4ger und kleine Fieslinge, die anderen Fischen Flossen- oder Hautst\u00fccke abbei\u00dfen. Schleimfische befestigen ihre Eier am Untergrund und &hellip; <\/p>\n<p class=\"link-more\"><a href=\"https:\/\/alles-ueber-riffe.de\/?page_id=1404\" class=\"more-link\"><span class=\"screen-reader-text\">\u201eAlles \u00fcber Schleimfische\u201c<\/span> weiterlesen<\/a><\/p>\n","protected":false},"author":1,"featured_media":0,"parent":0,"menu_order":0,"comment_status":"closed","ping_status":"closed","template":"","meta":{"footnotes":""},"class_list":["post-1404","page","type-page","status-publish","hentry"],"_links":{"self":[{"href":"https:\/\/alles-ueber-riffe.de\/index.php?rest_route=\/wp\/v2\/pages\/1404","targetHints":{"allow":["GET"]}}],"collection":[{"href":"https:\/\/alles-ueber-riffe.de\/index.php?rest_route=\/wp\/v2\/pages"}],"about":[{"href":"https:\/\/alles-ueber-riffe.de\/index.php?rest_route=\/wp\/v2\/types\/page"}],"author":[{"embeddable":true,"href":"https:\/\/alles-ueber-riffe.de\/index.php?rest_route=\/wp\/v2\/users\/1"}],"replies":[{"embeddable":true,"href":"https:\/\/alles-ueber-riffe.de\/index.php?rest_route=%2Fwp%2Fv2%2Fcomments&post=1404"}],"version-history":[{"count":1,"href":"https:\/\/alles-ueber-riffe.de\/index.php?rest_route=\/wp\/v2\/pages\/1404\/revisions"}],"predecessor-version":[{"id":1405,"href":"https:\/\/alles-ueber-riffe.de\/index.php?rest_route=\/wp\/v2\/pages\/1404\/revisions\/1405"}],"wp:attachment":[{"href":"https:\/\/alles-ueber-riffe.de\/index.php?rest_route=%2Fwp%2Fv2%2Fmedia&parent=1404"}],"curies":[{"name":"wp","href":"https:\/\/api.w.org\/{rel}","templated":true}]}}