{"id":1402,"date":"2024-10-29T13:56:57","date_gmt":"2024-10-29T13:56:57","guid":{"rendered":"https:\/\/alles-ueber-riffe.de\/?page_id=1402"},"modified":"2024-10-29T13:56:57","modified_gmt":"2024-10-29T13:56:57","slug":"alles-ueber-schlangenaale","status":"publish","type":"page","link":"https:\/\/alles-ueber-riffe.de\/?page_id=1402","title":{"rendered":"Alles \u00fcber Schlangenaale"},"content":{"rendered":"\n<p>Der Name dr\u00fcckt es aus: Schlangenaale \u00e4hneln Seeschlangen.<\/p>\n\n\n\n<p>Schlangenaale, Seeschlangen und Mur\u00e4nen werden oft verwechselt. Als sichere Unterscheidungsmerkmale gelten: Seeschlangen haben keine Flossen. Mur\u00e4nen und Schlangenaale haben eine durchgehende R\u00fccken- Schwanz- und Bauchflosse. Manche Schlangenaale besitzen auch Brustflossen, Mur\u00e4nen keine.<\/p>\n\n\n\n<p>Schlangenaale leben auf Sandb\u00f6den. Mit ihrem verh\u00e4rteten Schwanzende k\u00f6nnen sie sich in den Sand eingraben. Oft schaut nur noch der Kopf heraus. Bohrt sich ein Schlangenaal mit dem Kopf zuerst in den Sand, dann jagt er nach Beute: Im Sand lebende<em>&nbsp;<\/em>Wirbellose<em>&nbsp;<\/em>oder Fische.<\/p>\n\n\n\n<p>308 Arten in 59 Gattungen sind beschrieben.<\/p>\n\n\n\n<p>Schlangenaale leben in den subtropischen und tropischen Bereichen aller Ozeane. Manche auch in sehr gro\u00dfen Tiefen<\/p>\n","protected":false},"excerpt":{"rendered":"<p>Der Name dr\u00fcckt es aus: Schlangenaale \u00e4hneln Seeschlangen. Schlangenaale, Seeschlangen und Mur\u00e4nen werden oft verwechselt. Als sichere Unterscheidungsmerkmale gelten: Seeschlangen haben keine Flossen. Mur\u00e4nen und Schlangenaale haben eine durchgehende R\u00fccken- Schwanz- und Bauchflosse. Manche Schlangenaale besitzen auch Brustflossen, Mur\u00e4nen keine. Schlangenaale leben auf Sandb\u00f6den. Mit ihrem verh\u00e4rteten Schwanzende k\u00f6nnen sie sich in den Sand eingraben. &hellip; <\/p>\n<p class=\"link-more\"><a href=\"https:\/\/alles-ueber-riffe.de\/?page_id=1402\" class=\"more-link\"><span class=\"screen-reader-text\">\u201eAlles \u00fcber Schlangenaale\u201c<\/span> weiterlesen<\/a><\/p>\n","protected":false},"author":1,"featured_media":0,"parent":0,"menu_order":0,"comment_status":"closed","ping_status":"closed","template":"","meta":{"footnotes":""},"class_list":["post-1402","page","type-page","status-publish","hentry"],"_links":{"self":[{"href":"https:\/\/alles-ueber-riffe.de\/index.php?rest_route=\/wp\/v2\/pages\/1402","targetHints":{"allow":["GET"]}}],"collection":[{"href":"https:\/\/alles-ueber-riffe.de\/index.php?rest_route=\/wp\/v2\/pages"}],"about":[{"href":"https:\/\/alles-ueber-riffe.de\/index.php?rest_route=\/wp\/v2\/types\/page"}],"author":[{"embeddable":true,"href":"https:\/\/alles-ueber-riffe.de\/index.php?rest_route=\/wp\/v2\/users\/1"}],"replies":[{"embeddable":true,"href":"https:\/\/alles-ueber-riffe.de\/index.php?rest_route=%2Fwp%2Fv2%2Fcomments&post=1402"}],"version-history":[{"count":1,"href":"https:\/\/alles-ueber-riffe.de\/index.php?rest_route=\/wp\/v2\/pages\/1402\/revisions"}],"predecessor-version":[{"id":1403,"href":"https:\/\/alles-ueber-riffe.de\/index.php?rest_route=\/wp\/v2\/pages\/1402\/revisions\/1403"}],"wp:attachment":[{"href":"https:\/\/alles-ueber-riffe.de\/index.php?rest_route=%2Fwp%2Fv2%2Fmedia&parent=1402"}],"curies":[{"name":"wp","href":"https:\/\/api.w.org\/{rel}","templated":true}]}}