{"id":1398,"date":"2024-10-29T13:56:06","date_gmt":"2024-10-29T13:56:06","guid":{"rendered":"https:\/\/alles-ueber-riffe.de\/?page_id=1398"},"modified":"2024-10-29T13:56:06","modified_gmt":"2024-10-29T13:56:06","slug":"alles-ueber-schiffshalter","status":"publish","type":"page","link":"https:\/\/alles-ueber-riffe.de\/?page_id=1398","title":{"rendered":"Alles \u00fcber Schiffshalter"},"content":{"rendered":"\n<p>Schiffshalter sind die blinden Passagiere der Meere. An allem, was gr\u00f6\u00dfer ist, saugen sie sich fest: Haien, Schildkr\u00f6ten, Dugongs &#8211; und auch Taucher und Schnorchler werden nicht verschont. Das Saugorgan befindet sich auf dem R\u00fccken und ist eine Umwandlung der ersten R\u00fcckenflosse. So reisen sie ohne Anstrengung durch die Ozeane. Alleine k\u00f6nnten sie das nicht. Ohne Schwimmblase bewegen sie sich eher hilflos im Wasser. Vermutlich lassen sie sich nicht nur transportieren, sondern ern\u00e4hren sich auch von Essensresten der Wirtstiere oder deren Hautschuppen. Damit kann man das Verh\u00e4ltnis zwischen den Schiffshaltern und ihren Wirten wie folgt beschreiben: Der Schiffshalter profitiert viel, dem anderen schadet es nicht. Die Biologen nennen eine solche Beziehung \u201eKommensalismus\u201c.<\/p>\n\n\n\n<p>Acht Arten in drei Gattungen sind beschrieben.<\/p>\n\n\n\n<p>Schiffshalter leben in allen tropischen Bereichen der Ozeane.<\/p>\n","protected":false},"excerpt":{"rendered":"<p>Schiffshalter sind die blinden Passagiere der Meere. An allem, was gr\u00f6\u00dfer ist, saugen sie sich fest: Haien, Schildkr\u00f6ten, Dugongs &#8211; und auch Taucher und Schnorchler werden nicht verschont. Das Saugorgan befindet sich auf dem R\u00fccken und ist eine Umwandlung der ersten R\u00fcckenflosse. So reisen sie ohne Anstrengung durch die Ozeane. Alleine k\u00f6nnten sie das nicht. &hellip; <\/p>\n<p class=\"link-more\"><a href=\"https:\/\/alles-ueber-riffe.de\/?page_id=1398\" class=\"more-link\"><span class=\"screen-reader-text\">\u201eAlles \u00fcber Schiffshalter\u201c<\/span> weiterlesen<\/a><\/p>\n","protected":false},"author":1,"featured_media":0,"parent":0,"menu_order":0,"comment_status":"closed","ping_status":"closed","template":"","meta":{"footnotes":""},"class_list":["post-1398","page","type-page","status-publish","hentry"],"_links":{"self":[{"href":"https:\/\/alles-ueber-riffe.de\/index.php?rest_route=\/wp\/v2\/pages\/1398","targetHints":{"allow":["GET"]}}],"collection":[{"href":"https:\/\/alles-ueber-riffe.de\/index.php?rest_route=\/wp\/v2\/pages"}],"about":[{"href":"https:\/\/alles-ueber-riffe.de\/index.php?rest_route=\/wp\/v2\/types\/page"}],"author":[{"embeddable":true,"href":"https:\/\/alles-ueber-riffe.de\/index.php?rest_route=\/wp\/v2\/users\/1"}],"replies":[{"embeddable":true,"href":"https:\/\/alles-ueber-riffe.de\/index.php?rest_route=%2Fwp%2Fv2%2Fcomments&post=1398"}],"version-history":[{"count":1,"href":"https:\/\/alles-ueber-riffe.de\/index.php?rest_route=\/wp\/v2\/pages\/1398\/revisions"}],"predecessor-version":[{"id":1399,"href":"https:\/\/alles-ueber-riffe.de\/index.php?rest_route=\/wp\/v2\/pages\/1398\/revisions\/1399"}],"wp:attachment":[{"href":"https:\/\/alles-ueber-riffe.de\/index.php?rest_route=%2Fwp%2Fv2%2Fmedia&parent=1398"}],"curies":[{"name":"wp","href":"https:\/\/api.w.org\/{rel}","templated":true}]}}