{"id":1394,"date":"2024-10-29T13:54:56","date_gmt":"2024-10-29T13:54:56","guid":{"rendered":"https:\/\/alles-ueber-riffe.de\/?page_id=1394"},"modified":"2024-10-29T13:54:56","modified_gmt":"2024-10-29T13:54:56","slug":"alles-ueber-schaukelfische","status":"publish","type":"page","link":"https:\/\/alles-ueber-riffe.de\/?page_id=1394","title":{"rendered":"Alles \u00fcber Schaukelfische"},"content":{"rendered":"\n<p>Ca. alle zwei Wochen zeigt der Schaukelfisch ein Verhalten, das wir von den Reptilien kennen: Er h\u00e4utet sich. Zuerst l\u00f6st sich die Haut am Kopf, dann am ganzen K\u00f6rper. Und er teilt noch eine weitere Eigenschaft vieler Reptilien: Er ist giftig. Das ist nicht weiter verwunderlich, geh\u00f6rt er doch zur Familie der Skorpionsfische, zu der auch Rotfeuerfische, Drachenk\u00f6pfe und Pelzgroppen geh\u00f6ren. Allerdings ist sein Gift schw\u00e4cher als das seiner Verwandten. Trotzdem sollte man den Kontakt mit den Hartstrahlen der R\u00fcckenflosse vermeiden, denn er verursacht starke Schmerzen.<\/p>\n\n\n\n<p>Der Schaukelfisch ist ein Lauerj\u00e4ger. Als Blatt getarnt liegt er im Riff oder Sandboden und bewegt sich in der Str\u00f6mung hin und her. Gibt es keine Str\u00f6mung oder n\u00e4hert er sich einem Opfer, dann schaukelt er mit Hilfe seiner Brustflossen selbst.&nbsp;<\/p>\n\n\n\n<p>Obwohl der Schaukelfisch kaum schwimmen kann, ist er ein erfolgreiche Besiedler des tropischen Indopazifik. Seine Larven haben es mit Hilfe der Meeresstr\u00f6mungen geschafft, sich im gesamten Gebiet von Ostafrika bis zur s\u00fcdamerikanischen Pazifikk\u00fcste zu verbreiten.<\/p>\n\n\n\n<p>Es existiert nur eine einzige Art.<\/p>\n\n\n\n<p>Der Schaukelfisch lebt in allen tropischen Bereichen des Pazifik.<\/p>\n","protected":false},"excerpt":{"rendered":"<p>Ca. alle zwei Wochen zeigt der Schaukelfisch ein Verhalten, das wir von den Reptilien kennen: Er h\u00e4utet sich. Zuerst l\u00f6st sich die Haut am Kopf, dann am ganzen K\u00f6rper. Und er teilt noch eine weitere Eigenschaft vieler Reptilien: Er ist giftig. Das ist nicht weiter verwunderlich, geh\u00f6rt er doch zur Familie der Skorpionsfische, zu der &hellip; <\/p>\n<p class=\"link-more\"><a href=\"https:\/\/alles-ueber-riffe.de\/?page_id=1394\" class=\"more-link\"><span class=\"screen-reader-text\">\u201eAlles \u00fcber Schaukelfische\u201c<\/span> weiterlesen<\/a><\/p>\n","protected":false},"author":1,"featured_media":0,"parent":0,"menu_order":0,"comment_status":"closed","ping_status":"closed","template":"","meta":{"footnotes":""},"class_list":["post-1394","page","type-page","status-publish","hentry"],"_links":{"self":[{"href":"https:\/\/alles-ueber-riffe.de\/index.php?rest_route=\/wp\/v2\/pages\/1394","targetHints":{"allow":["GET"]}}],"collection":[{"href":"https:\/\/alles-ueber-riffe.de\/index.php?rest_route=\/wp\/v2\/pages"}],"about":[{"href":"https:\/\/alles-ueber-riffe.de\/index.php?rest_route=\/wp\/v2\/types\/page"}],"author":[{"embeddable":true,"href":"https:\/\/alles-ueber-riffe.de\/index.php?rest_route=\/wp\/v2\/users\/1"}],"replies":[{"embeddable":true,"href":"https:\/\/alles-ueber-riffe.de\/index.php?rest_route=%2Fwp%2Fv2%2Fcomments&post=1394"}],"version-history":[{"count":1,"href":"https:\/\/alles-ueber-riffe.de\/index.php?rest_route=\/wp\/v2\/pages\/1394\/revisions"}],"predecessor-version":[{"id":1395,"href":"https:\/\/alles-ueber-riffe.de\/index.php?rest_route=\/wp\/v2\/pages\/1394\/revisions\/1395"}],"wp:attachment":[{"href":"https:\/\/alles-ueber-riffe.de\/index.php?rest_route=%2Fwp%2Fv2%2Fmedia&parent=1394"}],"curies":[{"name":"wp","href":"https:\/\/api.w.org\/{rel}","templated":true}]}}