{"id":1392,"date":"2024-10-29T13:54:33","date_gmt":"2024-10-29T13:54:33","guid":{"rendered":"https:\/\/alles-ueber-riffe.de\/?page_id=1392"},"modified":"2024-10-29T13:54:33","modified_gmt":"2024-10-29T13:54:33","slug":"alles-ueber-sandtaucher","status":"publish","type":"page","link":"https:\/\/alles-ueber-riffe.de\/?page_id=1392","title":{"rendered":"Alles \u00fcber Sandtaucher"},"content":{"rendered":"\n<p>Sandtaucher sind kleine bis ca. 20 cm lang werdende Fische, die wie Aale aussehen. Wie diese verstecken sie sich bei Gefahr im Sandboden, indem<em>&nbsp;<\/em>sie blitzartig kopf\u00fcber verschwinden. Anders als Aale findet man sie aber oft bis zu f\u00fcnf Metern \u00fcber der Sandfl\u00e4che im Schwarm schwimmend und nach Plankton jagend. Verwandt sind sie mit den Drachenfischen.<\/p>\n\n\n\n<p>10 Arten sind bisher beschrieben. Sie geh\u00f6ren alle zu einer Gattung.<\/p>\n\n\n\n<p>Alle Sandtaucher leben nur im tropischen Bereich des Indopazifik.<\/p>\n","protected":false},"excerpt":{"rendered":"<p>Sandtaucher sind kleine bis ca. 20 cm lang werdende Fische, die wie Aale aussehen. Wie diese verstecken sie sich bei Gefahr im Sandboden, indem&nbsp;sie blitzartig kopf\u00fcber verschwinden. Anders als Aale findet man sie aber oft bis zu f\u00fcnf Metern \u00fcber der Sandfl\u00e4che im Schwarm schwimmend und nach Plankton jagend. Verwandt sind sie mit den Drachenfischen. &hellip; <\/p>\n<p class=\"link-more\"><a href=\"https:\/\/alles-ueber-riffe.de\/?page_id=1392\" class=\"more-link\"><span class=\"screen-reader-text\">\u201eAlles \u00fcber Sandtaucher\u201c<\/span> weiterlesen<\/a><\/p>\n","protected":false},"author":1,"featured_media":0,"parent":0,"menu_order":0,"comment_status":"closed","ping_status":"closed","template":"","meta":{"footnotes":""},"class_list":["post-1392","page","type-page","status-publish","hentry"],"_links":{"self":[{"href":"https:\/\/alles-ueber-riffe.de\/index.php?rest_route=\/wp\/v2\/pages\/1392","targetHints":{"allow":["GET"]}}],"collection":[{"href":"https:\/\/alles-ueber-riffe.de\/index.php?rest_route=\/wp\/v2\/pages"}],"about":[{"href":"https:\/\/alles-ueber-riffe.de\/index.php?rest_route=\/wp\/v2\/types\/page"}],"author":[{"embeddable":true,"href":"https:\/\/alles-ueber-riffe.de\/index.php?rest_route=\/wp\/v2\/users\/1"}],"replies":[{"embeddable":true,"href":"https:\/\/alles-ueber-riffe.de\/index.php?rest_route=%2Fwp%2Fv2%2Fcomments&post=1392"}],"version-history":[{"count":1,"href":"https:\/\/alles-ueber-riffe.de\/index.php?rest_route=\/wp\/v2\/pages\/1392\/revisions"}],"predecessor-version":[{"id":1393,"href":"https:\/\/alles-ueber-riffe.de\/index.php?rest_route=\/wp\/v2\/pages\/1392\/revisions\/1393"}],"wp:attachment":[{"href":"https:\/\/alles-ueber-riffe.de\/index.php?rest_route=%2Fwp%2Fv2%2Fmedia&parent=1392"}],"curies":[{"name":"wp","href":"https:\/\/api.w.org\/{rel}","templated":true}]}}