{"id":1390,"date":"2024-10-29T13:54:02","date_gmt":"2024-10-29T13:54:02","guid":{"rendered":"https:\/\/alles-ueber-riffe.de\/?page_id=1390"},"modified":"2024-10-29T13:54:02","modified_gmt":"2024-10-29T13:54:02","slug":"alles-ueber-sandbarsche","status":"publish","type":"page","link":"https:\/\/alles-ueber-riffe.de\/?page_id=1390","title":{"rendered":"Alles \u00fcber Sandbarsche"},"content":{"rendered":"\n<p>Sandbarsche verwechselt man leicht mit Eidechsenfischen. Sie haben eine \u00e4hnliche Gr\u00f6\u00dfe von durchschnittlich 15 cm, eine \u00e4hnliche F\u00e4rbung und Musterung, und \u00e4hnliches Verhalten. Auch sie sind J\u00e4ger, die getarnt auf dem Sandboden auf kleine Fische und Wirbeltiere warten. Doch es gibt einige wichtige Unterscheidungsmerkmale: Das Maul der Sandbarsche ist kleiner, das der Eidechsenfische gr\u00f6\u00dfer und mit Z\u00e4hnen bewaffnet. Die aufmerksamen Sandbarsche stehen oft auf ihren Brustflossen auf erh\u00f6hten Pl\u00e4tzen. Eidechsenfische graben sich gerne ein oder liegen auf dem Bauch.<\/p>\n\n\n\n<p>82 Arten in 7 Gattungen sind beschrieben.<\/p>\n\n\n\n<p>Sandbarsche leben in allen subtropischen und tropischen Bereichen der Ozeane.<\/p>\n","protected":false},"excerpt":{"rendered":"<p>Sandbarsche verwechselt man leicht mit Eidechsenfischen. Sie haben eine \u00e4hnliche Gr\u00f6\u00dfe von durchschnittlich 15 cm, eine \u00e4hnliche F\u00e4rbung und Musterung, und \u00e4hnliches Verhalten. Auch sie sind J\u00e4ger, die getarnt auf dem Sandboden auf kleine Fische und Wirbeltiere warten. Doch es gibt einige wichtige Unterscheidungsmerkmale: Das Maul der Sandbarsche ist kleiner, das der Eidechsenfische gr\u00f6\u00dfer und &hellip; <\/p>\n<p class=\"link-more\"><a href=\"https:\/\/alles-ueber-riffe.de\/?page_id=1390\" class=\"more-link\"><span class=\"screen-reader-text\">\u201eAlles \u00fcber Sandbarsche\u201c<\/span> weiterlesen<\/a><\/p>\n","protected":false},"author":1,"featured_media":0,"parent":0,"menu_order":0,"comment_status":"closed","ping_status":"closed","template":"","meta":{"footnotes":""},"class_list":["post-1390","page","type-page","status-publish","hentry"],"_links":{"self":[{"href":"https:\/\/alles-ueber-riffe.de\/index.php?rest_route=\/wp\/v2\/pages\/1390","targetHints":{"allow":["GET"]}}],"collection":[{"href":"https:\/\/alles-ueber-riffe.de\/index.php?rest_route=\/wp\/v2\/pages"}],"about":[{"href":"https:\/\/alles-ueber-riffe.de\/index.php?rest_route=\/wp\/v2\/types\/page"}],"author":[{"embeddable":true,"href":"https:\/\/alles-ueber-riffe.de\/index.php?rest_route=\/wp\/v2\/users\/1"}],"replies":[{"embeddable":true,"href":"https:\/\/alles-ueber-riffe.de\/index.php?rest_route=%2Fwp%2Fv2%2Fcomments&post=1390"}],"version-history":[{"count":1,"href":"https:\/\/alles-ueber-riffe.de\/index.php?rest_route=\/wp\/v2\/pages\/1390\/revisions"}],"predecessor-version":[{"id":1391,"href":"https:\/\/alles-ueber-riffe.de\/index.php?rest_route=\/wp\/v2\/pages\/1390\/revisions\/1391"}],"wp:attachment":[{"href":"https:\/\/alles-ueber-riffe.de\/index.php?rest_route=%2Fwp%2Fv2%2Fmedia&parent=1390"}],"curies":[{"name":"wp","href":"https:\/\/api.w.org\/{rel}","templated":true}]}}