{"id":1386,"date":"2024-10-29T13:53:03","date_gmt":"2024-10-29T13:53:03","guid":{"rendered":"https:\/\/alles-ueber-riffe.de\/?page_id=1386"},"modified":"2024-10-29T13:53:03","modified_gmt":"2024-10-29T13:53:03","slug":"alles-ueber-rotfeuerfische","status":"publish","type":"page","link":"https:\/\/alles-ueber-riffe.de\/?page_id=1386","title":{"rendered":"Alles \u00fcber Rotfeuerfische"},"content":{"rendered":"\n<p>Der \u201eFluch der Karibik\u201c sind heute nicht mehr die Piraten, sondern der Pazifische Rotfeuerfisch.<\/p>\n\n\n\n<p>Um 1985 fanden die ersten Exemplare durch blinde Passagiere im Ballastwasser von Schiffen oder durch Aquarianer ihren Weg in den Atlantik. Seitdem vermehren sich die Invasoren so stark, dass sie in manchen Riffen bis zu 15 mal h\u00e4ufiger vorkommen als im Pazifik. Doch als Raubfische sind die Invasoren eine Bedrohung: Sie fressen die karibischen Riffe leer. Da nat\u00fcrliche Feinde fehlen, werden sie selbst in Naturschutzgebieten zum Abschuss mit Harpunen freigegeben.<\/p>\n\n\n\n<p>Rotfeuerfische jagen in der D\u00e4mmerung und nachts. Mit ihre gro\u00dfen eindrucksvollen Brustflossen hindern sie die Beute an der Flucht. Sind sie nahe genug, saugen sie diese im Bruchteil einer Sekunde ein. Das gro\u00dfe Maul wird dabei weit nach vorne gest\u00fclpt. Bei der Suche nach schlafenden Fischen zeigen sie sich lernf\u00e4hig. In manchen Riffen begleiten sie deshalb gerne Taucher bei ihren Nachttauchg\u00e4ngen. Mit Hilfe des k\u00fcnstlichen Lichts<em>&nbsp;<\/em>der Taucherlampe finden sie viel schneller ihre Beute.<\/p>\n\n\n\n<p>Rotfeuerfische sind eine Unterfamilie der Skorpionsfische und giftig. Ein Kontakt mit ihren Flossen, an deren Ende sich die Giftdr\u00fcsen befinden, verursacht beim Menschen starke Schmerzen und Muskelzuckungen, ist aber in der Regel nicht t\u00f6dlich. Rotfeuerfische vertrauen voll und ganz auf ihr chemisches Waffenarsenal. Sie haben keine Angst und sind langsame Schwimmer. Doch das hilft ihnen nicht immer. Mur\u00e4nen, Napoleons und Zackenbarsche verschlucken Rotfeuerfische mit dem Kopf voran, um die Flossenstacheln zu neutralisieren. Wieder andere wie z.B. Igelfische zerlegen sie in ihre Einzelteile, bevor sie sie verspeisen.<\/p>\n\n\n\n<p>20 Arten in f\u00fcnf Gattungen sind beschrieben.<\/p>\n\n\n\n<p>Rotfeuerfische lebten bis vor kurzem nur im tropischen Bereich des Indopazifik.&nbsp;<\/p>\n","protected":false},"excerpt":{"rendered":"<p>Der \u201eFluch der Karibik\u201c sind heute nicht mehr die Piraten, sondern der Pazifische Rotfeuerfisch. Um 1985 fanden die ersten Exemplare durch blinde Passagiere im Ballastwasser von Schiffen oder durch Aquarianer ihren Weg in den Atlantik. Seitdem vermehren sich die Invasoren so stark, dass sie in manchen Riffen bis zu 15 mal h\u00e4ufiger vorkommen als im &hellip; <\/p>\n<p class=\"link-more\"><a href=\"https:\/\/alles-ueber-riffe.de\/?page_id=1386\" class=\"more-link\"><span class=\"screen-reader-text\">\u201eAlles \u00fcber Rotfeuerfische\u201c<\/span> weiterlesen<\/a><\/p>\n","protected":false},"author":1,"featured_media":0,"parent":0,"menu_order":0,"comment_status":"closed","ping_status":"closed","template":"","meta":{"footnotes":""},"class_list":["post-1386","page","type-page","status-publish","hentry"],"_links":{"self":[{"href":"https:\/\/alles-ueber-riffe.de\/index.php?rest_route=\/wp\/v2\/pages\/1386","targetHints":{"allow":["GET"]}}],"collection":[{"href":"https:\/\/alles-ueber-riffe.de\/index.php?rest_route=\/wp\/v2\/pages"}],"about":[{"href":"https:\/\/alles-ueber-riffe.de\/index.php?rest_route=\/wp\/v2\/types\/page"}],"author":[{"embeddable":true,"href":"https:\/\/alles-ueber-riffe.de\/index.php?rest_route=\/wp\/v2\/users\/1"}],"replies":[{"embeddable":true,"href":"https:\/\/alles-ueber-riffe.de\/index.php?rest_route=%2Fwp%2Fv2%2Fcomments&post=1386"}],"version-history":[{"count":1,"href":"https:\/\/alles-ueber-riffe.de\/index.php?rest_route=\/wp\/v2\/pages\/1386\/revisions"}],"predecessor-version":[{"id":1387,"href":"https:\/\/alles-ueber-riffe.de\/index.php?rest_route=\/wp\/v2\/pages\/1386\/revisions\/1387"}],"wp:attachment":[{"href":"https:\/\/alles-ueber-riffe.de\/index.php?rest_route=%2Fwp%2Fv2%2Fmedia&parent=1386"}],"curies":[{"name":"wp","href":"https:\/\/api.w.org\/{rel}","templated":true}]}}