{"id":1384,"date":"2024-10-29T13:52:37","date_gmt":"2024-10-29T13:52:37","guid":{"rendered":"https:\/\/alles-ueber-riffe.de\/?page_id=1384"},"modified":"2024-10-29T13:52:37","modified_gmt":"2024-10-29T13:52:37","slug":"alles-ueber-roehrenaale","status":"publish","type":"page","link":"https:\/\/alles-ueber-riffe.de\/?page_id=1384","title":{"rendered":"Alles \u00fcber R\u00f6hrenaale"},"content":{"rendered":"\n<p>R\u00f6hrenaale verbringen ihr ganzes Leben in einem kleinen, engen Loch im Sandboden. Das klingt \u00f6de, doch damit sind sie einzigartig: Sie sind die einzigen, sesshaft lebenden Wirbeltiere. Allerdings wird diese Lebensweise von einigen Biologen angezweifelt. Sie vertreten die Meinung, dass die M\u00e4nnchen ihre H\u00f6hle verlassen, um Sex mit einem Weibchen zu haben. Klingt logisch, aber gesehen hat es noch niemand. Genauso wenig wei\u00df man, wie die Fortpflanzung wirklich vonstatten geht, wie die&nbsp;Larven aussehen, oder wie sich die Kolonien bilden, in denen die R\u00f6hrenaale leben, immer sch\u00f6n darauf bedacht, einen gewissen Mindestabstand zum<em>&nbsp;<\/em>Nachbarloch zu wahren. So bleibt vieles \u00fcber dieses interessante Tier im Dunkeln.&nbsp;<\/p>\n\n\n\n<p>Als sessile Tiere m\u00fcssen sie fressen, was gerade so vorbei schwimmt. Dies tun sie, wenn keine Gefahr droht. Dann kann man beobachten, wie sie sich mit ihrem Vorderteil weit aus ihrer H\u00f6hle heraus wagen, um nach Plankton zu schnappen. Meistens sind sie scheu und verschwinden, wenn Taucher zu nahe kommen.<\/p>\n\n\n\n<p>Sie geh\u00f6ren zur Familie der Meeraale, zu denen auch der bis zu drei Meter lange Conger geh\u00f6rt.<\/p>\n\n\n\n<p>35 Arten in zwei Gattungen sind beschrieben.&nbsp;<\/p>\n\n\n\n<p>R\u00f6hrenaale leben in allen tropischen Bereichen der Ozeane.&nbsp;<\/p>\n","protected":false},"excerpt":{"rendered":"<p>R\u00f6hrenaale verbringen ihr ganzes Leben in einem kleinen, engen Loch im Sandboden. Das klingt \u00f6de, doch damit sind sie einzigartig: Sie sind die einzigen, sesshaft lebenden Wirbeltiere. Allerdings wird diese Lebensweise von einigen Biologen angezweifelt. Sie vertreten die Meinung, dass die M\u00e4nnchen ihre H\u00f6hle verlassen, um Sex mit einem Weibchen zu haben. Klingt logisch, aber &hellip; <\/p>\n<p class=\"link-more\"><a href=\"https:\/\/alles-ueber-riffe.de\/?page_id=1384\" class=\"more-link\"><span class=\"screen-reader-text\">\u201eAlles \u00fcber R\u00f6hrenaale\u201c<\/span> weiterlesen<\/a><\/p>\n","protected":false},"author":1,"featured_media":0,"parent":0,"menu_order":0,"comment_status":"closed","ping_status":"closed","template":"","meta":{"footnotes":""},"class_list":["post-1384","page","type-page","status-publish","hentry"],"_links":{"self":[{"href":"https:\/\/alles-ueber-riffe.de\/index.php?rest_route=\/wp\/v2\/pages\/1384","targetHints":{"allow":["GET"]}}],"collection":[{"href":"https:\/\/alles-ueber-riffe.de\/index.php?rest_route=\/wp\/v2\/pages"}],"about":[{"href":"https:\/\/alles-ueber-riffe.de\/index.php?rest_route=\/wp\/v2\/types\/page"}],"author":[{"embeddable":true,"href":"https:\/\/alles-ueber-riffe.de\/index.php?rest_route=\/wp\/v2\/users\/1"}],"replies":[{"embeddable":true,"href":"https:\/\/alles-ueber-riffe.de\/index.php?rest_route=%2Fwp%2Fv2%2Fcomments&post=1384"}],"version-history":[{"count":1,"href":"https:\/\/alles-ueber-riffe.de\/index.php?rest_route=\/wp\/v2\/pages\/1384\/revisions"}],"predecessor-version":[{"id":1385,"href":"https:\/\/alles-ueber-riffe.de\/index.php?rest_route=\/wp\/v2\/pages\/1384\/revisions\/1385"}],"wp:attachment":[{"href":"https:\/\/alles-ueber-riffe.de\/index.php?rest_route=%2Fwp%2Fv2%2Fmedia&parent=1384"}],"curies":[{"name":"wp","href":"https:\/\/api.w.org\/{rel}","templated":true}]}}