{"id":1382,"date":"2024-10-29T13:52:00","date_gmt":"2024-10-29T13:52:00","guid":{"rendered":"https:\/\/alles-ueber-riffe.de\/?page_id=1382"},"modified":"2024-10-29T13:52:00","modified_gmt":"2024-10-29T13:52:00","slug":"alles-ueber-riffbarsche","status":"publish","type":"page","link":"https:\/\/alles-ueber-riffe.de\/?page_id=1382","title":{"rendered":"Alles \u00fcber Riffbarsche"},"content":{"rendered":"\n<p>Der einzige Fisch, der mich jemals schmerzhaft gebissen hatte, war ein kleiner 10 cm langer Riffbarsch. Er verteidigte mutig sein Territorium gegen meinen Bauch. Ironischerweise attackierte er mich, als ich im flachen Wasser bei Krabi in Thailand schnorchelte und einen Schwarzspitzenriffhai beobachtete. Noch ein Jahr sp\u00e4ter konnte man Spuren der Wunde sehen.<\/p>\n\n\n\n<p>Riffbarsche sind in der Regel eher kleine Fische mit einer durchschnittlichen Gr\u00f6\u00dfe von weniger als 10 cm. Die F\u00e4rbung und Musterung variiert stark, kann aber auffallend grell und bunt sein, wie z.B. bei den Anemonenfischen, die eine Unterfamilie innerhalb der Riffbarsche bilden. Auch sind nicht alle Riffbarsche territorial. Ihre K\u00f6perform l\u00e4sst sich mit hochr\u00fcckig und kompakt beschreiben.&nbsp;<\/p>\n\n\n\n<p>Riffbarsche betreiben in der Regel Brutpflege, bis die juvenilen Fische aus dem Ei geschl\u00fcpft sind. Danach erlischt die F\u00fcrsorge. Die meisten Riffbarsche fressen Zooplankton, einige wenige Arten sind Allesfresser oder leben ausschlie\u00dflich von Pflanzen.<\/p>\n\n\n\n<p>387 beschriebene Arten in 29 Gattungen sind beschrieben.<\/p>\n\n\n\n<p>Sie leben in den subtropischen und tropischen Bereichen aller Ozeane.&nbsp;<\/p>\n","protected":false},"excerpt":{"rendered":"<p>Der einzige Fisch, der mich jemals schmerzhaft gebissen hatte, war ein kleiner 10 cm langer Riffbarsch. Er verteidigte mutig sein Territorium gegen meinen Bauch. Ironischerweise attackierte er mich, als ich im flachen Wasser bei Krabi in Thailand schnorchelte und einen Schwarzspitzenriffhai beobachtete. Noch ein Jahr sp\u00e4ter konnte man Spuren der Wunde sehen. Riffbarsche sind in &hellip; <\/p>\n<p class=\"link-more\"><a href=\"https:\/\/alles-ueber-riffe.de\/?page_id=1382\" class=\"more-link\"><span class=\"screen-reader-text\">\u201eAlles \u00fcber Riffbarsche\u201c<\/span> weiterlesen<\/a><\/p>\n","protected":false},"author":1,"featured_media":0,"parent":0,"menu_order":0,"comment_status":"closed","ping_status":"closed","template":"","meta":{"footnotes":""},"class_list":["post-1382","page","type-page","status-publish","hentry"],"_links":{"self":[{"href":"https:\/\/alles-ueber-riffe.de\/index.php?rest_route=\/wp\/v2\/pages\/1382","targetHints":{"allow":["GET"]}}],"collection":[{"href":"https:\/\/alles-ueber-riffe.de\/index.php?rest_route=\/wp\/v2\/pages"}],"about":[{"href":"https:\/\/alles-ueber-riffe.de\/index.php?rest_route=\/wp\/v2\/types\/page"}],"author":[{"embeddable":true,"href":"https:\/\/alles-ueber-riffe.de\/index.php?rest_route=\/wp\/v2\/users\/1"}],"replies":[{"embeddable":true,"href":"https:\/\/alles-ueber-riffe.de\/index.php?rest_route=%2Fwp%2Fv2%2Fcomments&post=1382"}],"version-history":[{"count":1,"href":"https:\/\/alles-ueber-riffe.de\/index.php?rest_route=\/wp\/v2\/pages\/1382\/revisions"}],"predecessor-version":[{"id":1383,"href":"https:\/\/alles-ueber-riffe.de\/index.php?rest_route=\/wp\/v2\/pages\/1382\/revisions\/1383"}],"wp:attachment":[{"href":"https:\/\/alles-ueber-riffe.de\/index.php?rest_route=%2Fwp%2Fv2%2Fmedia&parent=1382"}],"curies":[{"name":"wp","href":"https:\/\/api.w.org\/{rel}","templated":true}]}}