{"id":1376,"date":"2024-10-29T13:50:09","date_gmt":"2024-10-29T13:50:09","guid":{"rendered":"https:\/\/alles-ueber-riffe.de\/?page_id=1376"},"modified":"2024-10-29T13:50:09","modified_gmt":"2024-10-29T13:50:09","slug":"alles-ueber-papageifische","status":"publish","type":"page","link":"https:\/\/alles-ueber-riffe.de\/?page_id=1376","title":{"rendered":"Alles \u00fcber Papageifische"},"content":{"rendered":"\n<p>Wei\u00dfer Sand am palmenges\u00e4umten Traumstrand, t\u00fcrkisgr\u00fcnes Wasser, und ein Korallenriff: So stellt man sich einen Traumurlaub vor. Ein kleines Dankesch\u00f6n an die Papageifische, denn ein wenig haben wir ihnen diese Paradiese zu verdanken. Ein gro\u00dfer Papageifisch produziert bis zu einer Tonne Sand pro Jahr und das vorwiegend aus den Kalkskeletten der Hartkorallen. Am effektivsten zermalmt der B\u00fcffelkopfpapageifisch, der gleichzeitig mit einem Meter der gr\u00f6\u00dfte ist. Wenn er mit seinem Gebiss&nbsp;ganze Korallenst\u00f6cke zerlegt, um an die Polypen zu kommen, kann man es unter Wasser krachen h\u00f6ren.&nbsp;<\/p>\n\n\n\n<p>Die meisten Papageifische allerdings sind Vegetarier. Bevorzugt in kleinen Schw\u00e4rmen weiden sie die Algen von der Riffoberfl\u00e4che ab. Unvermeidlich, dass dabei ein wenig fleischliche Nahrung und ein St\u00fcckchen Hartkoralle dazwischen kommt. Die unverdaulichen Korallenreste werden \u00fcber den Darm wieder ausgeschieden. Man sieht sie im Riff manchmal f\u00f6rmlich Sand schei\u00dfen. Um sich so ern\u00e4hren zu k\u00f6nnen, sind bei den Papageifischen die Z\u00e4hne zu zwei Hornplattenverschmolzen, was einem kurzen Vogelschnabel gleicht und gro\u00dfe Bei\u00dfkraft verleiht.<\/p>\n\n\n\n<p>Trotz Schnabel und fehlender Lippen gehen Biologen davon aus, dass Papageifische eine Unterfamilie der Lippfische sind. Genetische Untersuchungen und viele andere \u00c4hnlichkeiten best\u00e4tigten diese Einordnung. So schwimmen Papageifische wie Lippfische, sind ebenfalls Verwandlungsk\u00fcnstler und mit ihren Farben immer wieder eine&nbsp;Augenweideim Riff. Von den urspr\u00fcnglich \u00fcber dreihundert beschriebenen Arten blieben inzwischen nur noch achtzig \u00fcbrig, da sich die anderen mit der Zeit als juvenile oder weibliche Formen der gleichen Art entpuppten. Alle Papageifische leben ausschlie\u00dflich in tropischen Gew\u00e4ssern, aber in allen Ozeanen.<\/p>\n\n\n\n<p>Ca. 80 Arten in 10 Gattungen sind bisher beschrieben.<\/p>\n\n\n\n<p>Papageifische leben in den tropischen Bereichen aller Ozeane.<\/p>\n","protected":false},"excerpt":{"rendered":"<p>Wei\u00dfer Sand am palmenges\u00e4umten Traumstrand, t\u00fcrkisgr\u00fcnes Wasser, und ein Korallenriff: So stellt man sich einen Traumurlaub vor. Ein kleines Dankesch\u00f6n an die Papageifische, denn ein wenig haben wir ihnen diese Paradiese zu verdanken. Ein gro\u00dfer Papageifisch produziert bis zu einer Tonne Sand pro Jahr und das vorwiegend aus den Kalkskeletten der Hartkorallen. Am effektivsten zermalmt &hellip; <\/p>\n<p class=\"link-more\"><a href=\"https:\/\/alles-ueber-riffe.de\/?page_id=1376\" class=\"more-link\"><span class=\"screen-reader-text\">\u201eAlles \u00fcber Papageifische\u201c<\/span> weiterlesen<\/a><\/p>\n","protected":false},"author":1,"featured_media":0,"parent":0,"menu_order":0,"comment_status":"closed","ping_status":"closed","template":"","meta":{"footnotes":""},"class_list":["post-1376","page","type-page","status-publish","hentry"],"_links":{"self":[{"href":"https:\/\/alles-ueber-riffe.de\/index.php?rest_route=\/wp\/v2\/pages\/1376","targetHints":{"allow":["GET"]}}],"collection":[{"href":"https:\/\/alles-ueber-riffe.de\/index.php?rest_route=\/wp\/v2\/pages"}],"about":[{"href":"https:\/\/alles-ueber-riffe.de\/index.php?rest_route=\/wp\/v2\/types\/page"}],"author":[{"embeddable":true,"href":"https:\/\/alles-ueber-riffe.de\/index.php?rest_route=\/wp\/v2\/users\/1"}],"replies":[{"embeddable":true,"href":"https:\/\/alles-ueber-riffe.de\/index.php?rest_route=%2Fwp%2Fv2%2Fcomments&post=1376"}],"version-history":[{"count":1,"href":"https:\/\/alles-ueber-riffe.de\/index.php?rest_route=\/wp\/v2\/pages\/1376\/revisions"}],"predecessor-version":[{"id":1377,"href":"https:\/\/alles-ueber-riffe.de\/index.php?rest_route=\/wp\/v2\/pages\/1376\/revisions\/1377"}],"wp:attachment":[{"href":"https:\/\/alles-ueber-riffe.de\/index.php?rest_route=%2Fwp%2Fv2%2Fmedia&parent=1376"}],"curies":[{"name":"wp","href":"https:\/\/api.w.org\/{rel}","templated":true}]}}