{"id":1374,"date":"2024-10-29T13:49:28","date_gmt":"2024-10-29T13:49:28","guid":{"rendered":"https:\/\/alles-ueber-riffe.de\/?page_id=1374"},"modified":"2024-10-29T13:49:28","modified_gmt":"2024-10-29T13:49:28","slug":"alles-ueber-muraenen","status":"publish","type":"page","link":"https:\/\/alles-ueber-riffe.de\/?page_id=1374","title":{"rendered":"Alles \u00fcber Mur\u00e4nen"},"content":{"rendered":"\n<p>Mur\u00e4nen sind gegen\u00fcber Menschen nicht aggressiv. Aber man sollte sie in Ruhe lassen, ihnen niemals in ihrer H\u00f6hle zu nahe kommen und sie auch nicht f\u00fcttern. Denn kommt es aus Gr\u00fcnden der Selbstverteidigung oder durch einem Irrtum zu einem Biss, kann es gef\u00e4hrlich werden: Die Z\u00e4hne der Mur\u00e4nen sind nach hinten gebogen &#8211; selbst wenn sie wollte, kann sie oft nicht mehr loslassen. Besonders gro\u00dfe Mur\u00e4nen sind meterlange Muskelpakete, die enorme Kr\u00e4fte entwickeln k\u00f6nnen.<\/p>\n\n\n\n<p>Mit ihren kleinen Augen sehen Mur\u00e4nen schlecht. Daf\u00fcr k\u00f6nnen sie ausgezeichnet riechen, besitzen sie doch gleich vier Nasenl\u00f6cher. Damit sind Mur\u00e4nen optimal f\u00fcr die n\u00e4chtliche Jagd ausgestattet. Der Nachttauchgang ist demnach auch die beste Zeit, um Mur\u00e4nen au\u00dferhalb des Versteckes beobachten zu k\u00f6nnen. Tags\u00fcber sieht man Mur\u00e4nen oft mit offenem Maul in ihren H\u00f6hlen sitzen. Was wie eine Drohgeb\u00e4rde aussieht, hat einen ganz harmlosen Grund und dient der Atmung: Mur\u00e4nen nehmen Wasser mit dem Mund auf und pumpen es durch die Kiemen wieder nach drau\u00dfen. Ausnahmslos alle Mur\u00e4nenarten sind J\u00e4ger. Alles, was im Riff fressbar ist, wird gejagt, selbst andere Mur\u00e4nen. Um sich zwischen den scharfen Hartkorallen und Felsen nicht zu verletzen sch\u00fctzen sie ihre schuppenlose Haut mit einer Schleimschicht.<\/p>\n\n\n\n<p>Schlangenaalen, Seeschlangen und Mur\u00e4nen werden oft verwechselt. Als sichere Unterscheidungsmerkmale gelten: Seeschlangen haben keine Flossen. Mur\u00e4nen und Schlangenaale haben eine durchgehende R\u00fccken- Schwanz- und Bauchflosse. Manche Schlangenaale besitzen auch Brustflossen, Mur\u00e4nen keine.<\/p>\n\n\n\n<p>200 Arten in 16 Gattungen sind bisher beschrieben.<\/p>\n\n\n\n<p>Mur\u00e4nen leben in den subtropischen und tropischen Bereichen aller Ozeane, die weitaus meisten Arten in tropischen Korallenriffen. Dabei kommt es punktuell aus ungekl\u00e4rten Gr\u00fcnden zu einer hohen Artenvielfalt. In Hawaii alleine gibt es z.B. \u00fcber drei\u00dfig Arten.<\/p>\n","protected":false},"excerpt":{"rendered":"<p>Mur\u00e4nen sind gegen\u00fcber Menschen nicht aggressiv. Aber man sollte sie in Ruhe lassen, ihnen niemals in ihrer H\u00f6hle zu nahe kommen und sie auch nicht f\u00fcttern. Denn kommt es aus Gr\u00fcnden der Selbstverteidigung oder durch einem Irrtum zu einem Biss, kann es gef\u00e4hrlich werden: Die Z\u00e4hne der Mur\u00e4nen sind nach hinten gebogen &#8211; selbst wenn &hellip; <\/p>\n<p class=\"link-more\"><a href=\"https:\/\/alles-ueber-riffe.de\/?page_id=1374\" class=\"more-link\"><span class=\"screen-reader-text\">\u201eAlles \u00fcber Mur\u00e4nen\u201c<\/span> weiterlesen<\/a><\/p>\n","protected":false},"author":1,"featured_media":0,"parent":0,"menu_order":0,"comment_status":"closed","ping_status":"closed","template":"","meta":{"footnotes":""},"class_list":["post-1374","page","type-page","status-publish","hentry"],"_links":{"self":[{"href":"https:\/\/alles-ueber-riffe.de\/index.php?rest_route=\/wp\/v2\/pages\/1374","targetHints":{"allow":["GET"]}}],"collection":[{"href":"https:\/\/alles-ueber-riffe.de\/index.php?rest_route=\/wp\/v2\/pages"}],"about":[{"href":"https:\/\/alles-ueber-riffe.de\/index.php?rest_route=\/wp\/v2\/types\/page"}],"author":[{"embeddable":true,"href":"https:\/\/alles-ueber-riffe.de\/index.php?rest_route=\/wp\/v2\/users\/1"}],"replies":[{"embeddable":true,"href":"https:\/\/alles-ueber-riffe.de\/index.php?rest_route=%2Fwp%2Fv2%2Fcomments&post=1374"}],"version-history":[{"count":1,"href":"https:\/\/alles-ueber-riffe.de\/index.php?rest_route=\/wp\/v2\/pages\/1374\/revisions"}],"predecessor-version":[{"id":1375,"href":"https:\/\/alles-ueber-riffe.de\/index.php?rest_route=\/wp\/v2\/pages\/1374\/revisions\/1375"}],"wp:attachment":[{"href":"https:\/\/alles-ueber-riffe.de\/index.php?rest_route=%2Fwp%2Fv2%2Fmedia&parent=1374"}],"curies":[{"name":"wp","href":"https:\/\/api.w.org\/{rel}","templated":true}]}}