{"id":1368,"date":"2024-10-29T13:47:37","date_gmt":"2024-10-29T13:47:37","guid":{"rendered":"https:\/\/alles-ueber-riffe.de\/?page_id=1368"},"modified":"2024-10-29T13:47:37","modified_gmt":"2024-10-29T13:47:37","slug":"alles-ueber-mirakelbarsche","status":"publish","type":"page","link":"https:\/\/alles-ueber-riffe.de\/?page_id=1368","title":{"rendered":"Alles \u00fcber Mirakelbarsche"},"content":{"rendered":"\n<p>Der englische Name \u201eLangflosser\u201c ist eine gute Beschreibung dieser Fische, denn die Flossen machen ca. 2\/3 der K\u00f6rperoberfl\u00e4che aus.<\/p>\n\n\n\n<p>Um Mirakelbarsche zu sehen, muss man nachts tauchen. Nur dann kommen die scheuen Fische aus ihren kleinen H\u00f6hlen im Riff. Diese pr\u00e4chtigen Fische jagen nach kleinen Fischen und Wirbellosen. Sie laichen in ihren Wohnh\u00f6hlen und geh\u00f6ren zu den wenigen Meeresfischen, die Brutpflege betreiben.<\/p>\n\n\n\n<p>49 Arten in 12 Gattungen sind beschrieben.<\/p>\n\n\n\n<p>Mirakelbarsche leben in den subtropischen und tropischen Bereichen des Pazifik.&nbsp;<\/p>\n","protected":false},"excerpt":{"rendered":"<p>Der englische Name \u201eLangflosser\u201c ist eine gute Beschreibung dieser Fische, denn die Flossen machen ca. 2\/3 der K\u00f6rperoberfl\u00e4che aus. Um Mirakelbarsche zu sehen, muss man nachts tauchen. Nur dann kommen die scheuen Fische aus ihren kleinen H\u00f6hlen im Riff. Diese pr\u00e4chtigen Fische jagen nach kleinen Fischen und Wirbellosen. Sie laichen in ihren Wohnh\u00f6hlen und geh\u00f6ren &hellip; <\/p>\n<p class=\"link-more\"><a href=\"https:\/\/alles-ueber-riffe.de\/?page_id=1368\" class=\"more-link\"><span class=\"screen-reader-text\">\u201eAlles \u00fcber Mirakelbarsche\u201c<\/span> weiterlesen<\/a><\/p>\n","protected":false},"author":1,"featured_media":0,"parent":0,"menu_order":0,"comment_status":"closed","ping_status":"closed","template":"","meta":{"footnotes":""},"class_list":["post-1368","page","type-page","status-publish","hentry"],"_links":{"self":[{"href":"https:\/\/alles-ueber-riffe.de\/index.php?rest_route=\/wp\/v2\/pages\/1368","targetHints":{"allow":["GET"]}}],"collection":[{"href":"https:\/\/alles-ueber-riffe.de\/index.php?rest_route=\/wp\/v2\/pages"}],"about":[{"href":"https:\/\/alles-ueber-riffe.de\/index.php?rest_route=\/wp\/v2\/types\/page"}],"author":[{"embeddable":true,"href":"https:\/\/alles-ueber-riffe.de\/index.php?rest_route=\/wp\/v2\/users\/1"}],"replies":[{"embeddable":true,"href":"https:\/\/alles-ueber-riffe.de\/index.php?rest_route=%2Fwp%2Fv2%2Fcomments&post=1368"}],"version-history":[{"count":1,"href":"https:\/\/alles-ueber-riffe.de\/index.php?rest_route=\/wp\/v2\/pages\/1368\/revisions"}],"predecessor-version":[{"id":1369,"href":"https:\/\/alles-ueber-riffe.de\/index.php?rest_route=\/wp\/v2\/pages\/1368\/revisions\/1369"}],"wp:attachment":[{"href":"https:\/\/alles-ueber-riffe.de\/index.php?rest_route=%2Fwp%2Fv2%2Fmedia&parent=1368"}],"curies":[{"name":"wp","href":"https:\/\/api.w.org\/{rel}","templated":true}]}}