{"id":1362,"date":"2024-10-29T13:46:05","date_gmt":"2024-10-29T13:46:05","guid":{"rendered":"https:\/\/alles-ueber-riffe.de\/?page_id=1362"},"modified":"2024-11-26T11:02:55","modified_gmt":"2024-11-26T11:02:55","slug":"alles-ueber-meerbarben","status":"publish","type":"page","link":"https:\/\/alles-ueber-riffe.de\/?page_id=1362","title":{"rendered":"Alles \u00fcber Meerbarben"},"content":{"rendered":"\n<p>Im alten Rom nutzte man die F\u00e4higkeit der Meerbarben, ihre Farben zu wechseln, zu einem grausamen Vergn\u00fcgen. Man zeigte einem Publikum lebende Meerbarben, lie\u00df<em>&nbsp;<\/em>sie sterben, und am\u00fcsierte sich \u00fcber den Wechsel der Farben im Todeskampf. In der Natur zeigen Meerbarben oft verschiedene F\u00e4rbungen und Muster, die sich nach der T\u00e4tigkeit richten: z.B. fressen, ruhen oder schlafen.<\/p>\n\n\n\n<p>Meerbarben sind leicht an den beiden Barteln am unterst\u00e4ndigen Maul zu erkennen. Damit durchw\u00fchlen sie den Sand- oder Schlickboden nach fressbaren Wirbellosen, oft begleitet von schnorrenden Lipp- oder Falterfischen. Sie schlie\u00dfen sich oft zu kleinen Gruppen, aber auch zu gro\u00dfen Schw\u00e4rmen zusammen. Sie leben bevorzugt im flachen Wasser und sind in der Regel ca. 20 cm gro\u00df. Eier und Sperma werden dem Meer \u00fcbergeben,und die Larven werden Teil des Planktons.<\/p>\n\n\n\n<p>Barben kennt man auch aus dem S\u00fc\u00dfwasser. Die beiden Fischfamilien sind aber trotz aller \u00c4hnlichkeiten nicht n\u00e4her verwandt.<\/p>\n\n\n\n<p>84 Arten in sechs Gattungen sind beschrieben.<\/p>\n\n\n\n<p>Meerbarben leben in allen tropischen Bereichen der Ozeane, die H\u00e4lfte aller Arten im Korallendreieck Indonesien, Philippinen und Papua Neuguinea.<\/p>\n","protected":false},"excerpt":{"rendered":"<p>Im alten Rom nutzte man die F\u00e4higkeit der Meerbarben, ihre Farben zu wechseln, zu einem grausamen Vergn\u00fcgen. Man zeigte einem Publikum lebende Meerbarben, lie\u00df&nbsp;sie sterben, und am\u00fcsierte sich \u00fcber den Wechsel der Farben im Todeskampf. In der Natur zeigen Meerbarben oft verschiedene F\u00e4rbungen und Muster, die sich nach der T\u00e4tigkeit richten: z.B. fressen, ruhen oder &hellip; <\/p>\n<p class=\"link-more\"><a href=\"https:\/\/alles-ueber-riffe.de\/?page_id=1362\" class=\"more-link\"><span class=\"screen-reader-text\">\u201eAlles \u00fcber Meerbarben\u201c<\/span> weiterlesen<\/a><\/p>\n","protected":false},"author":1,"featured_media":0,"parent":0,"menu_order":0,"comment_status":"closed","ping_status":"closed","template":"","meta":{"footnotes":""},"class_list":["post-1362","page","type-page","status-publish","hentry"],"_links":{"self":[{"href":"https:\/\/alles-ueber-riffe.de\/index.php?rest_route=\/wp\/v2\/pages\/1362","targetHints":{"allow":["GET"]}}],"collection":[{"href":"https:\/\/alles-ueber-riffe.de\/index.php?rest_route=\/wp\/v2\/pages"}],"about":[{"href":"https:\/\/alles-ueber-riffe.de\/index.php?rest_route=\/wp\/v2\/types\/page"}],"author":[{"embeddable":true,"href":"https:\/\/alles-ueber-riffe.de\/index.php?rest_route=\/wp\/v2\/users\/1"}],"replies":[{"embeddable":true,"href":"https:\/\/alles-ueber-riffe.de\/index.php?rest_route=%2Fwp%2Fv2%2Fcomments&post=1362"}],"version-history":[{"count":2,"href":"https:\/\/alles-ueber-riffe.de\/index.php?rest_route=\/wp\/v2\/pages\/1362\/revisions"}],"predecessor-version":[{"id":2714,"href":"https:\/\/alles-ueber-riffe.de\/index.php?rest_route=\/wp\/v2\/pages\/1362\/revisions\/2714"}],"wp:attachment":[{"href":"https:\/\/alles-ueber-riffe.de\/index.php?rest_route=%2Fwp%2Fv2%2Fmedia&parent=1362"}],"curies":[{"name":"wp","href":"https:\/\/api.w.org\/{rel}","templated":true}]}}