{"id":1360,"date":"2024-10-29T13:45:39","date_gmt":"2024-10-29T13:45:39","guid":{"rendered":"https:\/\/alles-ueber-riffe.de\/?page_id=1360"},"modified":"2024-10-29T13:45:39","modified_gmt":"2024-10-29T13:45:39","slug":"alles-ueber-meeraeschen","status":"publish","type":"page","link":"https:\/\/alles-ueber-riffe.de\/?page_id=1360","title":{"rendered":"Alles \u00fcber Meer\u00e4schen"},"content":{"rendered":"\n<p>Diese eher unscheinbaren, silbernen Fische bereiten den Taxonomen noch immer Kopfzerbrechen.&nbsp;<\/p>\n\n\n\n<p>Neueste genetische Untersuchungen zeigten \u00fcberraschend eine unerwartete Verwandtschaft zu Mirakel- und Zwergbarschen auf. Ein gutes Beispiel daf\u00fcr, dass die Einteilung der Fische in Ordnungen, Familien und Gattungen immer wieder \u00c4nderungen unterworfen ist.<\/p>\n\n\n\n<p>Meer\u00e4schen k\u00f6nnen bis zu einem Meter gro\u00df werden und halten sich oft an der Wasseroberfl\u00e4che auf. Sie ern\u00e4hren sich von Pflanzen und haben kleine M\u00e4uler.<\/p>\n\n\n\n<p>75 Arten in 20 Gattungen sind beschrieben.<\/p>\n\n\n\n<p>Meer\u00e4schen leben in den subtropischen und tropischen Bereichen aller Ozeane. Einige Arten eroberten auch den Lebensraum Brack- und S\u00fc\u00dfwasser.<\/p>\n","protected":false},"excerpt":{"rendered":"<p>Diese eher unscheinbaren, silbernen Fische bereiten den Taxonomen noch immer Kopfzerbrechen.&nbsp; Neueste genetische Untersuchungen zeigten \u00fcberraschend eine unerwartete Verwandtschaft zu Mirakel- und Zwergbarschen auf. Ein gutes Beispiel daf\u00fcr, dass die Einteilung der Fische in Ordnungen, Familien und Gattungen immer wieder \u00c4nderungen unterworfen ist. Meer\u00e4schen k\u00f6nnen bis zu einem Meter gro\u00df werden und halten sich oft &hellip; <\/p>\n<p class=\"link-more\"><a href=\"https:\/\/alles-ueber-riffe.de\/?page_id=1360\" class=\"more-link\"><span class=\"screen-reader-text\">\u201eAlles \u00fcber Meer\u00e4schen\u201c<\/span> weiterlesen<\/a><\/p>\n","protected":false},"author":1,"featured_media":0,"parent":0,"menu_order":0,"comment_status":"closed","ping_status":"closed","template":"","meta":{"footnotes":""},"class_list":["post-1360","page","type-page","status-publish","hentry"],"_links":{"self":[{"href":"https:\/\/alles-ueber-riffe.de\/index.php?rest_route=\/wp\/v2\/pages\/1360","targetHints":{"allow":["GET"]}}],"collection":[{"href":"https:\/\/alles-ueber-riffe.de\/index.php?rest_route=\/wp\/v2\/pages"}],"about":[{"href":"https:\/\/alles-ueber-riffe.de\/index.php?rest_route=\/wp\/v2\/types\/page"}],"author":[{"embeddable":true,"href":"https:\/\/alles-ueber-riffe.de\/index.php?rest_route=\/wp\/v2\/users\/1"}],"replies":[{"embeddable":true,"href":"https:\/\/alles-ueber-riffe.de\/index.php?rest_route=%2Fwp%2Fv2%2Fcomments&post=1360"}],"version-history":[{"count":1,"href":"https:\/\/alles-ueber-riffe.de\/index.php?rest_route=\/wp\/v2\/pages\/1360\/revisions"}],"predecessor-version":[{"id":1361,"href":"https:\/\/alles-ueber-riffe.de\/index.php?rest_route=\/wp\/v2\/pages\/1360\/revisions\/1361"}],"wp:attachment":[{"href":"https:\/\/alles-ueber-riffe.de\/index.php?rest_route=%2Fwp%2Fv2%2Fmedia&parent=1360"}],"curies":[{"name":"wp","href":"https:\/\/api.w.org\/{rel}","templated":true}]}}