{"id":1358,"date":"2024-10-29T13:45:08","date_gmt":"2024-10-29T13:45:08","guid":{"rendered":"https:\/\/alles-ueber-riffe.de\/?page_id=1358"},"modified":"2024-10-29T13:45:08","modified_gmt":"2024-10-29T13:45:08","slug":"alles-ueber-makrelen-und-thunfische","status":"publish","type":"page","link":"https:\/\/alles-ueber-riffe.de\/?page_id=1358","title":{"rendered":"Alles \u00fcber Makrelen und Thunfische"},"content":{"rendered":"\n<p>Der bis zu 4,50 m gro\u00df werdende Rote Thunfisch ist der teuerste Fisch der Welt. Besonders im Sushiland Japan wird in Tokio auf dem Fischmarkt f\u00fcr einen ganzen Roten Thunfisch weit \u00fcber 100.000,00 Dollar bezahlt.&nbsp;<\/p>\n\n\n\n<p>Makrelen und Thunfische geh\u00f6ren weltweit zu den begehrtesten Speisefischen, und einige Arten brachte der Fangdruck schon an den Rand des Aussterbens, und das, obwohl viele Arten mehrere<em>&nbsp;<\/em>Millionen Eier bei einer Paarung aussto\u00dfen und sich das ganze Jahr \u00fcber fortpflanzen. Greenpeace r\u00e4t deshalb grunds\u00e4tzlich zum Verzicht auf Thunfischfleisch. Das f\u00e4llt schwer, denn ein Thunfischsteak schmeckt nicht nur hervorragend, sondern ist auch gesund: fettarm und voller Omega 3-Fetts\u00e4uren. Inzwischen gelangen erste Zuchterfolge in Aquakulturen, so dass die Hoffnung besteht, dass der Fangdruck nachl\u00e4sst.<\/p>\n\n\n\n<p>Makrelen und Thunfische sind mit den Stachelmakrelen nur entfernt verwandt. Das ist f\u00fcr den Laien verwirrend, haben sie doch das gleiche Verhalten, \u00e4hnliches Aussehen und Gr\u00f6\u00dfe und dieselbe<em>&nbsp;<\/em>silberne Farbe. Diese gleiche evolution\u00e4re Entwicklung von Verhalten und Aussehen nicht verwandter Arten nennt man in der Biologie Konvergenz.<\/p>\n\n\n\n<p>Makrelen und Thunfische besitzen am Schwanzstil zwischen R\u00fccken- und Bauchflossen auf der einen Seite und der Schwanzflosse auf der anderen bis zu 9 kleine Flossen, die wie Pfeilspitzen aussehen. Ein weiteres, aber nicht sichtbares Unterscheidungsmerkmal ist die Schwimmblase. Sie fehlt ganz oder ist klein, weshalb Thunfische immer schwimmen m\u00fcssen, um nicht abzusinken. Das verbrennt viel Energie, die aber auf Grund eines speziellen Blutkreislaufes auch zum Aufw\u00e4rmen der K\u00f6rpertemperatur genutzt wird. Diese liegt immer \u00fcber der Wassertemperatur. Das steigert die Leistung der Muskeln, der Augen und des Gehirns erheblich. Bis auf wenige Ausnahmen sind alle Mitglieder dieser Familien schnelle und gro\u00dfe R\u00e4uber, die pelagisch in Gruppen und Schw\u00e4rmen kleinere Fische jagen.&nbsp;<\/p>\n\n\n\n<p>Unter Wasser sieht man Makrelen und Thunfische eher an Au\u00dfenriffen, die zum Jagen oder wegen der Putzerfische aufgesucht werden.<\/p>\n\n\n\n<p>54 Arten sind in 15 Gattungen beschrieben.<\/p>\n\n\n\n<p>Makrelen und Thunfische leben in den gem\u00e4\u00dfigten, subtropischen und tropischen Bereichen aller Ozeane.&nbsp;<\/p>\n","protected":false},"excerpt":{"rendered":"<p>Der bis zu 4,50 m gro\u00df werdende Rote Thunfisch ist der teuerste Fisch der Welt. Besonders im Sushiland Japan wird in Tokio auf dem Fischmarkt f\u00fcr einen ganzen Roten Thunfisch weit \u00fcber 100.000,00 Dollar bezahlt.&nbsp; Makrelen und Thunfische geh\u00f6ren weltweit zu den begehrtesten Speisefischen, und einige Arten brachte der Fangdruck schon an den Rand des &hellip; <\/p>\n<p class=\"link-more\"><a href=\"https:\/\/alles-ueber-riffe.de\/?page_id=1358\" class=\"more-link\"><span class=\"screen-reader-text\">\u201eAlles \u00fcber Makrelen und Thunfische\u201c<\/span> weiterlesen<\/a><\/p>\n","protected":false},"author":1,"featured_media":0,"parent":0,"menu_order":0,"comment_status":"closed","ping_status":"closed","template":"","meta":{"footnotes":""},"class_list":["post-1358","page","type-page","status-publish","hentry"],"_links":{"self":[{"href":"https:\/\/alles-ueber-riffe.de\/index.php?rest_route=\/wp\/v2\/pages\/1358","targetHints":{"allow":["GET"]}}],"collection":[{"href":"https:\/\/alles-ueber-riffe.de\/index.php?rest_route=\/wp\/v2\/pages"}],"about":[{"href":"https:\/\/alles-ueber-riffe.de\/index.php?rest_route=\/wp\/v2\/types\/page"}],"author":[{"embeddable":true,"href":"https:\/\/alles-ueber-riffe.de\/index.php?rest_route=\/wp\/v2\/users\/1"}],"replies":[{"embeddable":true,"href":"https:\/\/alles-ueber-riffe.de\/index.php?rest_route=%2Fwp%2Fv2%2Fcomments&post=1358"}],"version-history":[{"count":1,"href":"https:\/\/alles-ueber-riffe.de\/index.php?rest_route=\/wp\/v2\/pages\/1358\/revisions"}],"predecessor-version":[{"id":1359,"href":"https:\/\/alles-ueber-riffe.de\/index.php?rest_route=\/wp\/v2\/pages\/1358\/revisions\/1359"}],"wp:attachment":[{"href":"https:\/\/alles-ueber-riffe.de\/index.php?rest_route=%2Fwp%2Fv2%2Fmedia&parent=1358"}],"curies":[{"name":"wp","href":"https:\/\/api.w.org\/{rel}","templated":true}]}}