{"id":1356,"date":"2024-10-29T13:44:30","date_gmt":"2024-10-29T13:44:30","guid":{"rendered":"https:\/\/alles-ueber-riffe.de\/?page_id=1356"},"modified":"2024-10-29T13:44:30","modified_gmt":"2024-10-29T13:44:30","slug":"alles-ueber-lippfische","status":"publish","type":"page","link":"https:\/\/alles-ueber-riffe.de\/?page_id=1356","title":{"rendered":"Alles \u00fcber Lippfische"},"content":{"rendered":"\n<p>Lippfische sind die extremsten Verwandlungsk\u00fcnstler unter den Fischen. Juvenile, Adulte, Weibchen und M\u00e4nnchen sehen oft so unterschiedlich aus, dass man nicht im Traum darauf kommt, dass es sich um die gleiche Art handeln k\u00f6nnte. Rekordverd\u00e4chtig ist der Mexikanische Lippfisch, der in den Riffen der s\u00fcdamerikanischen Pazifikk\u00fcste vorkommt. Er bringt es vom kleinen bis zum gro\u00dfen Lippfisch auf f\u00fcnf Erscheinungsformen. Als w\u00e4ren das nicht schon Probleme genug, belegen Lippfische nach den Grundeln und den Plattfischen Platz drei in Sachen Artenreichtum. Multipliziert mit den unterschiedlichen Erscheinungsformen m\u00fcsste man f\u00fcr die Zuordnung rund 1500 Bilder im Kopf haben. Das alleine w\u00e4re schon eine Lebensaufgabe und macht die Bestimmung der Lippfische besonders schwierig.<\/p>\n\n\n\n<p>Der Grund f\u00fcr diese unterschiedlichen Erscheinungsformen liegt im territorialen Verhalten der M\u00e4nnchen. Sie dulden in ihrem Gebiet keinen Konkurrenten, denn sie wollen ihren Harem ganz f\u00fcr sich alleine haben. Das gleiche gilt f\u00fcr die Weibchen. Aber ein Lippfisch w\u00e4re kein Lippfisch, wenn er daf\u00fcr keine Verwandlungsl\u00f6sung f\u00e4nde. Bei manchen Arten tarnen sich die M\u00e4nnchen als Weibchen und bekommen so bei der Paarung auch mal eine Chance ein paar Eier zu befruchten. Und um noch eins drauf zu setzen: Stirbt der Haremschef, wechselt eines der Weibchen mal kurz sein Geschlecht und Aussehen und wird selbst zum Chef. Jetzt gibt es noch ein letztes Problem: Wenn jedes M\u00e4nnchen einen Harem mit bis zu 10 Weibchen braucht, wo kommen dann die ganzen Weibchen her? Ganz einfach: Wenn ein Lippfisch geschlechtsreif wird, ist er ein Weibchen. Erst sp\u00e4ter wandeln sich einige in M\u00e4nnchen um.<\/p>\n\n\n\n<p>Wer sich soviel um sein \u00c4u\u00dferes k\u00fcmmern muss, hat keine Zeit mehr f\u00fcr die Brutpflege. Lippfische laichen ins freie Wasser ab und die Eier und die geschl\u00fcpften Jungfische werden Teil des Meeresplanktons, bis sie ab einer bestimmten Gr\u00f6\u00dfe ins Riff oder Seegras zur\u00fcckkommen.<\/p>\n\n\n\n<p>Lippfische geh\u00f6ren<em>&nbsp;<\/em>neben den Falter- und Kaiserfischen zu den farbenpr\u00e4chtigen Bewohnern der Korallenriffe. Alle Lippfischarten leben im Riff oder Seegras, keine einzige Art pelagisch. Lippfische ern\u00e4hren sich carnivor, d.h. sie sind Fleischfresser. Bevorzugt geh\u00f6ren Wirbellose zu ihrer Beute. Manchmal verhalten sie sich wie echte Schnorrer, indem sie z.B. Meerbarben begleiten, um mal zu schauen, was bei deren Herumw\u00fchlen so abf\u00e4llt. Andere wieder sind begehrte Dienstleister. Die Reviere der Putzerlippfische werden von allen anderen Bewohnern des Riffes gerne besucht. Wem die Reise zu den Putzerstationen zu gef\u00e4hrlich ist, zu dem kommt der Putzerlippfisch auch mal nach Hause. Fast 10% der Lippfischarten putzen, manche allerdings nur als Juvenile.<\/p>\n\n\n\n<p>Lippfische hei\u00dfen Lippfische, weil sie ausgepr\u00e4gte Lippen haben. Bei dem mit 2,30 m gr\u00f6\u00dften Lippfisch, dem Napoleon, ist dieses Erkennungsmerkmal sehr deutlich und gut zu sehen. Weitere Erkennungsmerkmale: Lippfische k\u00f6nnen ihre Augen unabh\u00e4ngig voneinander bewegen. Sie schwimmen fast immer nur mit den Brustflossen, die sie gleichzeitig bewegen, und die Schwanzflosse dient nur als Ruder. Die meisten Lippfische sind&nbsp;zwischen zehn und drei\u00dfig Zentimeter gro\u00df, der kleinste sechs.<\/p>\n\n\n\n<p>Ca. 517Arten in 71 Gattungen sind beschrieben.<\/p>\n\n\n\n<p>Lippfische leben in den subtropischen und tropischen Bereichen aller Ozeane. Einige wenige Arten auch in k\u00e4lteren Regionen wie dem Mittelmeer, dem n\u00f6rdlichen Atlantik und der Nordsee.<\/p>\n","protected":false},"excerpt":{"rendered":"<p>Lippfische sind die extremsten Verwandlungsk\u00fcnstler unter den Fischen. Juvenile, Adulte, Weibchen und M\u00e4nnchen sehen oft so unterschiedlich aus, dass man nicht im Traum darauf kommt, dass es sich um die gleiche Art handeln k\u00f6nnte. Rekordverd\u00e4chtig ist der Mexikanische Lippfisch, der in den Riffen der s\u00fcdamerikanischen Pazifikk\u00fcste vorkommt. Er bringt es vom kleinen bis zum gro\u00dfen &hellip; <\/p>\n<p class=\"link-more\"><a href=\"https:\/\/alles-ueber-riffe.de\/?page_id=1356\" class=\"more-link\"><span class=\"screen-reader-text\">\u201eAlles \u00fcber Lippfische\u201c<\/span> weiterlesen<\/a><\/p>\n","protected":false},"author":1,"featured_media":0,"parent":0,"menu_order":0,"comment_status":"closed","ping_status":"closed","template":"","meta":{"footnotes":""},"class_list":["post-1356","page","type-page","status-publish","hentry"],"_links":{"self":[{"href":"https:\/\/alles-ueber-riffe.de\/index.php?rest_route=\/wp\/v2\/pages\/1356","targetHints":{"allow":["GET"]}}],"collection":[{"href":"https:\/\/alles-ueber-riffe.de\/index.php?rest_route=\/wp\/v2\/pages"}],"about":[{"href":"https:\/\/alles-ueber-riffe.de\/index.php?rest_route=\/wp\/v2\/types\/page"}],"author":[{"embeddable":true,"href":"https:\/\/alles-ueber-riffe.de\/index.php?rest_route=\/wp\/v2\/users\/1"}],"replies":[{"embeddable":true,"href":"https:\/\/alles-ueber-riffe.de\/index.php?rest_route=%2Fwp%2Fv2%2Fcomments&post=1356"}],"version-history":[{"count":1,"href":"https:\/\/alles-ueber-riffe.de\/index.php?rest_route=\/wp\/v2\/pages\/1356\/revisions"}],"predecessor-version":[{"id":1357,"href":"https:\/\/alles-ueber-riffe.de\/index.php?rest_route=\/wp\/v2\/pages\/1356\/revisions\/1357"}],"wp:attachment":[{"href":"https:\/\/alles-ueber-riffe.de\/index.php?rest_route=%2Fwp%2Fv2%2Fmedia&parent=1356"}],"curies":[{"name":"wp","href":"https:\/\/api.w.org\/{rel}","templated":true}]}}