{"id":1354,"date":"2024-10-29T13:44:00","date_gmt":"2024-10-29T13:44:00","guid":{"rendered":"https:\/\/alles-ueber-riffe.de\/?page_id=1354"},"modified":"2024-10-29T13:44:00","modified_gmt":"2024-10-29T13:44:00","slug":"alles-ueber-leierfische","status":"publish","type":"page","link":"https:\/\/alles-ueber-riffe.de\/?page_id=1354","title":{"rendered":"Alles \u00fcber Leierfische"},"content":{"rendered":"\n<p>Der lateinische Familienname der Leierfische bedeutet frei \u00fcbersetzt \u201ewundersch\u00f6n\u201c, und das trifft auf viele Arten dieser Familie zu. Dabei dominieren sehr intensive Farben und Muster. Leierfische sind kleine Bodenbewohner, die man leicht mit Grundeln verwechseln kann.<\/p>\n\n\n\n<p>M\u00e4nnchen und Weibchen unterscheiden sich oft in Gr\u00f6\u00dfe und F\u00e4rbung. Die gro\u00dfen Augen nutzen das Licht der D\u00e4mmerung optimal aus.<\/p>\n\n\n\n<p>188 Arten in 20 Gattungen sind beschrieben.<\/p>\n\n\n\n<p>Leierfische leben in allen tropischen Bereichen des Indopazifik. Im Mittelmeer leben sieben Arten.<\/p>\n","protected":false},"excerpt":{"rendered":"<p>Der lateinische Familienname der Leierfische bedeutet frei \u00fcbersetzt \u201ewundersch\u00f6n\u201c, und das trifft auf viele Arten dieser Familie zu. Dabei dominieren sehr intensive Farben und Muster. Leierfische sind kleine Bodenbewohner, die man leicht mit Grundeln verwechseln kann. M\u00e4nnchen und Weibchen unterscheiden sich oft in Gr\u00f6\u00dfe und F\u00e4rbung. Die gro\u00dfen Augen nutzen das Licht der D\u00e4mmerung optimal &hellip; <\/p>\n<p class=\"link-more\"><a href=\"https:\/\/alles-ueber-riffe.de\/?page_id=1354\" class=\"more-link\"><span class=\"screen-reader-text\">\u201eAlles \u00fcber Leierfische\u201c<\/span> weiterlesen<\/a><\/p>\n","protected":false},"author":1,"featured_media":0,"parent":0,"menu_order":0,"comment_status":"closed","ping_status":"closed","template":"","meta":{"footnotes":""},"class_list":["post-1354","page","type-page","status-publish","hentry"],"_links":{"self":[{"href":"https:\/\/alles-ueber-riffe.de\/index.php?rest_route=\/wp\/v2\/pages\/1354","targetHints":{"allow":["GET"]}}],"collection":[{"href":"https:\/\/alles-ueber-riffe.de\/index.php?rest_route=\/wp\/v2\/pages"}],"about":[{"href":"https:\/\/alles-ueber-riffe.de\/index.php?rest_route=\/wp\/v2\/types\/page"}],"author":[{"embeddable":true,"href":"https:\/\/alles-ueber-riffe.de\/index.php?rest_route=\/wp\/v2\/users\/1"}],"replies":[{"embeddable":true,"href":"https:\/\/alles-ueber-riffe.de\/index.php?rest_route=%2Fwp%2Fv2%2Fcomments&post=1354"}],"version-history":[{"count":1,"href":"https:\/\/alles-ueber-riffe.de\/index.php?rest_route=\/wp\/v2\/pages\/1354\/revisions"}],"predecessor-version":[{"id":1355,"href":"https:\/\/alles-ueber-riffe.de\/index.php?rest_route=\/wp\/v2\/pages\/1354\/revisions\/1355"}],"wp:attachment":[{"href":"https:\/\/alles-ueber-riffe.de\/index.php?rest_route=%2Fwp%2Fv2%2Fmedia&parent=1354"}],"curies":[{"name":"wp","href":"https:\/\/api.w.org\/{rel}","templated":true}]}}