{"id":1350,"date":"2024-10-29T13:43:10","date_gmt":"2024-10-29T13:43:10","guid":{"rendered":"https:\/\/alles-ueber-riffe.de\/?page_id=1350"},"modified":"2024-10-29T13:43:10","modified_gmt":"2024-10-29T13:43:10","slug":"alles-ueber-kieferfische","status":"publish","type":"page","link":"https:\/\/alles-ueber-riffe.de\/?page_id=1350","title":{"rendered":"Alles \u00fcber Kieferfische"},"content":{"rendered":"\n<p>Kieferfische auch Brunnenbauer genannt, leben in selbst gegrabenen, senkrechten H\u00f6hlen im Sandboden. Schaut man hinein, ist oft nur der Kopf zu sehen. Dieser besteht zu einem Drittel aus dem gro\u00dfen Maul, und wenn es ein M\u00e4nnchen ist, kann es auch voller Eier sein. Kieferfische sind Maulbr\u00fcter.<\/p>\n\n\n\n<p>Kieferfische sind sehr leicht mit Grundeln zu verwechseln, denn sie sehen sich nicht nur \u00e4hnlich, auch die Lebensweise in Sandh\u00f6hlen teilen sie mit vielen Arten dieser Fischfamilie. Allerdings kommt bei ihnen eine Symbiose mit Krebsen nicht vor. Die meisten Kieferfische sind maximal 12 cm gro\u00df.<\/p>\n\n\n\n<p>79 Arten in drei Gattungen sind beschrieben.<\/p>\n\n\n\n<p>Kieferfische leben in den tropischen Bereichen aller Ozeane.<\/p>\n","protected":false},"excerpt":{"rendered":"<p>Kieferfische auch Brunnenbauer genannt, leben in selbst gegrabenen, senkrechten H\u00f6hlen im Sandboden. Schaut man hinein, ist oft nur der Kopf zu sehen. Dieser besteht zu einem Drittel aus dem gro\u00dfen Maul, und wenn es ein M\u00e4nnchen ist, kann es auch voller Eier sein. Kieferfische sind Maulbr\u00fcter. Kieferfische sind sehr leicht mit Grundeln zu verwechseln, denn &hellip; <\/p>\n<p class=\"link-more\"><a href=\"https:\/\/alles-ueber-riffe.de\/?page_id=1350\" class=\"more-link\"><span class=\"screen-reader-text\">\u201eAlles \u00fcber Kieferfische\u201c<\/span> weiterlesen<\/a><\/p>\n","protected":false},"author":1,"featured_media":0,"parent":0,"menu_order":0,"comment_status":"closed","ping_status":"closed","template":"","meta":{"footnotes":""},"class_list":["post-1350","page","type-page","status-publish","hentry"],"_links":{"self":[{"href":"https:\/\/alles-ueber-riffe.de\/index.php?rest_route=\/wp\/v2\/pages\/1350","targetHints":{"allow":["GET"]}}],"collection":[{"href":"https:\/\/alles-ueber-riffe.de\/index.php?rest_route=\/wp\/v2\/pages"}],"about":[{"href":"https:\/\/alles-ueber-riffe.de\/index.php?rest_route=\/wp\/v2\/types\/page"}],"author":[{"embeddable":true,"href":"https:\/\/alles-ueber-riffe.de\/index.php?rest_route=\/wp\/v2\/users\/1"}],"replies":[{"embeddable":true,"href":"https:\/\/alles-ueber-riffe.de\/index.php?rest_route=%2Fwp%2Fv2%2Fcomments&post=1350"}],"version-history":[{"count":1,"href":"https:\/\/alles-ueber-riffe.de\/index.php?rest_route=\/wp\/v2\/pages\/1350\/revisions"}],"predecessor-version":[{"id":1351,"href":"https:\/\/alles-ueber-riffe.de\/index.php?rest_route=\/wp\/v2\/pages\/1350\/revisions\/1351"}],"wp:attachment":[{"href":"https:\/\/alles-ueber-riffe.de\/index.php?rest_route=%2Fwp%2Fv2%2Fmedia&parent=1350"}],"curies":[{"name":"wp","href":"https:\/\/api.w.org\/{rel}","templated":true}]}}