{"id":1348,"date":"2024-10-29T13:42:42","date_gmt":"2024-10-29T13:42:42","guid":{"rendered":"https:\/\/alles-ueber-riffe.de\/?page_id=1348"},"modified":"2024-10-29T13:42:42","modified_gmt":"2024-10-29T13:42:42","slug":"alles-ueber-kardinalbarsche","status":"publish","type":"page","link":"https:\/\/alles-ueber-riffe.de\/?page_id=1348","title":{"rendered":"Alles \u00fcber Kardinalbarsche"},"content":{"rendered":"\n<p>Wenn Kardinalbarsche durch einen besonders dicken Kopf auffallen, dann handelt es sich um M\u00e4nnchen, die gerade die Eier der letzten Paarung ausbr\u00fcten. Wie die Kieferfische sind sie Maulbr\u00fcter.&nbsp;<\/p>\n\n\n\n<p>Kardinalbarsche jagen in der D\u00e4mmerung und nachts nach Plankton. In der Regel sind sie maximal 10 cm gro\u00df und man findet sie tags\u00fcber in den Riffspalten. Zwei getrennte R\u00fcckenflossen sind ein gutes Erkennungsmerkmal. Ihre n\u00e4chsten Verwandten sind die Glas- und Beilbauchfische.<\/p>\n\n\n\n<p>346 Arten in 33 Gattungen sind beschrieben.<\/p>\n\n\n\n<p>Kardinalbarsche leben in den subtropischen und tropischen Bereichen der Ozeane. Einige Arten leben im Brackwasser und in Australien und Neuguinea eroberten 9 Arten auch das S\u00fc\u00dfwasser.<\/p>\n","protected":false},"excerpt":{"rendered":"<p>Wenn Kardinalbarsche durch einen besonders dicken Kopf auffallen, dann handelt es sich um M\u00e4nnchen, die gerade die Eier der letzten Paarung ausbr\u00fcten. Wie die Kieferfische sind sie Maulbr\u00fcter.&nbsp; Kardinalbarsche jagen in der D\u00e4mmerung und nachts nach Plankton. In der Regel sind sie maximal 10 cm gro\u00df und man findet sie tags\u00fcber in den Riffspalten. Zwei &hellip; <\/p>\n<p class=\"link-more\"><a href=\"https:\/\/alles-ueber-riffe.de\/?page_id=1348\" class=\"more-link\"><span class=\"screen-reader-text\">\u201eAlles \u00fcber Kardinalbarsche\u201c<\/span> weiterlesen<\/a><\/p>\n","protected":false},"author":1,"featured_media":0,"parent":0,"menu_order":0,"comment_status":"closed","ping_status":"closed","template":"","meta":{"footnotes":""},"class_list":["post-1348","page","type-page","status-publish","hentry"],"_links":{"self":[{"href":"https:\/\/alles-ueber-riffe.de\/index.php?rest_route=\/wp\/v2\/pages\/1348","targetHints":{"allow":["GET"]}}],"collection":[{"href":"https:\/\/alles-ueber-riffe.de\/index.php?rest_route=\/wp\/v2\/pages"}],"about":[{"href":"https:\/\/alles-ueber-riffe.de\/index.php?rest_route=\/wp\/v2\/types\/page"}],"author":[{"embeddable":true,"href":"https:\/\/alles-ueber-riffe.de\/index.php?rest_route=\/wp\/v2\/users\/1"}],"replies":[{"embeddable":true,"href":"https:\/\/alles-ueber-riffe.de\/index.php?rest_route=%2Fwp%2Fv2%2Fcomments&post=1348"}],"version-history":[{"count":1,"href":"https:\/\/alles-ueber-riffe.de\/index.php?rest_route=\/wp\/v2\/pages\/1348\/revisions"}],"predecessor-version":[{"id":1349,"href":"https:\/\/alles-ueber-riffe.de\/index.php?rest_route=\/wp\/v2\/pages\/1348\/revisions\/1349"}],"wp:attachment":[{"href":"https:\/\/alles-ueber-riffe.de\/index.php?rest_route=%2Fwp%2Fv2%2Fmedia&parent=1348"}],"curies":[{"name":"wp","href":"https:\/\/api.w.org\/{rel}","templated":true}]}}