{"id":1344,"date":"2024-10-29T13:41:32","date_gmt":"2024-10-29T13:41:32","guid":{"rendered":"https:\/\/alles-ueber-riffe.de\/?page_id=1344"},"modified":"2024-10-29T13:41:32","modified_gmt":"2024-10-29T13:41:32","slug":"alles-ueber-kaiserfische","status":"publish","type":"page","link":"https:\/\/alles-ueber-riffe.de\/?page_id=1344","title":{"rendered":"Alles \u00fcber Kaiserfische"},"content":{"rendered":"\n<p>Kaiserfische sind prachtvolle Fische. Schon von weitem fallen sie im Riff sofort auf. Das gilt auch f\u00fcr Artgenossen, die&nbsp;somit gleich erkennen<em>&nbsp;<\/em>k\u00f6nnen, wer ein Revier besetzt hat. Ein Kaiserfisch- Revier kann<em>&nbsp;<\/em>bis zu 1000 qm gro\u00df sein. Wie bei territorialen Fischen oft \u00fcblich, besitzen die juvenilen Fische eine ganz andere F\u00e4rbung, damit es im Revier nicht zu Konflikten mit den Adulten&nbsp;kommt.&nbsp;Geschlechtsreife Tiere sind zun\u00e4chst Weibchen und wandeln sich sp\u00e4ter, wenn es biologisch&nbsp;notwendig&nbsp;sein sollte, in M\u00e4nnchen um. Der biologische Fachausdruck hierf\u00fcr heisst: Proterogyne Zwitter.<\/p>\n\n\n\n<p>Kaiserfische kann man auf den ersten Blick leicht mit Falterfischen verwechseln. Deshalb ordneten fr\u00fcher Biologen Kaiserfische auch der Familie der Falterfische zu. Heute bilden sie eine eigene Familie.<\/p>\n\n\n\n<p>Kaiserfische besitzen ein eindeutiges Merkmal, mit dem man sie zu 100% erkennen kann: Am unteren Kiemendeckel befindet sich eine Art Stachel. Kaiserfische leben nur in tropischen Meeren und vorwiegend im flachen Bereich mit Korallenbewuchs.<\/p>\n\n\n\n<p>Ca. 88 Arten in 8 Gattungen sind beschrieben.<\/p>\n\n\n\n<p>Kaiserfische leben in den tropischen Bereichen aller Ozeane, die meisten im Indopazifik.<\/p>\n","protected":false},"excerpt":{"rendered":"<p>Kaiserfische sind prachtvolle Fische. Schon von weitem fallen sie im Riff sofort auf. Das gilt auch f\u00fcr Artgenossen, die&nbsp;somit gleich erkennen&nbsp;k\u00f6nnen, wer ein Revier besetzt hat. Ein Kaiserfisch- Revier kann&nbsp;bis zu 1000 qm gro\u00df sein. Wie bei territorialen Fischen oft \u00fcblich, besitzen die juvenilen Fische eine ganz andere F\u00e4rbung, damit es im Revier nicht zu &hellip; <\/p>\n<p class=\"link-more\"><a href=\"https:\/\/alles-ueber-riffe.de\/?page_id=1344\" class=\"more-link\"><span class=\"screen-reader-text\">\u201eAlles \u00fcber Kaiserfische\u201c<\/span> weiterlesen<\/a><\/p>\n","protected":false},"author":1,"featured_media":0,"parent":0,"menu_order":0,"comment_status":"closed","ping_status":"closed","template":"","meta":{"footnotes":""},"class_list":["post-1344","page","type-page","status-publish","hentry"],"_links":{"self":[{"href":"https:\/\/alles-ueber-riffe.de\/index.php?rest_route=\/wp\/v2\/pages\/1344","targetHints":{"allow":["GET"]}}],"collection":[{"href":"https:\/\/alles-ueber-riffe.de\/index.php?rest_route=\/wp\/v2\/pages"}],"about":[{"href":"https:\/\/alles-ueber-riffe.de\/index.php?rest_route=\/wp\/v2\/types\/page"}],"author":[{"embeddable":true,"href":"https:\/\/alles-ueber-riffe.de\/index.php?rest_route=\/wp\/v2\/users\/1"}],"replies":[{"embeddable":true,"href":"https:\/\/alles-ueber-riffe.de\/index.php?rest_route=%2Fwp%2Fv2%2Fcomments&post=1344"}],"version-history":[{"count":1,"href":"https:\/\/alles-ueber-riffe.de\/index.php?rest_route=\/wp\/v2\/pages\/1344\/revisions"}],"predecessor-version":[{"id":1345,"href":"https:\/\/alles-ueber-riffe.de\/index.php?rest_route=\/wp\/v2\/pages\/1344\/revisions\/1345"}],"wp:attachment":[{"href":"https:\/\/alles-ueber-riffe.de\/index.php?rest_route=%2Fwp%2Fv2%2Fmedia&parent=1344"}],"curies":[{"name":"wp","href":"https:\/\/api.w.org\/{rel}","templated":true}]}}