{"id":1340,"date":"2024-10-29T13:40:42","date_gmt":"2024-10-29T13:40:42","guid":{"rendered":"https:\/\/alles-ueber-riffe.de\/?page_id=1340"},"modified":"2024-10-29T13:40:42","modified_gmt":"2024-10-29T13:40:42","slug":"alles-ueber-husaren-und-soldatenfische","status":"publish","type":"page","link":"https:\/\/alles-ueber-riffe.de\/?page_id=1340","title":{"rendered":"Alles \u00fcber Husaren- und Soldatenfische"},"content":{"rendered":"\n<p>Husaren- und Soldatenfische verwechselt man leicht mit Gro\u00dfaugenbarschen. Auch halten sie sich tags\u00fcber im gleichen Lebensraum wie H\u00f6hlen und dunklen Riffspalten auf und sind nachtaktiv. Husarenfische erkennt man am Besten an der spitzen Kopfform und dem Stachel an den Kiemendeckeln. Dieser Stachel enth\u00e4lt ein Gift, dass auch f\u00fcr Menschen sehr schmerzhaft ist. Die meisten Husarenfische sind r\u00f6tlich gef\u00e4rbt und zwischen 20 und 60 cm gro\u00df. Als sehr territoriale Fische leben sie als Einzelg\u00e4nger. Sie jagen nachts Wirbellose und Fische.<\/p>\n\n\n\n<p>Soldatenfische dagegen sind Planktonfresser. Die nachtaktiven Fische verstecken sich tags\u00fcber in Gruppen in H\u00f6hlen und Riffspalten. Von den Husarenfischen unterscheiden sie sich durch ihren rundlicheren Kopf. Der Stachel an den Kiemen fehlt ihnen.<\/p>\n\n\n\n<p>Ca. 83 Arten in acht Gattungen sind beschrieben.<\/p>\n\n\n\n<p>Sie leben in den subtropischen und tropischen Bereichen aller Ozeane.<\/p>\n","protected":false},"excerpt":{"rendered":"<p>Husaren- und Soldatenfische verwechselt man leicht mit Gro\u00dfaugenbarschen. Auch halten sie sich tags\u00fcber im gleichen Lebensraum wie H\u00f6hlen und dunklen Riffspalten auf und sind nachtaktiv. Husarenfische erkennt man am Besten an der spitzen Kopfform und dem Stachel an den Kiemendeckeln. Dieser Stachel enth\u00e4lt ein Gift, dass auch f\u00fcr Menschen sehr schmerzhaft ist. Die meisten Husarenfische &hellip; <\/p>\n<p class=\"link-more\"><a href=\"https:\/\/alles-ueber-riffe.de\/?page_id=1340\" class=\"more-link\"><span class=\"screen-reader-text\">\u201eAlles \u00fcber Husaren- und Soldatenfische\u201c<\/span> weiterlesen<\/a><\/p>\n","protected":false},"author":1,"featured_media":0,"parent":0,"menu_order":0,"comment_status":"closed","ping_status":"closed","template":"","meta":{"footnotes":""},"class_list":["post-1340","page","type-page","status-publish","hentry"],"_links":{"self":[{"href":"https:\/\/alles-ueber-riffe.de\/index.php?rest_route=\/wp\/v2\/pages\/1340","targetHints":{"allow":["GET"]}}],"collection":[{"href":"https:\/\/alles-ueber-riffe.de\/index.php?rest_route=\/wp\/v2\/pages"}],"about":[{"href":"https:\/\/alles-ueber-riffe.de\/index.php?rest_route=\/wp\/v2\/types\/page"}],"author":[{"embeddable":true,"href":"https:\/\/alles-ueber-riffe.de\/index.php?rest_route=\/wp\/v2\/users\/1"}],"replies":[{"embeddable":true,"href":"https:\/\/alles-ueber-riffe.de\/index.php?rest_route=%2Fwp%2Fv2%2Fcomments&post=1340"}],"version-history":[{"count":1,"href":"https:\/\/alles-ueber-riffe.de\/index.php?rest_route=\/wp\/v2\/pages\/1340\/revisions"}],"predecessor-version":[{"id":1341,"href":"https:\/\/alles-ueber-riffe.de\/index.php?rest_route=\/wp\/v2\/pages\/1340\/revisions\/1341"}],"wp:attachment":[{"href":"https:\/\/alles-ueber-riffe.de\/index.php?rest_route=%2Fwp%2Fv2%2Fmedia&parent=1340"}],"curies":[{"name":"wp","href":"https:\/\/api.w.org\/{rel}","templated":true}]}}