{"id":1338,"date":"2024-10-29T13:40:07","date_gmt":"2024-10-29T13:40:07","guid":{"rendered":"https:\/\/alles-ueber-riffe.de\/?page_id=1338"},"modified":"2024-10-29T13:40:07","modified_gmt":"2024-10-29T13:40:07","slug":"alles-ueber-hornhechte","status":"publish","type":"page","link":"https:\/\/alles-ueber-riffe.de\/?page_id=1338","title":{"rendered":"Alles \u00fcber Hornhechte"},"content":{"rendered":"\n<p>Hornhechte tragen zum Schutz ihrer Augen eine Art Sonnenbrille,&nbsp;denn als Oberfl\u00e4chenfische sind sie in subtropischen und tropischen Gebieten starker Sonneneinstrahlung ausgesetzt. Ein Irislappen im oberen Teil des Auges verhindert das direkte Eindringen von Sonnenlicht.<\/p>\n\n\n\n<p>Hornhechte sind, \u00e4hnlich wie Fl\u00f6tenfische, lange, schmale Raubfische. Doch ihr Maul ist komplett anders gebaut. Es besteht aus einem langen Unter- und Oberkiefer, der fast 20 % der K\u00f6rperl\u00e4nge ausmachen kann. Die spitzen und zahlreichen Z\u00e4hne verraten den Raubfisch. Hornhechte sind schnelle Schwimmer und aktive J\u00e4ger. Im Eifer des Gefechts springen sie dabei auch ab und zu aus dem Wasser. Zur Fortpflanzung heften sie ihre Eier an alles, was so im Meer herumtreibt: Seetang, Boote, Holz, etc. Entsprechend erfolgreich konnten sie sich verbreiten.&nbsp;<\/p>\n\n\n\n<p>47 Arten in 10 Gattungen sind beschrieben.<\/p>\n\n\n\n<p>Hornhechte leben in den kalten, gem\u00e4\u00dfigten und tropischen Bereichen aller Ozeane. Nur in der Arktis kommen sie nicht vor.<\/p>\n","protected":false},"excerpt":{"rendered":"<p>Hornhechte tragen zum Schutz ihrer Augen eine Art Sonnenbrille,&nbsp;denn als Oberfl\u00e4chenfische sind sie in subtropischen und tropischen Gebieten starker Sonneneinstrahlung ausgesetzt. Ein Irislappen im oberen Teil des Auges verhindert das direkte Eindringen von Sonnenlicht. Hornhechte sind, \u00e4hnlich wie Fl\u00f6tenfische, lange, schmale Raubfische. Doch ihr Maul ist komplett anders gebaut. Es besteht aus einem langen Unter- &hellip; <\/p>\n<p class=\"link-more\"><a href=\"https:\/\/alles-ueber-riffe.de\/?page_id=1338\" class=\"more-link\"><span class=\"screen-reader-text\">\u201eAlles \u00fcber Hornhechte\u201c<\/span> weiterlesen<\/a><\/p>\n","protected":false},"author":1,"featured_media":0,"parent":0,"menu_order":0,"comment_status":"closed","ping_status":"closed","template":"","meta":{"footnotes":""},"class_list":["post-1338","page","type-page","status-publish","hentry"],"_links":{"self":[{"href":"https:\/\/alles-ueber-riffe.de\/index.php?rest_route=\/wp\/v2\/pages\/1338","targetHints":{"allow":["GET"]}}],"collection":[{"href":"https:\/\/alles-ueber-riffe.de\/index.php?rest_route=\/wp\/v2\/pages"}],"about":[{"href":"https:\/\/alles-ueber-riffe.de\/index.php?rest_route=\/wp\/v2\/types\/page"}],"author":[{"embeddable":true,"href":"https:\/\/alles-ueber-riffe.de\/index.php?rest_route=\/wp\/v2\/users\/1"}],"replies":[{"embeddable":true,"href":"https:\/\/alles-ueber-riffe.de\/index.php?rest_route=%2Fwp%2Fv2%2Fcomments&post=1338"}],"version-history":[{"count":1,"href":"https:\/\/alles-ueber-riffe.de\/index.php?rest_route=\/wp\/v2\/pages\/1338\/revisions"}],"predecessor-version":[{"id":1339,"href":"https:\/\/alles-ueber-riffe.de\/index.php?rest_route=\/wp\/v2\/pages\/1338\/revisions\/1339"}],"wp:attachment":[{"href":"https:\/\/alles-ueber-riffe.de\/index.php?rest_route=%2Fwp%2Fv2%2Fmedia&parent=1338"}],"curies":[{"name":"wp","href":"https:\/\/api.w.org\/{rel}","templated":true}]}}